{"id":9766,"date":"2023-06-27T16:17:05","date_gmt":"2023-06-27T13:17:05","guid":{"rendered":"https:\/\/ramunes.lt\/produktas\/%d0%b1%d1%83%d0%ba%d0%b5%d1%82-%d0%b8%d0%b7-%d0%ba%d0%be%d1%80%d0%b0%d0%bb%d0%bb%d0%be%d0%b2%d1%8b%d1%85-%d1%80%d0%be%d0%b7-%d0%b8-%d0%b3%d0%be%d0%bb%d1%83%d0%b1%d1%8b%d1%85-%d1%82%d0%b2%d0%b8%d0%b4\/"},"modified":"2024-03-05T13:29:28","modified_gmt":"2024-03-05T10:29:28","slug":"%d0%b1%d1%83%d0%ba%d0%b5%d1%82-%d0%b8%d0%b7-%d0%ba%d0%be%d1%80%d0%b0%d0%bb%d0%bb%d0%be%d0%b2%d1%8b%d1%85-%d1%80%d0%be%d0%b7-%d0%b8-%d0%b3%d0%be%d0%bb%d1%83%d0%b1%d1%8b%d1%85-%d1%82%d0%b2%d0%b8%d0%b4","status":"publish","type":"product","link":"https:\/\/www.ramunes.lt\/ru\/\u043f\u0440\u043e\u0434\u0443\u043a\u0442\/%d0%b1%d1%83%d0%ba%d0%b5%d1%82-%d0%b8%d0%b7-%d0%ba%d0%be%d1%80%d0%b0%d0%bb%d0%bb%d0%be%d0%b2%d1%8b%d1%85-%d1%80%d0%be%d0%b7-%d0%b8-%d0%b3%d0%be%d0%bb%d1%83%d0%b1%d1%8b%d1%85-%d1%82%d0%b2%d0%b8%d0%b4\/","title":{"rendered":"\u0411\u0443\u043a\u0435\u0442 \u0438\u0437 \u043a\u043e\u0440\u0430\u043b\u043b\u043e\u0432\u044b\u0445 \u0440\u043e\u0437 \u0438 \u0433\u043e\u043b\u0443\u0431\u044b\u0445 \u0442\u0432\u0438\u0434\u0438\u0439"},"content":{"rendered":"<p id=\"tw-target-text\" class=\"tw-data-text tw-text-large tw-ta\" dir=\"ltr\" data-placeholder=\"Translation\"><span class=\"Y2IQFc\" lang=\"ru\">\u0411\u0443\u043a\u0435\u0442 \u0438\u0437 \u043a\u043e\u0440\u0430\u043b\u043b\u043e\u0432\u044b\u0445 \u0440\u043e\u0437 \u0438 \u0433\u043e\u043b\u0443\u0431\u044b\u0445 \u0442\u0432\u0438\u0434\u0438\u0439 \u2013 \u0432\u044b\u0433\u043b\u044f\u0434\u0438\u0442 \u0432\u0435\u0441\u0435\u043d\u043d\u0438\u043c \u0438 \u043e\u0447\u0435\u043d\u044c \u0438\u0433\u0440\u0438\u0432\u044b\u043c. \u041a\u0430\u0436\u0434\u0430\u044f \u0434\u0435\u0432\u0443\u0448\u043a\u0430 \u0431\u0443\u0434\u0435\u0442 \u0440\u0430\u0434\u0430 \u043f\u043e\u043b\u0443\u0447\u0438\u0442\u044c \u044d\u0442\u043e\u0442 \u0441\u0432\u0435\u0436\u0438\u0439 \u0431\u0443\u043a\u0435\u0442 \u0440\u0430\u0437\u043d\u043e\u0446\u0432\u0435\u0442\u043d\u044b\u0445 \u0446\u0432\u0435\u0442\u043e\u0432. \u041e\u0442\u043b\u0438\u0447\u043d\u043e\u0435 \u043d\u0430\u0441\u0442\u0440\u043e\u0435\u043d\u0438\u0435 \u043f\u043e\u043b\u0443\u0447\u0430\u0442\u0435\u043b\u044e \u0433\u0430\u0440\u0430\u043d\u0442\u0438\u0440\u0443\u0435\u043c!<\/span><\/p>\n","protected":false},"excerpt":{"rendered":"<p>\u0411\u0443\u043a\u0435\u0442 \u0438\u0437 \u043a\u043e\u0440\u0430\u043b\u043b\u043e\u0432\u044b\u0445 \u0440\u043e\u0437 \u0438 \u0433\u043e\u043b\u0443\u0431\u044b\u0445 \u0442\u0432\u0438\u0434\u0438\u0439 \u2013 \u0432\u044b\u0433\u043b\u044f\u0434\u0438\u0442 \u0432\u0435\u0441\u0435\u043d\u043d\u0438\u043c \u0438 \u043e\u0447\u0435\u043d\u044c \u0438\u0433\u0440\u0438\u0432\u044b\u043c. \u041a\u0430\u0436\u0434\u0430\u044f \u0434\u0435\u0432\u0443\u0448\u043a\u0430 \u0431\u0443\u0434\u0435\u0442 \u0440\u0430\u0434\u0430 \u043f\u043e\u043b\u0443\u0447\u0438\u0442\u044c \u044d\u0442\u043e\u0442 \u0441\u0432\u0435\u0436\u0438\u0439 \u0431\u0443\u043a\u0435\u0442 \u0440\u0430\u0437\u043d\u043e\u0446\u0432\u0435\u0442\u043d\u044b\u0445 \u0446\u0432\u0435\u0442\u043e\u0432. \u041e\u0442\u043b\u0438\u0447\u043d\u043e\u0435 \u043d\u0430\u0441\u0442\u0440\u043e\u0435\u043d\u0438\u0435 \u043f\u043e\u043b\u0443\u0447\u0430\u0442\u0435\u043b\u044e \u0433\u0430\u0440\u0430\u043d\u0442\u0438\u0440\u0443\u0435\u043c!<\/p>\n","protected":false},"featured_media":9740,"template":"","meta":[],"product_brand":[],"product_cat":[149,150,139],"product_tag":[],"class_list":{"0":"post-9766","1":"product","2":"type-product","3":"status-publish","4":"has-post-thumbnail","6":"product_cat-149","7":"product_cat-150","8":"product_cat-139","9":"tm-has-styled-variations","10":"tm-has-options","11":"mk-info-sticky","13":"first","14":"outofstock","15":"taxable","16":"shipping-taxable","17":"purchasable","18":"product-type-variable"},"yoast_head":"<!-- This site is optimized with the Yoast SEO plugin v24.7 - https:\/\/yoast.com\/wordpress\/plugins\/seo\/ -->\n<title>\u0411\u0443\u043a\u0435\u0442 \u0438\u0437 \u043a\u043e\u0440\u0430\u043b\u043b\u043e\u0432\u044b\u0445 \u0440\u043e\u0437 \u0438 \u0433\u043e\u043b\u0443\u0431\u044b\u0445 \u0442\u0432\u0438\u0434\u0438\u0439 | ramunes.lt - G\u0117l\u0117s Vilniuje<\/title>\n<meta name=\"description\" content=\"\u042f\u0440\u043a\u0438\u0439 \u0431\u0443\u043a\u0435\u0442 \u0438\u0437 \u0438\u0434\u0435\u0430\u043b\u044c\u043d\u043e \u043f\u043e\u0434\u043e\u0431\u0440\u0430\u043d\u043d\u044b\u0445 \u0440\u0430\u0437\u043d\u043e\u0446\u0432\u0435\u0442\u043d\u044b\u0445 \u0446\u0432\u0435\u0442\u043e\u0432 \u0438\u0437\u043b\u0443\u0447\u0430\u0435\u0442 \u0442\u0435\u043f\u043b\u043e, \u0441\u0432\u0435\u0436\u0435\u0441\u0442\u044c \u0438 \u0438\u0433\u0440\u0438\u0432\u043e\u0441\u0442\u044c. \u0417\u0430\u043a\u0430\u0437\u044b\u0432\u0430\u0439\u0442\u0435 \u0441\u0435\u0439\u0447\u0430\u0441.\" \/>\n<meta name=\"robots\" content=\"noindex, follow, max-snippet:-1, max-image-preview:large, max-video-preview:-1\" \/>\n<meta property=\"og:locale\" content=\"ru_RU\" \/>\n<meta property=\"og:type\" content=\"article\" \/>\n<meta property=\"og:title\" content=\"\u0411\u0443\u043a\u0435\u0442 \u0438\u0437 \u043a\u043e\u0440\u0430\u043b\u043b\u043e\u0432\u044b\u0445 \u0440\u043e\u0437 \u0438 \u0433\u043e\u043b\u0443\u0431\u044b\u0445 \u0442\u0432\u0438\u0434\u0438\u0439 | ramunes.lt - G\u0117l\u0117s Vilniuje\" \/>\n<meta property=\"og:description\" content=\"\u042f\u0440\u043a\u0438\u0439 \u0431\u0443\u043a\u0435\u0442 \u0438\u0437 \u0438\u0434\u0435\u0430\u043b\u044c\u043d\u043e \u043f\u043e\u0434\u043e\u0431\u0440\u0430\u043d\u043d\u044b\u0445 \u0440\u0430\u0437\u043d\u043e\u0446\u0432\u0435\u0442\u043d\u044b\u0445 \u0446\u0432\u0435\u0442\u043e\u0432 \u0438\u0437\u043b\u0443\u0447\u0430\u0435\u0442 \u0442\u0435\u043f\u043b\u043e, \u0441\u0432\u0435\u0436\u0435\u0441\u0442\u044c \u0438 \u0438\u0433\u0440\u0438\u0432\u043e\u0441\u0442\u044c. \u0417\u0430\u043a\u0430\u0437\u044b\u0432\u0430\u0439\u0442\u0435 \u0441\u0435\u0439\u0447\u0430\u0441.\" \/>\n<meta property=\"og:url\" content=\"https:\/\/www.ramunes.lt\/ru\/\u043f\u0440\u043e\u0434\u0443\u043a\u0442\/%d0%b1%d1%83%d0%ba%d0%b5%d1%82-%d0%b8%d0%b7-%d0%ba%d0%be%d1%80%d0%b0%d0%bb%d0%bb%d0%be%d0%b2%d1%8b%d1%85-%d1%80%d0%be%d0%b7-%d0%b8-%d0%b3%d0%be%d0%bb%d1%83%d0%b1%d1%8b%d1%85-%d1%82%d0%b2%d0%b8%d0%b4\/\" \/>\n<meta property=\"og:site_name\" content=\"Ramunes.lt- G\u0117li\u0173 pristatymas Vilniuje\" \/>\n<meta property=\"article:modified_time\" content=\"2024-03-05T10:29:28+00:00\" \/>\n<meta property=\"og:image\" content=\"https:\/\/www.ramunes.lt\/wp-content\/uploads\/2023\/06\/koralines-rozes-su-tvidijom-e1687871817183.jpg\" \/>\n\t<meta property=\"og:image:width\" content=\"600\" \/>\n\t<meta property=\"og:image:height\" content=\"600\" \/>\n\t<meta property=\"og:image:type\" content=\"image\/jpeg\" \/>\n<meta name=\"twitter:card\" content=\"summary_large_image\" \/>\n<script type=\"application\/ld+json\" class=\"yoast-schema-graph\">{\"@context\":\"https:\/\/schema.org\",\"@graph\":[{\"@type\":\"WebPage\",\"@id\":\"https:\/\/www.ramunes.lt\/ru\/\u043f\u0440\u043e\u0434\u0443\u043a\u0442\/%d0%b1%d1%83%d0%ba%d0%b5%d1%82-%d0%b8%d0%b7-%d0%ba%d0%be%d1%80%d0%b0%d0%bb%d0%bb%d0%be%d0%b2%d1%8b%d1%85-%d1%80%d0%be%d0%b7-%d0%b8-%d0%b3%d0%be%d0%bb%d1%83%d0%b1%d1%8b%d1%85-%d1%82%d0%b2%d0%b8%d0%b4\/\",\"url\":\"https:\/\/www.ramunes.lt\/ru\/\u043f\u0440\u043e\u0434\u0443\u043a\u0442\/%d0%b1%d1%83%d0%ba%d0%b5%d1%82-%d0%b8%d0%b7-%d0%ba%d0%be%d1%80%d0%b0%d0%bb%d0%bb%d0%be%d0%b2%d1%8b%d1%85-%d1%80%d0%be%d0%b7-%d0%b8-%d0%b3%d0%be%d0%bb%d1%83%d0%b1%d1%8b%d1%85-%d1%82%d0%b2%d0%b8%d0%b4\/\",\"name\":\"\u0411\u0443\u043a\u0435\u0442 \u0438\u0437 \u043a\u043e\u0440\u0430\u043b\u043b\u043e\u0432\u044b\u0445 \u0440\u043e\u0437 \u0438 \u0433\u043e\u043b\u0443\u0431\u044b\u0445 \u0442\u0432\u0438\u0434\u0438\u0439 | ramunes.lt - G\u0117l\u0117s Vilniuje\",\"isPartOf\":{\"@id\":\"https:\/\/www.ramunes.lt\/ru\/#website\"},\"primaryImageOfPage\":{\"@id\":\"https:\/\/www.ramunes.lt\/ru\/\u043f\u0440\u043e\u0434\u0443\u043a\u0442\/%d0%b1%d1%83%d0%ba%d0%b5%d1%82-%d0%b8%d0%b7-%d0%ba%d0%be%d1%80%d0%b0%d0%bb%d0%bb%d0%be%d0%b2%d1%8b%d1%85-%d1%80%d0%be%d0%b7-%d0%b8-%d0%b3%d0%be%d0%bb%d1%83%d0%b1%d1%8b%d1%85-%d1%82%d0%b2%d0%b8%d0%b4\/#primaryimage\"},\"image\":{\"@id\":\"https:\/\/www.ramunes.lt\/ru\/\u043f\u0440\u043e\u0434\u0443\u043a\u0442\/%d0%b1%d1%83%d0%ba%d0%b5%d1%82-%d0%b8%d0%b7-%d0%ba%d0%be%d1%80%d0%b0%d0%bb%d0%bb%d0%be%d0%b2%d1%8b%d1%85-%d1%80%d0%be%d0%b7-%d0%b8-%d0%b3%d0%be%d0%bb%d1%83%d0%b1%d1%8b%d1%85-%d1%82%d0%b2%d0%b8%d0%b4\/#primaryimage\"},\"thumbnailUrl\":\"https:\/\/www.ramunes.lt\/wp-content\/uploads\/2023\/06\/koralines-rozes-su-tvidijom-e1687871817183.jpg\",\"datePublished\":\"2023-06-27T13:17:05+00:00\",\"dateModified\":\"2024-03-05T10:29:28+00:00\",\"description\":\"\u042f\u0440\u043a\u0438\u0439 \u0431\u0443\u043a\u0435\u0442 \u0438\u0437 \u0438\u0434\u0435\u0430\u043b\u044c\u043d\u043e \u043f\u043e\u0434\u043e\u0431\u0440\u0430\u043d\u043d\u044b\u0445 \u0440\u0430\u0437\u043d\u043e\u0446\u0432\u0435\u0442\u043d\u044b\u0445 \u0446\u0432\u0435\u0442\u043e\u0432 \u0438\u0437\u043b\u0443\u0447\u0430\u0435\u0442 \u0442\u0435\u043f\u043b\u043e, \u0441\u0432\u0435\u0436\u0435\u0441\u0442\u044c \u0438 \u0438\u0433\u0440\u0438\u0432\u043e\u0441\u0442\u044c. \u0417\u0430\u043a\u0430\u0437\u044b\u0432\u0430\u0439\u0442\u0435 \u0441\u0435\u0439\u0447\u0430\u0441.\",\"breadcrumb\":{\"@id\":\"https:\/\/www.ramunes.lt\/ru\/\u043f\u0440\u043e\u0434\u0443\u043a\u0442\/%d0%b1%d1%83%d0%ba%d0%b5%d1%82-%d0%b8%d0%b7-%d0%ba%d0%be%d1%80%d0%b0%d0%bb%d0%bb%d0%be%d0%b2%d1%8b%d1%85-%d1%80%d0%be%d0%b7-%d0%b8-%d0%b3%d0%be%d0%bb%d1%83%d0%b1%d1%8b%d1%85-%d1%82%d0%b2%d0%b8%d0%b4\/#breadcrumb\"},\"inLanguage\":\"ru-RU\",\"potentialAction\":[{\"@type\":\"ReadAction\",\"target\":[\"https:\/\/www.ramunes.lt\/ru\/\u043f\u0440\u043e\u0434\u0443\u043a\u0442\/%d0%b1%d1%83%d0%ba%d0%b5%d1%82-%d0%b8%d0%b7-%d0%ba%d0%be%d1%80%d0%b0%d0%bb%d0%bb%d0%be%d0%b2%d1%8b%d1%85-%d1%80%d0%be%d0%b7-%d0%b8-%d0%b3%d0%be%d0%bb%d1%83%d0%b1%d1%8b%d1%85-%d1%82%d0%b2%d0%b8%d0%b4\/\"]}]},{\"@type\":\"ImageObject\",\"inLanguage\":\"ru-RU\",\"@id\":\"https:\/\/www.ramunes.lt\/ru\/\u043f\u0440\u043e\u0434\u0443\u043a\u0442\/%d0%b1%d1%83%d0%ba%d0%b5%d1%82-%d0%b8%d0%b7-%d0%ba%d0%be%d1%80%d0%b0%d0%bb%d0%bb%d0%be%d0%b2%d1%8b%d1%85-%d1%80%d0%be%d0%b7-%d0%b8-%d0%b3%d0%be%d0%bb%d1%83%d0%b1%d1%8b%d1%85-%d1%82%d0%b2%d0%b8%d0%b4\/#primaryimage\",\"url\":\"https:\/\/www.ramunes.lt\/wp-content\/uploads\/2023\/06\/koralines-rozes-su-tvidijom-e1687871817183.jpg\",\"contentUrl\":\"https:\/\/www.ramunes.lt\/wp-content\/uploads\/2023\/06\/koralines-rozes-su-tvidijom-e1687871817183.jpg\",\"width\":600,\"height\":600,\"caption\":\"Koralini\u0173 ro\u017ei\u0173 ir \u017eydr\u0173 tvidij\u0173 puok\u0161t\u0117\"},{\"@type\":\"BreadcrumbList\",\"@id\":\"https:\/\/www.ramunes.lt\/ru\/\u043f\u0440\u043e\u0434\u0443\u043a\u0442\/%d0%b1%d1%83%d0%ba%d0%b5%d1%82-%d0%b8%d0%b7-%d0%ba%d0%be%d1%80%d0%b0%d0%bb%d0%bb%d0%be%d0%b2%d1%8b%d1%85-%d1%80%d0%be%d0%b7-%d0%b8-%d0%b3%d0%be%d0%bb%d1%83%d0%b1%d1%8b%d1%85-%d1%82%d0%b2%d0%b8%d0%b4\/#breadcrumb\",\"itemListElement\":[{\"@type\":\"ListItem\",\"position\":1,\"name\":\"Home\",\"item\":\"https:\/\/www.ramunes.lt\/ru\/\"},{\"@type\":\"ListItem\",\"position\":2,\"name\":\"\u0414\u043e\u0441\u0442\u0430\u0432\u043a\u0430 \u0446\u0432\u0435\u0442\u043e\u0432 \u0432 \u0412\u0438\u043b\u044c\u043d\u044e\u0441\u0435\",\"item\":\"https:\/\/www.ramunes.lt\/ru\/\"},{\"@type\":\"ListItem\",\"position\":3,\"name\":\"\u0411\u0443\u043a\u0435\u0442 \u0438\u0437 \u043a\u043e\u0440\u0430\u043b\u043b\u043e\u0432\u044b\u0445 \u0440\u043e\u0437 \u0438 \u0433\u043e\u043b\u0443\u0431\u044b\u0445 \u0442\u0432\u0438\u0434\u0438\u0439\"}]},{\"@type\":\"WebSite\",\"@id\":\"https:\/\/www.ramunes.lt\/ru\/#website\",\"url\":\"https:\/\/www.ramunes.lt\/ru\/\",\"name\":\"Ramunes.lt- G\u0117li\u0173 pristatymas Vilniuje\",\"description\":\"\",\"potentialAction\":[{\"@type\":\"SearchAction\",\"target\":{\"@type\":\"EntryPoint\",\"urlTemplate\":\"https:\/\/www.ramunes.lt\/ru\/?s={search_term_string}\"},\"query-input\":{\"@type\":\"PropertyValueSpecification\",\"valueRequired\":true,\"valueName\":\"search_term_string\"}}],\"inLanguage\":\"ru-RU\"}]}<\/script>\n<!-- \/ Yoast SEO plugin. -->","yoast_head_json":{"title":"\u0411\u0443\u043a\u0435\u0442 \u0438\u0437 \u043a\u043e\u0440\u0430\u043b\u043b\u043e\u0432\u044b\u0445 \u0440\u043e\u0437 \u0438 \u0433\u043e\u043b\u0443\u0431\u044b\u0445 \u0442\u0432\u0438\u0434\u0438\u0439 | ramunes.lt - G\u0117l\u0117s Vilniuje","description":"\u042f\u0440\u043a\u0438\u0439 \u0431\u0443\u043a\u0435\u0442 \u0438\u0437 \u0438\u0434\u0435\u0430\u043b\u044c\u043d\u043e \u043f\u043e\u0434\u043e\u0431\u0440\u0430\u043d\u043d\u044b\u0445 \u0440\u0430\u0437\u043d\u043e\u0446\u0432\u0435\u0442\u043d\u044b\u0445 \u0446\u0432\u0435\u0442\u043e\u0432 \u0438\u0437\u043b\u0443\u0447\u0430\u0435\u0442 \u0442\u0435\u043f\u043b\u043e, \u0441\u0432\u0435\u0436\u0435\u0441\u0442\u044c \u0438 \u0438\u0433\u0440\u0438\u0432\u043e\u0441\u0442\u044c. \u0417\u0430\u043a\u0430\u0437\u044b\u0432\u0430\u0439\u0442\u0435 \u0441\u0435\u0439\u0447\u0430\u0441.","robots":{"index":"noindex","follow":"follow","max-snippet":"max-snippet:-1","max-image-preview":"max-image-preview:large","max-video-preview":"max-video-preview:-1"},"og_locale":"ru_RU","og_type":"article","og_title":"\u0411\u0443\u043a\u0435\u0442 \u0438\u0437 \u043a\u043e\u0440\u0430\u043b\u043b\u043e\u0432\u044b\u0445 \u0440\u043e\u0437 \u0438 \u0433\u043e\u043b\u0443\u0431\u044b\u0445 \u0442\u0432\u0438\u0434\u0438\u0439 | ramunes.lt - G\u0117l\u0117s Vilniuje","og_description":"\u042f\u0440\u043a\u0438\u0439 \u0431\u0443\u043a\u0435\u0442 \u0438\u0437 \u0438\u0434\u0435\u0430\u043b\u044c\u043d\u043e \u043f\u043e\u0434\u043e\u0431\u0440\u0430\u043d\u043d\u044b\u0445 \u0440\u0430\u0437\u043d\u043e\u0446\u0432\u0435\u0442\u043d\u044b\u0445 \u0446\u0432\u0435\u0442\u043e\u0432 \u0438\u0437\u043b\u0443\u0447\u0430\u0435\u0442 \u0442\u0435\u043f\u043b\u043e, \u0441\u0432\u0435\u0436\u0435\u0441\u0442\u044c \u0438 \u0438\u0433\u0440\u0438\u0432\u043e\u0441\u0442\u044c. \u0417\u0430\u043a\u0430\u0437\u044b\u0432\u0430\u0439\u0442\u0435 \u0441\u0435\u0439\u0447\u0430\u0441.","og_url":"https:\/\/www.ramunes.lt\/ru\/\u043f\u0440\u043e\u0434\u0443\u043a\u0442\/%d0%b1%d1%83%d0%ba%d0%b5%d1%82-%d0%b8%d0%b7-%d0%ba%d0%be%d1%80%d0%b0%d0%bb%d0%bb%d0%be%d0%b2%d1%8b%d1%85-%d1%80%d0%be%d0%b7-%d0%b8-%d0%b3%d0%be%d0%bb%d1%83%d0%b1%d1%8b%d1%85-%d1%82%d0%b2%d0%b8%d0%b4\/","og_site_name":"Ramunes.lt- G\u0117li\u0173 pristatymas Vilniuje","article_modified_time":"2024-03-05T10:29:28+00:00","og_image":[{"width":600,"height":600,"url":"https:\/\/www.ramunes.lt\/wp-content\/uploads\/2023\/06\/koralines-rozes-su-tvidijom-e1687871817183.jpg","type":"image\/jpeg"}],"twitter_card":"summary_large_image","schema":{"@context":"https:\/\/schema.org","@graph":[{"@type":"WebPage","@id":"https:\/\/www.ramunes.lt\/ru\/\u043f\u0440\u043e\u0434\u0443\u043a\u0442\/%d0%b1%d1%83%d0%ba%d0%b5%d1%82-%d0%b8%d0%b7-%d0%ba%d0%be%d1%80%d0%b0%d0%bb%d0%bb%d0%be%d0%b2%d1%8b%d1%85-%d1%80%d0%be%d0%b7-%d0%b8-%d0%b3%d0%be%d0%bb%d1%83%d0%b1%d1%8b%d1%85-%d1%82%d0%b2%d0%b8%d0%b4\/","url":"https:\/\/www.ramunes.lt\/ru\/\u043f\u0440\u043e\u0434\u0443\u043a\u0442\/%d0%b1%d1%83%d0%ba%d0%b5%d1%82-%d0%b8%d0%b7-%d0%ba%d0%be%d1%80%d0%b0%d0%bb%d0%bb%d0%be%d0%b2%d1%8b%d1%85-%d1%80%d0%be%d0%b7-%d0%b8-%d0%b3%d0%be%d0%bb%d1%83%d0%b1%d1%8b%d1%85-%d1%82%d0%b2%d0%b8%d0%b4\/","name":"\u0411\u0443\u043a\u0435\u0442 \u0438\u0437 \u043a\u043e\u0440\u0430\u043b\u043b\u043e\u0432\u044b\u0445 \u0440\u043e\u0437 \u0438 \u0433\u043e\u043b\u0443\u0431\u044b\u0445 \u0442\u0432\u0438\u0434\u0438\u0439 | ramunes.lt - G\u0117l\u0117s Vilniuje","isPartOf":{"@id":"https:\/\/www.ramunes.lt\/ru\/#website"},"primaryImageOfPage":{"@id":"https:\/\/www.ramunes.lt\/ru\/\u043f\u0440\u043e\u0434\u0443\u043a\u0442\/%d0%b1%d1%83%d0%ba%d0%b5%d1%82-%d0%b8%d0%b7-%d0%ba%d0%be%d1%80%d0%b0%d0%bb%d0%bb%d0%be%d0%b2%d1%8b%d1%85-%d1%80%d0%be%d0%b7-%d0%b8-%d0%b3%d0%be%d0%bb%d1%83%d0%b1%d1%8b%d1%85-%d1%82%d0%b2%d0%b8%d0%b4\/#primaryimage"},"image":{"@id":"https:\/\/www.ramunes.lt\/ru\/\u043f\u0440\u043e\u0434\u0443\u043a\u0442\/%d0%b1%d1%83%d0%ba%d0%b5%d1%82-%d0%b8%d0%b7-%d0%ba%d0%be%d1%80%d0%b0%d0%bb%d0%bb%d0%be%d0%b2%d1%8b%d1%85-%d1%80%d0%be%d0%b7-%d0%b8-%d0%b3%d0%be%d0%bb%d1%83%d0%b1%d1%8b%d1%85-%d1%82%d0%b2%d0%b8%d0%b4\/#primaryimage"},"thumbnailUrl":"https:\/\/www.ramunes.lt\/wp-content\/uploads\/2023\/06\/koralines-rozes-su-tvidijom-e1687871817183.jpg","datePublished":"2023-06-27T13:17:05+00:00","dateModified":"2024-03-05T10:29:28+00:00","description":"\u042f\u0440\u043a\u0438\u0439 \u0431\u0443\u043a\u0435\u0442 \u0438\u0437 \u0438\u0434\u0435\u0430\u043b\u044c\u043d\u043e \u043f\u043e\u0434\u043e\u0431\u0440\u0430\u043d\u043d\u044b\u0445 \u0440\u0430\u0437\u043d\u043e\u0446\u0432\u0435\u0442\u043d\u044b\u0445 \u0446\u0432\u0435\u0442\u043e\u0432 \u0438\u0437\u043b\u0443\u0447\u0430\u0435\u0442 \u0442\u0435\u043f\u043b\u043e, \u0441\u0432\u0435\u0436\u0435\u0441\u0442\u044c \u0438 \u0438\u0433\u0440\u0438\u0432\u043e\u0441\u0442\u044c. \u0417\u0430\u043a\u0430\u0437\u044b\u0432\u0430\u0439\u0442\u0435 \u0441\u0435\u0439\u0447\u0430\u0441.","breadcrumb":{"@id":"https:\/\/www.ramunes.lt\/ru\/\u043f\u0440\u043e\u0434\u0443\u043a\u0442\/%d0%b1%d1%83%d0%ba%d0%b5%d1%82-%d0%b8%d0%b7-%d0%ba%d0%be%d1%80%d0%b0%d0%bb%d0%bb%d0%be%d0%b2%d1%8b%d1%85-%d1%80%d0%be%d0%b7-%d0%b8-%d0%b3%d0%be%d0%bb%d1%83%d0%b1%d1%8b%d1%85-%d1%82%d0%b2%d0%b8%d0%b4\/#breadcrumb"},"inLanguage":"ru-RU","potentialAction":[{"@type":"ReadAction","target":["https:\/\/www.ramunes.lt\/ru\/\u043f\u0440\u043e\u0434\u0443\u043a\u0442\/%d0%b1%d1%83%d0%ba%d0%b5%d1%82-%d0%b8%d0%b7-%d0%ba%d0%be%d1%80%d0%b0%d0%bb%d0%bb%d0%be%d0%b2%d1%8b%d1%85-%d1%80%d0%be%d0%b7-%d0%b8-%d0%b3%d0%be%d0%bb%d1%83%d0%b1%d1%8b%d1%85-%d1%82%d0%b2%d0%b8%d0%b4\/"]}]},{"@type":"ImageObject","inLanguage":"ru-RU","@id":"https:\/\/www.ramunes.lt\/ru\/\u043f\u0440\u043e\u0434\u0443\u043a\u0442\/%d0%b1%d1%83%d0%ba%d0%b5%d1%82-%d0%b8%d0%b7-%d0%ba%d0%be%d1%80%d0%b0%d0%bb%d0%bb%d0%be%d0%b2%d1%8b%d1%85-%d1%80%d0%be%d0%b7-%d0%b8-%d0%b3%d0%be%d0%bb%d1%83%d0%b1%d1%8b%d1%85-%d1%82%d0%b2%d0%b8%d0%b4\/#primaryimage","url":"https:\/\/www.ramunes.lt\/wp-content\/uploads\/2023\/06\/koralines-rozes-su-tvidijom-e1687871817183.jpg","contentUrl":"https:\/\/www.ramunes.lt\/wp-content\/uploads\/2023\/06\/koralines-rozes-su-tvidijom-e1687871817183.jpg","width":600,"height":600,"caption":"Koralini\u0173 ro\u017ei\u0173 ir \u017eydr\u0173 tvidij\u0173 puok\u0161t\u0117"},{"@type":"BreadcrumbList","@id":"https:\/\/www.ramunes.lt\/ru\/\u043f\u0440\u043e\u0434\u0443\u043a\u0442\/%d0%b1%d1%83%d0%ba%d0%b5%d1%82-%d0%b8%d0%b7-%d0%ba%d0%be%d1%80%d0%b0%d0%bb%d0%bb%d0%be%d0%b2%d1%8b%d1%85-%d1%80%d0%be%d0%b7-%d0%b8-%d0%b3%d0%be%d0%bb%d1%83%d0%b1%d1%8b%d1%85-%d1%82%d0%b2%d0%b8%d0%b4\/#breadcrumb","itemListElement":[{"@type":"ListItem","position":1,"name":"Home","item":"https:\/\/www.ramunes.lt\/ru\/"},{"@type":"ListItem","position":2,"name":"\u0414\u043e\u0441\u0442\u0430\u0432\u043a\u0430 \u0446\u0432\u0435\u0442\u043e\u0432 \u0432 \u0412\u0438\u043b\u044c\u043d\u044e\u0441\u0435","item":"https:\/\/www.ramunes.lt\/ru\/"},{"@type":"ListItem","position":3,"name":"\u0411\u0443\u043a\u0435\u0442 \u0438\u0437 \u043a\u043e\u0440\u0430\u043b\u043b\u043e\u0432\u044b\u0445 \u0440\u043e\u0437 \u0438 \u0433\u043e\u043b\u0443\u0431\u044b\u0445 \u0442\u0432\u0438\u0434\u0438\u0439"}]},{"@type":"WebSite","@id":"https:\/\/www.ramunes.lt\/ru\/#website","url":"https:\/\/www.ramunes.lt\/ru\/","name":"Ramunes.lt- G\u0117li\u0173 pristatymas Vilniuje","description":"","potentialAction":[{"@type":"SearchAction","target":{"@type":"EntryPoint","urlTemplate":"https:\/\/www.ramunes.lt\/ru\/?s={search_term_string}"},"query-input":{"@type":"PropertyValueSpecification","valueRequired":true,"valueName":"search_term_string"}}],"inLanguage":"ru-RU"}]}},"new_scheduled_revision":null,"save_as_revision":null,"_links":{"self":[{"href":"https:\/\/www.ramunes.lt\/ru\/wp-json\/wp\/v2\/product\/9766","targetHints":{"allow":["GET"]}}],"collection":[{"href":"https:\/\/www.ramunes.lt\/ru\/wp-json\/wp\/v2\/product"}],"about":[{"href":"https:\/\/www.ramunes.lt\/ru\/wp-json\/wp\/v2\/types\/product"}],"wp:featuredmedia":[{"embeddable":true,"href":"https:\/\/www.ramunes.lt\/ru\/wp-json\/wp\/v2\/media\/9740"}],"wp:attachment":[{"href":"https:\/\/www.ramunes.lt\/ru\/wp-json\/wp\/v2\/media?parent=9766"}],"wp:term":[{"taxonomy":"product_brand","embeddable":true,"href":"https:\/\/www.ramunes.lt\/ru\/wp-json\/wp\/v2\/product_brand?post=9766"},{"taxonomy":"product_cat","embeddable":true,"href":"https:\/\/www.ramunes.lt\/ru\/wp-json\/wp\/v2\/product_cat?post=9766"},{"taxonomy":"product_tag","embeddable":true,"href":"https:\/\/www.ramunes.lt\/ru\/wp-json\/wp\/v2\/product_tag?post=9766"}],"curies":[{"name":"wp","href":"https:\/\/api.w.org\/{rel}","templated":true}]}}