{"id":9693,"date":"2023-06-02T10:24:13","date_gmt":"2023-06-02T07:24:13","guid":{"rendered":"https:\/\/ramunes.lt\/produktas\/%d0%bf%d0%be%d0%bb%d0%be%d1%81%d0%b0%d1%82%d1%8b%d0%b9-%d0%b3%d0%b5%d0%bb%d0%b8%d0%b5%d0%b2%d1%8b%d0%b9-%d1%88%d0%b0%d1%80-congrats-grad\/"},"modified":"2023-07-24T14:24:30","modified_gmt":"2023-07-24T11:24:30","slug":"%d0%bf%d0%be%d0%bb%d0%be%d1%81%d0%b0%d1%82%d1%8b%d0%b9-%d0%b3%d0%b5%d0%bb%d0%b8%d0%b5%d0%b2%d1%8b%d0%b9-%d1%88%d0%b0%d1%80-congrats-grad","status":"publish","type":"product","link":"https:\/\/www.ramunes.lt\/ru\/\u043f\u0440\u043e\u0434\u0443\u043a\u0442\/%d0%bf%d0%be%d0%bb%d0%be%d1%81%d0%b0%d1%82%d1%8b%d0%b9-%d0%b3%d0%b5%d0%bb%d0%b8%d0%b5%d0%b2%d1%8b%d0%b9-%d1%88%d0%b0%d1%80-congrats-grad\/","title":{"rendered":"\u041f\u043e\u043b\u043e\u0441\u0430\u0442\u044b\u0439 \u0433\u0435\u043b\u0438\u0435\u0432\u044b\u0439 \u0448\u0430\u0440 \u201eCongrats grad!\u201c"},"content":{"rendered":"","protected":false},"excerpt":{"rendered":"","protected":false},"featured_media":8523,"template":"","meta":[],"product_brand":[],"product_cat":[154,646],"product_tag":[],"class_list":{"0":"post-9693","1":"product","2":"type-product","3":"status-publish","4":"has-post-thumbnail","6":"product_cat-154","7":"product_cat-646","8":"tm-no-options","9":"mk-info-sticky","11":"first","12":"instock","13":"taxable","14":"shipping-taxable","15":"purchasable","16":"product-type-simple"},"yoast_head":"<!-- This site is optimized with the Yoast SEO plugin v24.7 - https:\/\/yoast.com\/wordpress\/plugins\/seo\/ -->\n<title>\u041f\u043e\u043b\u043e\u0441\u0430\u0442\u044b\u0439 \u0433\u0435\u043b\u0438\u0435\u0432\u044b\u0439 \u0448\u0430\u0440 \u201eCongrats grad!\u201c | Helio balionai | ramunes<\/title>\n<meta name=\"description\" content=\"\u042d\u0442\u0438\u043c \u0432\u043e\u0437\u0434\u0443\u0448\u043d\u044b\u043c \u0448\u0430\u0440\u0438\u043a\u043e\u043c \u0432\u044b \u043c\u043e\u0436\u0435\u0442\u0435 \u043f\u043e\u0437\u0434\u0440\u0430\u0432\u0438\u0442\u044c \u0441\u0432\u043e\u0438\u0445 \u0431\u043b\u0438\u0437\u043a\u0438\u0445 \u0438 \u043b\u044e\u0431\u0438\u043c\u044b\u0445 \u043d\u0430 \u0438\u0445 \u0432\u044b\u043f\u0443\u0441\u043a\u043d\u043e\u0439. \u0417\u0430\u043a\u0430\u0437\u044b\u0432\u0430\u0439\u0442\u0435 \u0441\u0435\u0439\u0447\u0430\u0441!\" \/>\n<meta name=\"robots\" content=\"noindex, follow, max-snippet:-1, max-image-preview:large, max-video-preview:-1\" \/>\n<meta property=\"og:locale\" content=\"ru_RU\" \/>\n<meta property=\"og:type\" content=\"article\" \/>\n<meta property=\"og:title\" content=\"\u041f\u043e\u043b\u043e\u0441\u0430\u0442\u044b\u0439 \u0433\u0435\u043b\u0438\u0435\u0432\u044b\u0439 \u0448\u0430\u0440 \u201eCongrats grad!\u201c | Helio balionai | ramunes\" \/>\n<meta property=\"og:description\" content=\"\u042d\u0442\u0438\u043c \u0432\u043e\u0437\u0434\u0443\u0448\u043d\u044b\u043c \u0448\u0430\u0440\u0438\u043a\u043e\u043c \u0432\u044b \u043c\u043e\u0436\u0435\u0442\u0435 \u043f\u043e\u0437\u0434\u0440\u0430\u0432\u0438\u0442\u044c \u0441\u0432\u043e\u0438\u0445 \u0431\u043b\u0438\u0437\u043a\u0438\u0445 \u0438 \u043b\u044e\u0431\u0438\u043c\u044b\u0445 \u043d\u0430 \u0438\u0445 \u0432\u044b\u043f\u0443\u0441\u043a\u043d\u043e\u0439. \u0417\u0430\u043a\u0430\u0437\u044b\u0432\u0430\u0439\u0442\u0435 \u0441\u0435\u0439\u0447\u0430\u0441!\" \/>\n<meta property=\"og:url\" content=\"https:\/\/www.ramunes.lt\/ru\/\u043f\u0440\u043e\u0434\u0443\u043a\u0442\/%d0%bf%d0%be%d0%bb%d0%be%d1%81%d0%b0%d1%82%d1%8b%d0%b9-%d0%b3%d0%b5%d0%bb%d0%b8%d0%b5%d0%b2%d1%8b%d0%b9-%d1%88%d0%b0%d1%80-congrats-grad\/\" \/>\n<meta property=\"og:site_name\" content=\"Ramunes.lt- G\u0117li\u0173 pristatymas Vilniuje\" \/>\n<meta property=\"article:modified_time\" content=\"2023-07-24T11:24:30+00:00\" \/>\n<meta property=\"og:image\" content=\"https:\/\/www.ramunes.lt\/wp-content\/uploads\/2023\/05\/dryzuotas-heliu-balionas-congrats-grad.png\" \/>\n\t<meta property=\"og:image:width\" content=\"600\" \/>\n\t<meta property=\"og:image:height\" content=\"600\" \/>\n\t<meta property=\"og:image:type\" content=\"image\/png\" \/>\n<meta name=\"twitter:card\" content=\"summary_large_image\" \/>\n<script type=\"application\/ld+json\" class=\"yoast-schema-graph\">{\"@context\":\"https:\/\/schema.org\",\"@graph\":[{\"@type\":\"WebPage\",\"@id\":\"https:\/\/www.ramunes.lt\/ru\/\u043f\u0440\u043e\u0434\u0443\u043a\u0442\/%d0%bf%d0%be%d0%bb%d0%be%d1%81%d0%b0%d1%82%d1%8b%d0%b9-%d0%b3%d0%b5%d0%bb%d0%b8%d0%b5%d0%b2%d1%8b%d0%b9-%d1%88%d0%b0%d1%80-congrats-grad\/\",\"url\":\"https:\/\/www.ramunes.lt\/ru\/\u043f\u0440\u043e\u0434\u0443\u043a\u0442\/%d0%bf%d0%be%d0%bb%d0%be%d1%81%d0%b0%d1%82%d1%8b%d0%b9-%d0%b3%d0%b5%d0%bb%d0%b8%d0%b5%d0%b2%d1%8b%d0%b9-%d1%88%d0%b0%d1%80-congrats-grad\/\",\"name\":\"\u041f\u043e\u043b\u043e\u0441\u0430\u0442\u044b\u0439 \u0433\u0435\u043b\u0438\u0435\u0432\u044b\u0439 \u0448\u0430\u0440 \u201eCongrats grad!\u201c | Helio balionai | ramunes\",\"isPartOf\":{\"@id\":\"https:\/\/www.ramunes.lt\/ru\/#website\"},\"primaryImageOfPage\":{\"@id\":\"https:\/\/www.ramunes.lt\/ru\/\u043f\u0440\u043e\u0434\u0443\u043a\u0442\/%d0%bf%d0%be%d0%bb%d0%be%d1%81%d0%b0%d1%82%d1%8b%d0%b9-%d0%b3%d0%b5%d0%bb%d0%b8%d0%b5%d0%b2%d1%8b%d0%b9-%d1%88%d0%b0%d1%80-congrats-grad\/#primaryimage\"},\"image\":{\"@id\":\"https:\/\/www.ramunes.lt\/ru\/\u043f\u0440\u043e\u0434\u0443\u043a\u0442\/%d0%bf%d0%be%d0%bb%d0%be%d1%81%d0%b0%d1%82%d1%8b%d0%b9-%d0%b3%d0%b5%d0%bb%d0%b8%d0%b5%d0%b2%d1%8b%d0%b9-%d1%88%d0%b0%d1%80-congrats-grad\/#primaryimage\"},\"thumbnailUrl\":\"https:\/\/www.ramunes.lt\/wp-content\/uploads\/2023\/05\/dryzuotas-heliu-balionas-congrats-grad.png\",\"datePublished\":\"2023-06-02T07:24:13+00:00\",\"dateModified\":\"2023-07-24T11:24:30+00:00\",\"description\":\"\u042d\u0442\u0438\u043c \u0432\u043e\u0437\u0434\u0443\u0448\u043d\u044b\u043c \u0448\u0430\u0440\u0438\u043a\u043e\u043c \u0432\u044b \u043c\u043e\u0436\u0435\u0442\u0435 \u043f\u043e\u0437\u0434\u0440\u0430\u0432\u0438\u0442\u044c \u0441\u0432\u043e\u0438\u0445 \u0431\u043b\u0438\u0437\u043a\u0438\u0445 \u0438 \u043b\u044e\u0431\u0438\u043c\u044b\u0445 \u043d\u0430 \u0438\u0445 \u0432\u044b\u043f\u0443\u0441\u043a\u043d\u043e\u0439. \u0417\u0430\u043a\u0430\u0437\u044b\u0432\u0430\u0439\u0442\u0435 \u0441\u0435\u0439\u0447\u0430\u0441!\",\"breadcrumb\":{\"@id\":\"https:\/\/www.ramunes.lt\/ru\/\u043f\u0440\u043e\u0434\u0443\u043a\u0442\/%d0%bf%d0%be%d0%bb%d0%be%d1%81%d0%b0%d1%82%d1%8b%d0%b9-%d0%b3%d0%b5%d0%bb%d0%b8%d0%b5%d0%b2%d1%8b%d0%b9-%d1%88%d0%b0%d1%80-congrats-grad\/#breadcrumb\"},\"inLanguage\":\"ru-RU\",\"potentialAction\":[{\"@type\":\"ReadAction\",\"target\":[\"https:\/\/www.ramunes.lt\/ru\/\u043f\u0440\u043e\u0434\u0443\u043a\u0442\/%d0%bf%d0%be%d0%bb%d0%be%d1%81%d0%b0%d1%82%d1%8b%d0%b9-%d0%b3%d0%b5%d0%bb%d0%b8%d0%b5%d0%b2%d1%8b%d0%b9-%d1%88%d0%b0%d1%80-congrats-grad\/\"]}]},{\"@type\":\"ImageObject\",\"inLanguage\":\"ru-RU\",\"@id\":\"https:\/\/www.ramunes.lt\/ru\/\u043f\u0440\u043e\u0434\u0443\u043a\u0442\/%d0%bf%d0%be%d0%bb%d0%be%d1%81%d0%b0%d1%82%d1%8b%d0%b9-%d0%b3%d0%b5%d0%bb%d0%b8%d0%b5%d0%b2%d1%8b%d0%b9-%d1%88%d0%b0%d1%80-congrats-grad\/#primaryimage\",\"url\":\"https:\/\/www.ramunes.lt\/wp-content\/uploads\/2023\/05\/dryzuotas-heliu-balionas-congrats-grad.png\",\"contentUrl\":\"https:\/\/www.ramunes.lt\/wp-content\/uploads\/2023\/05\/dryzuotas-heliu-balionas-congrats-grad.png\",\"width\":600,\"height\":600,\"caption\":\"Dry\u017euotas diplom\u0173 \u012fteikimo \u0161vent\u0117s balionas \u201eCongrats grad\u201c\"},{\"@type\":\"BreadcrumbList\",\"@id\":\"https:\/\/www.ramunes.lt\/ru\/\u043f\u0440\u043e\u0434\u0443\u043a\u0442\/%d0%bf%d0%be%d0%bb%d0%be%d1%81%d0%b0%d1%82%d1%8b%d0%b9-%d0%b3%d0%b5%d0%bb%d0%b8%d0%b5%d0%b2%d1%8b%d0%b9-%d1%88%d0%b0%d1%80-congrats-grad\/#breadcrumb\",\"itemListElement\":[{\"@type\":\"ListItem\",\"position\":1,\"name\":\"Home\",\"item\":\"https:\/\/www.ramunes.lt\/ru\/\"},{\"@type\":\"ListItem\",\"position\":2,\"name\":\"\u0414\u043e\u0441\u0442\u0430\u0432\u043a\u0430 \u0446\u0432\u0435\u0442\u043e\u0432 \u0432 \u0412\u0438\u043b\u044c\u043d\u044e\u0441\u0435\",\"item\":\"https:\/\/www.ramunes.lt\/ru\/\"},{\"@type\":\"ListItem\",\"position\":3,\"name\":\"\u041f\u043e\u043b\u043e\u0441\u0430\u0442\u044b\u0439 \u0433\u0435\u043b\u0438\u0435\u0432\u044b\u0439 \u0448\u0430\u0440 \u201eCongrats grad!\u201c\"}]},{\"@type\":\"WebSite\",\"@id\":\"https:\/\/www.ramunes.lt\/ru\/#website\",\"url\":\"https:\/\/www.ramunes.lt\/ru\/\",\"name\":\"Ramunes.lt- G\u0117li\u0173 pristatymas Vilniuje\",\"description\":\"\",\"potentialAction\":[{\"@type\":\"SearchAction\",\"target\":{\"@type\":\"EntryPoint\",\"urlTemplate\":\"https:\/\/www.ramunes.lt\/ru\/?s={search_term_string}\"},\"query-input\":{\"@type\":\"PropertyValueSpecification\",\"valueRequired\":true,\"valueName\":\"search_term_string\"}}],\"inLanguage\":\"ru-RU\"}]}<\/script>\n<!-- \/ Yoast SEO plugin. -->","yoast_head_json":{"title":"\u041f\u043e\u043b\u043e\u0441\u0430\u0442\u044b\u0439 \u0433\u0435\u043b\u0438\u0435\u0432\u044b\u0439 \u0448\u0430\u0440 \u201eCongrats grad!\u201c | Helio balionai | ramunes","description":"\u042d\u0442\u0438\u043c \u0432\u043e\u0437\u0434\u0443\u0448\u043d\u044b\u043c \u0448\u0430\u0440\u0438\u043a\u043e\u043c \u0432\u044b \u043c\u043e\u0436\u0435\u0442\u0435 \u043f\u043e\u0437\u0434\u0440\u0430\u0432\u0438\u0442\u044c \u0441\u0432\u043e\u0438\u0445 \u0431\u043b\u0438\u0437\u043a\u0438\u0445 \u0438 \u043b\u044e\u0431\u0438\u043c\u044b\u0445 \u043d\u0430 \u0438\u0445 \u0432\u044b\u043f\u0443\u0441\u043a\u043d\u043e\u0439. \u0417\u0430\u043a\u0430\u0437\u044b\u0432\u0430\u0439\u0442\u0435 \u0441\u0435\u0439\u0447\u0430\u0441!","robots":{"index":"noindex","follow":"follow","max-snippet":"max-snippet:-1","max-image-preview":"max-image-preview:large","max-video-preview":"max-video-preview:-1"},"og_locale":"ru_RU","og_type":"article","og_title":"\u041f\u043e\u043b\u043e\u0441\u0430\u0442\u044b\u0439 \u0433\u0435\u043b\u0438\u0435\u0432\u044b\u0439 \u0448\u0430\u0440 \u201eCongrats grad!\u201c | Helio balionai | ramunes","og_description":"\u042d\u0442\u0438\u043c \u0432\u043e\u0437\u0434\u0443\u0448\u043d\u044b\u043c \u0448\u0430\u0440\u0438\u043a\u043e\u043c \u0432\u044b \u043c\u043e\u0436\u0435\u0442\u0435 \u043f\u043e\u0437\u0434\u0440\u0430\u0432\u0438\u0442\u044c \u0441\u0432\u043e\u0438\u0445 \u0431\u043b\u0438\u0437\u043a\u0438\u0445 \u0438 \u043b\u044e\u0431\u0438\u043c\u044b\u0445 \u043d\u0430 \u0438\u0445 \u0432\u044b\u043f\u0443\u0441\u043a\u043d\u043e\u0439. \u0417\u0430\u043a\u0430\u0437\u044b\u0432\u0430\u0439\u0442\u0435 \u0441\u0435\u0439\u0447\u0430\u0441!","og_url":"https:\/\/www.ramunes.lt\/ru\/\u043f\u0440\u043e\u0434\u0443\u043a\u0442\/%d0%bf%d0%be%d0%bb%d0%be%d1%81%d0%b0%d1%82%d1%8b%d0%b9-%d0%b3%d0%b5%d0%bb%d0%b8%d0%b5%d0%b2%d1%8b%d0%b9-%d1%88%d0%b0%d1%80-congrats-grad\/","og_site_name":"Ramunes.lt- G\u0117li\u0173 pristatymas Vilniuje","article_modified_time":"2023-07-24T11:24:30+00:00","og_image":[{"width":600,"height":600,"url":"https:\/\/www.ramunes.lt\/wp-content\/uploads\/2023\/05\/dryzuotas-heliu-balionas-congrats-grad.png","type":"image\/png"}],"twitter_card":"summary_large_image","schema":{"@context":"https:\/\/schema.org","@graph":[{"@type":"WebPage","@id":"https:\/\/www.ramunes.lt\/ru\/\u043f\u0440\u043e\u0434\u0443\u043a\u0442\/%d0%bf%d0%be%d0%bb%d0%be%d1%81%d0%b0%d1%82%d1%8b%d0%b9-%d0%b3%d0%b5%d0%bb%d0%b8%d0%b5%d0%b2%d1%8b%d0%b9-%d1%88%d0%b0%d1%80-congrats-grad\/","url":"https:\/\/www.ramunes.lt\/ru\/\u043f\u0440\u043e\u0434\u0443\u043a\u0442\/%d0%bf%d0%be%d0%bb%d0%be%d1%81%d0%b0%d1%82%d1%8b%d0%b9-%d0%b3%d0%b5%d0%bb%d0%b8%d0%b5%d0%b2%d1%8b%d0%b9-%d1%88%d0%b0%d1%80-congrats-grad\/","name":"\u041f\u043e\u043b\u043e\u0441\u0430\u0442\u044b\u0439 \u0433\u0435\u043b\u0438\u0435\u0432\u044b\u0439 \u0448\u0430\u0440 \u201eCongrats grad!\u201c | Helio balionai | ramunes","isPartOf":{"@id":"https:\/\/www.ramunes.lt\/ru\/#website"},"primaryImageOfPage":{"@id":"https:\/\/www.ramunes.lt\/ru\/\u043f\u0440\u043e\u0434\u0443\u043a\u0442\/%d0%bf%d0%be%d0%bb%d0%be%d1%81%d0%b0%d1%82%d1%8b%d0%b9-%d0%b3%d0%b5%d0%bb%d0%b8%d0%b5%d0%b2%d1%8b%d0%b9-%d1%88%d0%b0%d1%80-congrats-grad\/#primaryimage"},"image":{"@id":"https:\/\/www.ramunes.lt\/ru\/\u043f\u0440\u043e\u0434\u0443\u043a\u0442\/%d0%bf%d0%be%d0%bb%d0%be%d1%81%d0%b0%d1%82%d1%8b%d0%b9-%d0%b3%d0%b5%d0%bb%d0%b8%d0%b5%d0%b2%d1%8b%d0%b9-%d1%88%d0%b0%d1%80-congrats-grad\/#primaryimage"},"thumbnailUrl":"https:\/\/www.ramunes.lt\/wp-content\/uploads\/2023\/05\/dryzuotas-heliu-balionas-congrats-grad.png","datePublished":"2023-06-02T07:24:13+00:00","dateModified":"2023-07-24T11:24:30+00:00","description":"\u042d\u0442\u0438\u043c \u0432\u043e\u0437\u0434\u0443\u0448\u043d\u044b\u043c \u0448\u0430\u0440\u0438\u043a\u043e\u043c \u0432\u044b \u043c\u043e\u0436\u0435\u0442\u0435 \u043f\u043e\u0437\u0434\u0440\u0430\u0432\u0438\u0442\u044c \u0441\u0432\u043e\u0438\u0445 \u0431\u043b\u0438\u0437\u043a\u0438\u0445 \u0438 \u043b\u044e\u0431\u0438\u043c\u044b\u0445 \u043d\u0430 \u0438\u0445 \u0432\u044b\u043f\u0443\u0441\u043a\u043d\u043e\u0439. \u0417\u0430\u043a\u0430\u0437\u044b\u0432\u0430\u0439\u0442\u0435 \u0441\u0435\u0439\u0447\u0430\u0441!","breadcrumb":{"@id":"https:\/\/www.ramunes.lt\/ru\/\u043f\u0440\u043e\u0434\u0443\u043a\u0442\/%d0%bf%d0%be%d0%bb%d0%be%d1%81%d0%b0%d1%82%d1%8b%d0%b9-%d0%b3%d0%b5%d0%bb%d0%b8%d0%b5%d0%b2%d1%8b%d0%b9-%d1%88%d0%b0%d1%80-congrats-grad\/#breadcrumb"},"inLanguage":"ru-RU","potentialAction":[{"@type":"ReadAction","target":["https:\/\/www.ramunes.lt\/ru\/\u043f\u0440\u043e\u0434\u0443\u043a\u0442\/%d0%bf%d0%be%d0%bb%d0%be%d1%81%d0%b0%d1%82%d1%8b%d0%b9-%d0%b3%d0%b5%d0%bb%d0%b8%d0%b5%d0%b2%d1%8b%d0%b9-%d1%88%d0%b0%d1%80-congrats-grad\/"]}]},{"@type":"ImageObject","inLanguage":"ru-RU","@id":"https:\/\/www.ramunes.lt\/ru\/\u043f\u0440\u043e\u0434\u0443\u043a\u0442\/%d0%bf%d0%be%d0%bb%d0%be%d1%81%d0%b0%d1%82%d1%8b%d0%b9-%d0%b3%d0%b5%d0%bb%d0%b8%d0%b5%d0%b2%d1%8b%d0%b9-%d1%88%d0%b0%d1%80-congrats-grad\/#primaryimage","url":"https:\/\/www.ramunes.lt\/wp-content\/uploads\/2023\/05\/dryzuotas-heliu-balionas-congrats-grad.png","contentUrl":"https:\/\/www.ramunes.lt\/wp-content\/uploads\/2023\/05\/dryzuotas-heliu-balionas-congrats-grad.png","width":600,"height":600,"caption":"Dry\u017euotas diplom\u0173 \u012fteikimo \u0161vent\u0117s balionas \u201eCongrats grad\u201c"},{"@type":"BreadcrumbList","@id":"https:\/\/www.ramunes.lt\/ru\/\u043f\u0440\u043e\u0434\u0443\u043a\u0442\/%d0%bf%d0%be%d0%bb%d0%be%d1%81%d0%b0%d1%82%d1%8b%d0%b9-%d0%b3%d0%b5%d0%bb%d0%b8%d0%b5%d0%b2%d1%8b%d0%b9-%d1%88%d0%b0%d1%80-congrats-grad\/#breadcrumb","itemListElement":[{"@type":"ListItem","position":1,"name":"Home","item":"https:\/\/www.ramunes.lt\/ru\/"},{"@type":"ListItem","position":2,"name":"\u0414\u043e\u0441\u0442\u0430\u0432\u043a\u0430 \u0446\u0432\u0435\u0442\u043e\u0432 \u0432 \u0412\u0438\u043b\u044c\u043d\u044e\u0441\u0435","item":"https:\/\/www.ramunes.lt\/ru\/"},{"@type":"ListItem","position":3,"name":"\u041f\u043e\u043b\u043e\u0441\u0430\u0442\u044b\u0439 \u0433\u0435\u043b\u0438\u0435\u0432\u044b\u0439 \u0448\u0430\u0440 \u201eCongrats grad!\u201c"}]},{"@type":"WebSite","@id":"https:\/\/www.ramunes.lt\/ru\/#website","url":"https:\/\/www.ramunes.lt\/ru\/","name":"Ramunes.lt- G\u0117li\u0173 pristatymas Vilniuje","description":"","potentialAction":[{"@type":"SearchAction","target":{"@type":"EntryPoint","urlTemplate":"https:\/\/www.ramunes.lt\/ru\/?s={search_term_string}"},"query-input":{"@type":"PropertyValueSpecification","valueRequired":true,"valueName":"search_term_string"}}],"inLanguage":"ru-RU"}]}},"new_scheduled_revision":null,"save_as_revision":null,"_links":{"self":[{"href":"https:\/\/www.ramunes.lt\/ru\/wp-json\/wp\/v2\/product\/9693","targetHints":{"allow":["GET"]}}],"collection":[{"href":"https:\/\/www.ramunes.lt\/ru\/wp-json\/wp\/v2\/product"}],"about":[{"href":"https:\/\/www.ramunes.lt\/ru\/wp-json\/wp\/v2\/types\/product"}],"wp:featuredmedia":[{"embeddable":true,"href":"https:\/\/www.ramunes.lt\/ru\/wp-json\/wp\/v2\/media\/8523"}],"wp:attachment":[{"href":"https:\/\/www.ramunes.lt\/ru\/wp-json\/wp\/v2\/media?parent=9693"}],"wp:term":[{"taxonomy":"product_brand","embeddable":true,"href":"https:\/\/www.ramunes.lt\/ru\/wp-json\/wp\/v2\/product_brand?post=9693"},{"taxonomy":"product_cat","embeddable":true,"href":"https:\/\/www.ramunes.lt\/ru\/wp-json\/wp\/v2\/product_cat?post=9693"},{"taxonomy":"product_tag","embeddable":true,"href":"https:\/\/www.ramunes.lt\/ru\/wp-json\/wp\/v2\/product_tag?post=9693"}],"curies":[{"name":"wp","href":"https:\/\/api.w.org\/{rel}","templated":true}]}}