{"id":9625,"date":"2023-06-13T14:26:40","date_gmt":"2023-06-13T11:26:40","guid":{"rendered":"https:\/\/ramunes.lt\/produktas\/%d0%ba%d0%be%d1%80%d0%be%d0%b1%d0%ba%d0%b0-%d1%80%d0%be%d0%b7%d0%be%d0%b2%d1%8b%d1%85-%d0%b3%d0%be%d1%80%d1%82%d0%b5%d0%bd%d0%b7%d0%b8%d0%b9-%d0%b8-%d1%84%d0%b8%d0%be%d0%bb%d0%b5%d1%82%d0%be%d0%b2\/"},"modified":"2023-06-29T09:41:57","modified_gmt":"2023-06-29T06:41:57","slug":"%d0%ba%d0%be%d1%80%d0%be%d0%b1%d0%ba%d0%b0-%d1%80%d0%be%d0%b7%d0%be%d0%b2%d1%8b%d1%85-%d0%b3%d0%be%d1%80%d1%82%d0%b5%d0%bd%d0%b7%d0%b8%d0%b9-%d0%b8-%d1%84%d0%b8%d0%be%d0%bb%d0%b5%d1%82%d0%be%d0%b2","status":"publish","type":"product","link":"https:\/\/www.ramunes.lt\/ru\/\u043f\u0440\u043e\u0434\u0443\u043a\u0442\/%d0%ba%d0%be%d1%80%d0%be%d0%b1%d0%ba%d0%b0-%d1%80%d0%be%d0%b7%d0%be%d0%b2%d1%8b%d1%85-%d0%b3%d0%be%d1%80%d1%82%d0%b5%d0%bd%d0%b7%d0%b8%d0%b9-%d0%b8-%d1%84%d0%b8%d0%be%d0%bb%d0%b5%d1%82%d0%be%d0%b2\/","title":{"rendered":"\u041a\u043e\u0440\u043e\u0431\u043a\u0430 \u0440\u043e\u0437\u043e\u0432\u044b\u0445 \u0433\u043e\u0440\u0442\u0435\u043d\u0437\u0438\u0439 \u0438 \u0444\u0438\u043e\u043b\u0435\u0442\u043e\u0432\u044b\u0445 \u0433\u0438\u043f\u0441\u043e\u0444\u0438\u043b"},"content":{"rendered":"<p id=\"tw-target-text\" class=\"tw-data-text tw-text-large tw-ta\" dir=\"ltr\" data-placeholder=\"Vertimas\"><span class=\"Y2IQFc\" lang=\"ru\">\u041e\u0447\u0435\u043d\u044c \u043c\u0438\u043b\u0430\u044f \u0438 \u043a\u0440\u0430\u0441\u0438\u0432\u0430\u044f \u043a\u043e\u0440\u043e\u0431\u043e\u0447\u043a\u0430 \u0438\u0437 \u043f\u0443\u0448\u0438\u0441\u0442\u043e\u0439 \u0438 \u043b\u0435\u0433\u043a\u043e\u0439 \u0433\u043e\u0440\u0442\u0435\u043d\u0437\u0438\u0438, \u043f\u043e\u0445\u043e\u0436\u0435\u0439 \u043d\u0430 \u043e\u0431\u043b\u0430\u0447\u043a\u043e, \u0438 \u0438\u0433\u0440\u0438\u0432\u044b\u0445 \u043c\u0430\u043b\u0435\u043d\u044c\u043a\u0438\u0445 \u0444\u0438\u043e\u043b\u0435\u0442\u043e\u0432\u044b\u0445 \u0433\u0438\u043f\u0441\u043e\u0444\u0438\u043b. \u042d\u0442\u0438 \u0446\u0432\u0435\u0442\u044b \u0441\u043e\u0441\u0442\u0430\u0432\u043b\u044f\u044e\u0442 \u0440\u043e\u043c\u0430\u043d\u0442\u0438\u0447\u043d\u0443\u044e \u043a\u043e\u043c\u043f\u043e\u0437\u0438\u0446\u0438\u044e, \u043a\u043e\u0442\u043e\u0440\u0430\u044f \u0441\u0442\u0430\u043d\u0435\u0442 \u043f\u0440\u0435\u043a\u0440\u0430\u0441\u043d\u044b\u043c \u043f\u043e\u0434\u0430\u0440\u043a\u043e\u043c \u0438\u043b\u0438 \u0443\u043a\u0440\u0430\u0448\u0435\u043d\u0438\u0435\u043c \u0441\u0442\u043e\u043b\u0430 \u043d\u0430 \u0432\u0430\u0448\u0435\u043c \u043f\u0440\u0430\u0437\u0434\u043d\u0438\u043a\u0435.<\/span><\/p>\n","protected":false},"excerpt":{"rendered":"<p>\u041e\u0447\u0435\u043d\u044c \u043c\u0438\u043b\u0430\u044f \u0438 \u043a\u0440\u0430\u0441\u0438\u0432\u0430\u044f \u043a\u043e\u0440\u043e\u0431\u043e\u0447\u043a\u0430 \u0438\u0437 \u043f\u0443\u0448\u0438\u0441\u0442\u043e\u0439 \u0438 \u043b\u0435\u0433\u043a\u043e\u0439 \u0433\u043e\u0440\u0442\u0435\u043d\u0437\u0438\u0438, \u043f\u043e\u0445\u043e\u0436\u0435\u0439 \u043d\u0430 \u043e\u0431\u043b\u0430\u0447\u043a\u043e, \u0438 \u0438\u0433\u0440\u0438\u0432\u044b\u0445 \u043c\u0430\u043b\u0435\u043d\u044c\u043a\u0438\u0445 \u0444\u0438\u043e\u043b\u0435\u0442\u043e\u0432\u044b\u0445 \u0433\u0438\u043f\u0441\u043e\u0444\u0438\u043b. \u042d\u0442\u0438 \u0446\u0432\u0435\u0442\u044b \u0441\u043e\u0441\u0442\u0430\u0432\u043b\u044f\u044e\u0442 \u0440\u043e\u043c\u0430\u043d\u0442\u0438\u0447\u043d\u0443\u044e \u043a\u043e\u043c\u043f\u043e\u0437\u0438\u0446\u0438\u044e, \u043a\u043e\u0442\u043e\u0440\u0430\u044f \u0441\u0442\u0430\u043d\u0435\u0442 \u043f\u0440\u0435\u043a\u0440\u0430\u0441\u043d\u044b\u043c \u043f\u043e\u0434\u0430\u0440\u043a\u043e\u043c \u0438\u043b\u0438 \u0443\u043a\u0440\u0430\u0448\u0435\u043d\u0438\u0435\u043c \u0441\u0442\u043e\u043b\u0430 \u043d\u0430 \u0432\u0430\u0448\u0435\u043c \u043f\u0440\u0430\u0437\u0434\u043d\u0438\u043a\u0435.<\/p>\n","protected":false},"featured_media":8949,"template":"","meta":[],"product_brand":[],"product_cat":[198,139,145],"product_tag":[],"class_list":{"0":"post-9625","1":"product","2":"type-product","3":"status-publish","4":"has-post-thumbnail","6":"product_cat-198","7":"product_cat-139","8":"product_cat-145","9":"tm-no-options","10":"mk-info-sticky","12":"first","13":"outofstock","14":"taxable","15":"shipping-taxable","16":"purchasable","17":"product-type-simple"},"yoast_head":"<!-- This site is optimized with the Yoast SEO plugin v24.7 - https:\/\/yoast.com\/wordpress\/plugins\/seo\/ -->\n<title>\u041a\u043e\u0440\u043e\u0431\u043a\u0430 \u0433\u043e\u0440\u0442\u0435\u043d\u0437\u0438\u0439 \u0438 \u0444\u0438\u043e\u043b\u0435\u0442\u043e\u0432\u044b\u0445 \u0433\u0438\u043f\u0441\u043e\u0444\u0438\u043b | ramunes.lt - g\u0117l\u0117s Vilniuje<\/title>\n<meta name=\"description\" content=\"\u042d\u0442\u0430 \u043a\u043e\u0440\u043e\u0431\u043a\u0430 - \u043e\u0442\u043b\u0438\u0447\u043d\u044b\u0439 \u0432\u044b\u0431\u043e\u0440, \u0435\u0441\u043b\u0438 \u0432\u044b \u0438\u0449\u0435\u0442\u0435 \u043c\u0438\u043b\u044b\u0439 \u0438 \u0440\u043e\u043c\u0430\u043d\u0442\u0438\u0447\u043d\u044b\u0439 \u043f\u043e\u0434\u0430\u0440\u043e\u043a \u0434\u043b\u044f \u043b\u044e\u0431\u0438\u043c\u043e\u0433\u043e \u0447\u0435\u043b\u043e\u0432\u0435\u043a\u0430. \u0417\u0430\u043a\u0430\u0437\u044b\u0432\u0430\u0439\u0442\u0435 \u0441\u0435\u0439\u0447\u0430\u0441.\" \/>\n<meta name=\"robots\" content=\"noindex, follow, max-snippet:-1, max-image-preview:large, max-video-preview:-1\" \/>\n<meta property=\"og:locale\" content=\"ru_RU\" \/>\n<meta property=\"og:type\" content=\"article\" \/>\n<meta property=\"og:title\" content=\"\u041a\u043e\u0440\u043e\u0431\u043a\u0430 \u0433\u043e\u0440\u0442\u0435\u043d\u0437\u0438\u0439 \u0438 \u0444\u0438\u043e\u043b\u0435\u0442\u043e\u0432\u044b\u0445 \u0433\u0438\u043f\u0441\u043e\u0444\u0438\u043b | ramunes.lt - g\u0117l\u0117s Vilniuje\" \/>\n<meta property=\"og:description\" content=\"\u042d\u0442\u0430 \u043a\u043e\u0440\u043e\u0431\u043a\u0430 - \u043e\u0442\u043b\u0438\u0447\u043d\u044b\u0439 \u0432\u044b\u0431\u043e\u0440, \u0435\u0441\u043b\u0438 \u0432\u044b \u0438\u0449\u0435\u0442\u0435 \u043c\u0438\u043b\u044b\u0439 \u0438 \u0440\u043e\u043c\u0430\u043d\u0442\u0438\u0447\u043d\u044b\u0439 \u043f\u043e\u0434\u0430\u0440\u043e\u043a \u0434\u043b\u044f \u043b\u044e\u0431\u0438\u043c\u043e\u0433\u043e \u0447\u0435\u043b\u043e\u0432\u0435\u043a\u0430. \u0417\u0430\u043a\u0430\u0437\u044b\u0432\u0430\u0439\u0442\u0435 \u0441\u0435\u0439\u0447\u0430\u0441.\" \/>\n<meta property=\"og:url\" content=\"https:\/\/www.ramunes.lt\/ru\/\u043f\u0440\u043e\u0434\u0443\u043a\u0442\/%d0%ba%d0%be%d1%80%d0%be%d0%b1%d0%ba%d0%b0-%d1%80%d0%be%d0%b7%d0%be%d0%b2%d1%8b%d1%85-%d0%b3%d0%be%d1%80%d1%82%d0%b5%d0%bd%d0%b7%d0%b8%d0%b9-%d0%b8-%d1%84%d0%b8%d0%be%d0%bb%d0%b5%d1%82%d0%be%d0%b2\/\" \/>\n<meta property=\"og:site_name\" content=\"Ramunes.lt- G\u0117li\u0173 pristatymas Vilniuje\" \/>\n<meta property=\"article:modified_time\" content=\"2023-06-29T06:41:57+00:00\" \/>\n<meta property=\"og:image\" content=\"https:\/\/www.ramunes.lt\/wp-content\/uploads\/2023\/06\/guboja-su-hortenzija-e1686655369323.jpg\" \/>\n\t<meta property=\"og:image:width\" content=\"600\" \/>\n\t<meta property=\"og:image:height\" content=\"600\" \/>\n\t<meta property=\"og:image:type\" content=\"image\/jpeg\" \/>\n<meta name=\"twitter:card\" content=\"summary_large_image\" \/>\n<script type=\"application\/ld+json\" class=\"yoast-schema-graph\">{\"@context\":\"https:\/\/schema.org\",\"@graph\":[{\"@type\":\"WebPage\",\"@id\":\"https:\/\/www.ramunes.lt\/ru\/\u043f\u0440\u043e\u0434\u0443\u043a\u0442\/%d0%ba%d0%be%d1%80%d0%be%d0%b1%d0%ba%d0%b0-%d1%80%d0%be%d0%b7%d0%be%d0%b2%d1%8b%d1%85-%d0%b3%d0%be%d1%80%d1%82%d0%b5%d0%bd%d0%b7%d0%b8%d0%b9-%d0%b8-%d1%84%d0%b8%d0%be%d0%bb%d0%b5%d1%82%d0%be%d0%b2\/\",\"url\":\"https:\/\/www.ramunes.lt\/ru\/\u043f\u0440\u043e\u0434\u0443\u043a\u0442\/%d0%ba%d0%be%d1%80%d0%be%d0%b1%d0%ba%d0%b0-%d1%80%d0%be%d0%b7%d0%be%d0%b2%d1%8b%d1%85-%d0%b3%d0%be%d1%80%d1%82%d0%b5%d0%bd%d0%b7%d0%b8%d0%b9-%d0%b8-%d1%84%d0%b8%d0%be%d0%bb%d0%b5%d1%82%d0%be%d0%b2\/\",\"name\":\"\u041a\u043e\u0440\u043e\u0431\u043a\u0430 \u0433\u043e\u0440\u0442\u0435\u043d\u0437\u0438\u0439 \u0438 \u0444\u0438\u043e\u043b\u0435\u0442\u043e\u0432\u044b\u0445 \u0433\u0438\u043f\u0441\u043e\u0444\u0438\u043b | ramunes.lt - g\u0117l\u0117s Vilniuje\",\"isPartOf\":{\"@id\":\"https:\/\/www.ramunes.lt\/ru\/#website\"},\"primaryImageOfPage\":{\"@id\":\"https:\/\/www.ramunes.lt\/ru\/\u043f\u0440\u043e\u0434\u0443\u043a\u0442\/%d0%ba%d0%be%d1%80%d0%be%d0%b1%d0%ba%d0%b0-%d1%80%d0%be%d0%b7%d0%be%d0%b2%d1%8b%d1%85-%d0%b3%d0%be%d1%80%d1%82%d0%b5%d0%bd%d0%b7%d0%b8%d0%b9-%d0%b8-%d1%84%d0%b8%d0%be%d0%bb%d0%b5%d1%82%d0%be%d0%b2\/#primaryimage\"},\"image\":{\"@id\":\"https:\/\/www.ramunes.lt\/ru\/\u043f\u0440\u043e\u0434\u0443\u043a\u0442\/%d0%ba%d0%be%d1%80%d0%be%d0%b1%d0%ba%d0%b0-%d1%80%d0%be%d0%b7%d0%be%d0%b2%d1%8b%d1%85-%d0%b3%d0%be%d1%80%d1%82%d0%b5%d0%bd%d0%b7%d0%b8%d0%b9-%d0%b8-%d1%84%d0%b8%d0%be%d0%bb%d0%b5%d1%82%d0%be%d0%b2\/#primaryimage\"},\"thumbnailUrl\":\"https:\/\/www.ramunes.lt\/wp-content\/uploads\/2023\/06\/guboja-su-hortenzija-e1686655369323.jpg\",\"datePublished\":\"2023-06-13T11:26:40+00:00\",\"dateModified\":\"2023-06-29T06:41:57+00:00\",\"description\":\"\u042d\u0442\u0430 \u043a\u043e\u0440\u043e\u0431\u043a\u0430 - \u043e\u0442\u043b\u0438\u0447\u043d\u044b\u0439 \u0432\u044b\u0431\u043e\u0440, \u0435\u0441\u043b\u0438 \u0432\u044b \u0438\u0449\u0435\u0442\u0435 \u043c\u0438\u043b\u044b\u0439 \u0438 \u0440\u043e\u043c\u0430\u043d\u0442\u0438\u0447\u043d\u044b\u0439 \u043f\u043e\u0434\u0430\u0440\u043e\u043a \u0434\u043b\u044f \u043b\u044e\u0431\u0438\u043c\u043e\u0433\u043e \u0447\u0435\u043b\u043e\u0432\u0435\u043a\u0430. \u0417\u0430\u043a\u0430\u0437\u044b\u0432\u0430\u0439\u0442\u0435 \u0441\u0435\u0439\u0447\u0430\u0441.\",\"breadcrumb\":{\"@id\":\"https:\/\/www.ramunes.lt\/ru\/\u043f\u0440\u043e\u0434\u0443\u043a\u0442\/%d0%ba%d0%be%d1%80%d0%be%d0%b1%d0%ba%d0%b0-%d1%80%d0%be%d0%b7%d0%be%d0%b2%d1%8b%d1%85-%d0%b3%d0%be%d1%80%d1%82%d0%b5%d0%bd%d0%b7%d0%b8%d0%b9-%d0%b8-%d1%84%d0%b8%d0%be%d0%bb%d0%b5%d1%82%d0%be%d0%b2\/#breadcrumb\"},\"inLanguage\":\"ru-RU\",\"potentialAction\":[{\"@type\":\"ReadAction\",\"target\":[\"https:\/\/www.ramunes.lt\/ru\/\u043f\u0440\u043e\u0434\u0443\u043a\u0442\/%d0%ba%d0%be%d1%80%d0%be%d0%b1%d0%ba%d0%b0-%d1%80%d0%be%d0%b7%d0%be%d0%b2%d1%8b%d1%85-%d0%b3%d0%be%d1%80%d1%82%d0%b5%d0%bd%d0%b7%d0%b8%d0%b9-%d0%b8-%d1%84%d0%b8%d0%be%d0%bb%d0%b5%d1%82%d0%be%d0%b2\/\"]}]},{\"@type\":\"ImageObject\",\"inLanguage\":\"ru-RU\",\"@id\":\"https:\/\/www.ramunes.lt\/ru\/\u043f\u0440\u043e\u0434\u0443\u043a\u0442\/%d0%ba%d0%be%d1%80%d0%be%d0%b1%d0%ba%d0%b0-%d1%80%d0%be%d0%b7%d0%be%d0%b2%d1%8b%d1%85-%d0%b3%d0%be%d1%80%d1%82%d0%b5%d0%bd%d0%b7%d0%b8%d0%b9-%d0%b8-%d1%84%d0%b8%d0%be%d0%bb%d0%b5%d1%82%d0%be%d0%b2\/#primaryimage\",\"url\":\"https:\/\/www.ramunes.lt\/wp-content\/uploads\/2023\/06\/guboja-su-hortenzija-e1686655369323.jpg\",\"contentUrl\":\"https:\/\/www.ramunes.lt\/wp-content\/uploads\/2023\/06\/guboja-su-hortenzija-e1686655369323.jpg\",\"width\":600,\"height\":600,\"caption\":\"Ro\u017ein\u0117 hortenzija ir violetin\u0117s gubojos d\u0117\u017eut\u0117je\"},{\"@type\":\"BreadcrumbList\",\"@id\":\"https:\/\/www.ramunes.lt\/ru\/\u043f\u0440\u043e\u0434\u0443\u043a\u0442\/%d0%ba%d0%be%d1%80%d0%be%d0%b1%d0%ba%d0%b0-%d1%80%d0%be%d0%b7%d0%be%d0%b2%d1%8b%d1%85-%d0%b3%d0%be%d1%80%d1%82%d0%b5%d0%bd%d0%b7%d0%b8%d0%b9-%d0%b8-%d1%84%d0%b8%d0%be%d0%bb%d0%b5%d1%82%d0%be%d0%b2\/#breadcrumb\",\"itemListElement\":[{\"@type\":\"ListItem\",\"position\":1,\"name\":\"Home\",\"item\":\"https:\/\/www.ramunes.lt\/ru\/\"},{\"@type\":\"ListItem\",\"position\":2,\"name\":\"\u0414\u043e\u0441\u0442\u0430\u0432\u043a\u0430 \u0446\u0432\u0435\u0442\u043e\u0432 \u0432 \u0412\u0438\u043b\u044c\u043d\u044e\u0441\u0435\",\"item\":\"https:\/\/www.ramunes.lt\/ru\/\"},{\"@type\":\"ListItem\",\"position\":3,\"name\":\"\u041a\u043e\u0440\u043e\u0431\u043a\u0430 \u0440\u043e\u0437\u043e\u0432\u044b\u0445 \u0433\u043e\u0440\u0442\u0435\u043d\u0437\u0438\u0439 \u0438 \u0444\u0438\u043e\u043b\u0435\u0442\u043e\u0432\u044b\u0445 \u0433\u0438\u043f\u0441\u043e\u0444\u0438\u043b\"}]},{\"@type\":\"WebSite\",\"@id\":\"https:\/\/www.ramunes.lt\/ru\/#website\",\"url\":\"https:\/\/www.ramunes.lt\/ru\/\",\"name\":\"Ramunes.lt- G\u0117li\u0173 pristatymas Vilniuje\",\"description\":\"\",\"potentialAction\":[{\"@type\":\"SearchAction\",\"target\":{\"@type\":\"EntryPoint\",\"urlTemplate\":\"https:\/\/www.ramunes.lt\/ru\/?s={search_term_string}\"},\"query-input\":{\"@type\":\"PropertyValueSpecification\",\"valueRequired\":true,\"valueName\":\"search_term_string\"}}],\"inLanguage\":\"ru-RU\"}]}<\/script>\n<!-- \/ Yoast SEO plugin. -->","yoast_head_json":{"title":"\u041a\u043e\u0440\u043e\u0431\u043a\u0430 \u0433\u043e\u0440\u0442\u0435\u043d\u0437\u0438\u0439 \u0438 \u0444\u0438\u043e\u043b\u0435\u0442\u043e\u0432\u044b\u0445 \u0433\u0438\u043f\u0441\u043e\u0444\u0438\u043b | ramunes.lt - g\u0117l\u0117s Vilniuje","description":"\u042d\u0442\u0430 \u043a\u043e\u0440\u043e\u0431\u043a\u0430 - \u043e\u0442\u043b\u0438\u0447\u043d\u044b\u0439 \u0432\u044b\u0431\u043e\u0440, \u0435\u0441\u043b\u0438 \u0432\u044b \u0438\u0449\u0435\u0442\u0435 \u043c\u0438\u043b\u044b\u0439 \u0438 \u0440\u043e\u043c\u0430\u043d\u0442\u0438\u0447\u043d\u044b\u0439 \u043f\u043e\u0434\u0430\u0440\u043e\u043a \u0434\u043b\u044f \u043b\u044e\u0431\u0438\u043c\u043e\u0433\u043e \u0447\u0435\u043b\u043e\u0432\u0435\u043a\u0430. \u0417\u0430\u043a\u0430\u0437\u044b\u0432\u0430\u0439\u0442\u0435 \u0441\u0435\u0439\u0447\u0430\u0441.","robots":{"index":"noindex","follow":"follow","max-snippet":"max-snippet:-1","max-image-preview":"max-image-preview:large","max-video-preview":"max-video-preview:-1"},"og_locale":"ru_RU","og_type":"article","og_title":"\u041a\u043e\u0440\u043e\u0431\u043a\u0430 \u0433\u043e\u0440\u0442\u0435\u043d\u0437\u0438\u0439 \u0438 \u0444\u0438\u043e\u043b\u0435\u0442\u043e\u0432\u044b\u0445 \u0433\u0438\u043f\u0441\u043e\u0444\u0438\u043b | ramunes.lt - g\u0117l\u0117s Vilniuje","og_description":"\u042d\u0442\u0430 \u043a\u043e\u0440\u043e\u0431\u043a\u0430 - \u043e\u0442\u043b\u0438\u0447\u043d\u044b\u0439 \u0432\u044b\u0431\u043e\u0440, \u0435\u0441\u043b\u0438 \u0432\u044b \u0438\u0449\u0435\u0442\u0435 \u043c\u0438\u043b\u044b\u0439 \u0438 \u0440\u043e\u043c\u0430\u043d\u0442\u0438\u0447\u043d\u044b\u0439 \u043f\u043e\u0434\u0430\u0440\u043e\u043a \u0434\u043b\u044f \u043b\u044e\u0431\u0438\u043c\u043e\u0433\u043e \u0447\u0435\u043b\u043e\u0432\u0435\u043a\u0430. \u0417\u0430\u043a\u0430\u0437\u044b\u0432\u0430\u0439\u0442\u0435 \u0441\u0435\u0439\u0447\u0430\u0441.","og_url":"https:\/\/www.ramunes.lt\/ru\/\u043f\u0440\u043e\u0434\u0443\u043a\u0442\/%d0%ba%d0%be%d1%80%d0%be%d0%b1%d0%ba%d0%b0-%d1%80%d0%be%d0%b7%d0%be%d0%b2%d1%8b%d1%85-%d0%b3%d0%be%d1%80%d1%82%d0%b5%d0%bd%d0%b7%d0%b8%d0%b9-%d0%b8-%d1%84%d0%b8%d0%be%d0%bb%d0%b5%d1%82%d0%be%d0%b2\/","og_site_name":"Ramunes.lt- G\u0117li\u0173 pristatymas Vilniuje","article_modified_time":"2023-06-29T06:41:57+00:00","og_image":[{"width":600,"height":600,"url":"https:\/\/www.ramunes.lt\/wp-content\/uploads\/2023\/06\/guboja-su-hortenzija-e1686655369323.jpg","type":"image\/jpeg"}],"twitter_card":"summary_large_image","schema":{"@context":"https:\/\/schema.org","@graph":[{"@type":"WebPage","@id":"https:\/\/www.ramunes.lt\/ru\/\u043f\u0440\u043e\u0434\u0443\u043a\u0442\/%d0%ba%d0%be%d1%80%d0%be%d0%b1%d0%ba%d0%b0-%d1%80%d0%be%d0%b7%d0%be%d0%b2%d1%8b%d1%85-%d0%b3%d0%be%d1%80%d1%82%d0%b5%d0%bd%d0%b7%d0%b8%d0%b9-%d0%b8-%d1%84%d0%b8%d0%be%d0%bb%d0%b5%d1%82%d0%be%d0%b2\/","url":"https:\/\/www.ramunes.lt\/ru\/\u043f\u0440\u043e\u0434\u0443\u043a\u0442\/%d0%ba%d0%be%d1%80%d0%be%d0%b1%d0%ba%d0%b0-%d1%80%d0%be%d0%b7%d0%be%d0%b2%d1%8b%d1%85-%d0%b3%d0%be%d1%80%d1%82%d0%b5%d0%bd%d0%b7%d0%b8%d0%b9-%d0%b8-%d1%84%d0%b8%d0%be%d0%bb%d0%b5%d1%82%d0%be%d0%b2\/","name":"\u041a\u043e\u0440\u043e\u0431\u043a\u0430 \u0433\u043e\u0440\u0442\u0435\u043d\u0437\u0438\u0439 \u0438 \u0444\u0438\u043e\u043b\u0435\u0442\u043e\u0432\u044b\u0445 \u0433\u0438\u043f\u0441\u043e\u0444\u0438\u043b | ramunes.lt - g\u0117l\u0117s Vilniuje","isPartOf":{"@id":"https:\/\/www.ramunes.lt\/ru\/#website"},"primaryImageOfPage":{"@id":"https:\/\/www.ramunes.lt\/ru\/\u043f\u0440\u043e\u0434\u0443\u043a\u0442\/%d0%ba%d0%be%d1%80%d0%be%d0%b1%d0%ba%d0%b0-%d1%80%d0%be%d0%b7%d0%be%d0%b2%d1%8b%d1%85-%d0%b3%d0%be%d1%80%d1%82%d0%b5%d0%bd%d0%b7%d0%b8%d0%b9-%d0%b8-%d1%84%d0%b8%d0%be%d0%bb%d0%b5%d1%82%d0%be%d0%b2\/#primaryimage"},"image":{"@id":"https:\/\/www.ramunes.lt\/ru\/\u043f\u0440\u043e\u0434\u0443\u043a\u0442\/%d0%ba%d0%be%d1%80%d0%be%d0%b1%d0%ba%d0%b0-%d1%80%d0%be%d0%b7%d0%be%d0%b2%d1%8b%d1%85-%d0%b3%d0%be%d1%80%d1%82%d0%b5%d0%bd%d0%b7%d0%b8%d0%b9-%d0%b8-%d1%84%d0%b8%d0%be%d0%bb%d0%b5%d1%82%d0%be%d0%b2\/#primaryimage"},"thumbnailUrl":"https:\/\/www.ramunes.lt\/wp-content\/uploads\/2023\/06\/guboja-su-hortenzija-e1686655369323.jpg","datePublished":"2023-06-13T11:26:40+00:00","dateModified":"2023-06-29T06:41:57+00:00","description":"\u042d\u0442\u0430 \u043a\u043e\u0440\u043e\u0431\u043a\u0430 - \u043e\u0442\u043b\u0438\u0447\u043d\u044b\u0439 \u0432\u044b\u0431\u043e\u0440, \u0435\u0441\u043b\u0438 \u0432\u044b \u0438\u0449\u0435\u0442\u0435 \u043c\u0438\u043b\u044b\u0439 \u0438 \u0440\u043e\u043c\u0430\u043d\u0442\u0438\u0447\u043d\u044b\u0439 \u043f\u043e\u0434\u0430\u0440\u043e\u043a \u0434\u043b\u044f \u043b\u044e\u0431\u0438\u043c\u043e\u0433\u043e \u0447\u0435\u043b\u043e\u0432\u0435\u043a\u0430. \u0417\u0430\u043a\u0430\u0437\u044b\u0432\u0430\u0439\u0442\u0435 \u0441\u0435\u0439\u0447\u0430\u0441.","breadcrumb":{"@id":"https:\/\/www.ramunes.lt\/ru\/\u043f\u0440\u043e\u0434\u0443\u043a\u0442\/%d0%ba%d0%be%d1%80%d0%be%d0%b1%d0%ba%d0%b0-%d1%80%d0%be%d0%b7%d0%be%d0%b2%d1%8b%d1%85-%d0%b3%d0%be%d1%80%d1%82%d0%b5%d0%bd%d0%b7%d0%b8%d0%b9-%d0%b8-%d1%84%d0%b8%d0%be%d0%bb%d0%b5%d1%82%d0%be%d0%b2\/#breadcrumb"},"inLanguage":"ru-RU","potentialAction":[{"@type":"ReadAction","target":["https:\/\/www.ramunes.lt\/ru\/\u043f\u0440\u043e\u0434\u0443\u043a\u0442\/%d0%ba%d0%be%d1%80%d0%be%d0%b1%d0%ba%d0%b0-%d1%80%d0%be%d0%b7%d0%be%d0%b2%d1%8b%d1%85-%d0%b3%d0%be%d1%80%d1%82%d0%b5%d0%bd%d0%b7%d0%b8%d0%b9-%d0%b8-%d1%84%d0%b8%d0%be%d0%bb%d0%b5%d1%82%d0%be%d0%b2\/"]}]},{"@type":"ImageObject","inLanguage":"ru-RU","@id":"https:\/\/www.ramunes.lt\/ru\/\u043f\u0440\u043e\u0434\u0443\u043a\u0442\/%d0%ba%d0%be%d1%80%d0%be%d0%b1%d0%ba%d0%b0-%d1%80%d0%be%d0%b7%d0%be%d0%b2%d1%8b%d1%85-%d0%b3%d0%be%d1%80%d1%82%d0%b5%d0%bd%d0%b7%d0%b8%d0%b9-%d0%b8-%d1%84%d0%b8%d0%be%d0%bb%d0%b5%d1%82%d0%be%d0%b2\/#primaryimage","url":"https:\/\/www.ramunes.lt\/wp-content\/uploads\/2023\/06\/guboja-su-hortenzija-e1686655369323.jpg","contentUrl":"https:\/\/www.ramunes.lt\/wp-content\/uploads\/2023\/06\/guboja-su-hortenzija-e1686655369323.jpg","width":600,"height":600,"caption":"Ro\u017ein\u0117 hortenzija ir violetin\u0117s gubojos d\u0117\u017eut\u0117je"},{"@type":"BreadcrumbList","@id":"https:\/\/www.ramunes.lt\/ru\/\u043f\u0440\u043e\u0434\u0443\u043a\u0442\/%d0%ba%d0%be%d1%80%d0%be%d0%b1%d0%ba%d0%b0-%d1%80%d0%be%d0%b7%d0%be%d0%b2%d1%8b%d1%85-%d0%b3%d0%be%d1%80%d1%82%d0%b5%d0%bd%d0%b7%d0%b8%d0%b9-%d0%b8-%d1%84%d0%b8%d0%be%d0%bb%d0%b5%d1%82%d0%be%d0%b2\/#breadcrumb","itemListElement":[{"@type":"ListItem","position":1,"name":"Home","item":"https:\/\/www.ramunes.lt\/ru\/"},{"@type":"ListItem","position":2,"name":"\u0414\u043e\u0441\u0442\u0430\u0432\u043a\u0430 \u0446\u0432\u0435\u0442\u043e\u0432 \u0432 \u0412\u0438\u043b\u044c\u043d\u044e\u0441\u0435","item":"https:\/\/www.ramunes.lt\/ru\/"},{"@type":"ListItem","position":3,"name":"\u041a\u043e\u0440\u043e\u0431\u043a\u0430 \u0440\u043e\u0437\u043e\u0432\u044b\u0445 \u0433\u043e\u0440\u0442\u0435\u043d\u0437\u0438\u0439 \u0438 \u0444\u0438\u043e\u043b\u0435\u0442\u043e\u0432\u044b\u0445 \u0433\u0438\u043f\u0441\u043e\u0444\u0438\u043b"}]},{"@type":"WebSite","@id":"https:\/\/www.ramunes.lt\/ru\/#website","url":"https:\/\/www.ramunes.lt\/ru\/","name":"Ramunes.lt- G\u0117li\u0173 pristatymas Vilniuje","description":"","potentialAction":[{"@type":"SearchAction","target":{"@type":"EntryPoint","urlTemplate":"https:\/\/www.ramunes.lt\/ru\/?s={search_term_string}"},"query-input":{"@type":"PropertyValueSpecification","valueRequired":true,"valueName":"search_term_string"}}],"inLanguage":"ru-RU"}]}},"new_scheduled_revision":null,"save_as_revision":null,"_links":{"self":[{"href":"https:\/\/www.ramunes.lt\/ru\/wp-json\/wp\/v2\/product\/9625","targetHints":{"allow":["GET"]}}],"collection":[{"href":"https:\/\/www.ramunes.lt\/ru\/wp-json\/wp\/v2\/product"}],"about":[{"href":"https:\/\/www.ramunes.lt\/ru\/wp-json\/wp\/v2\/types\/product"}],"wp:featuredmedia":[{"embeddable":true,"href":"https:\/\/www.ramunes.lt\/ru\/wp-json\/wp\/v2\/media\/8949"}],"wp:attachment":[{"href":"https:\/\/www.ramunes.lt\/ru\/wp-json\/wp\/v2\/media?parent=9625"}],"wp:term":[{"taxonomy":"product_brand","embeddable":true,"href":"https:\/\/www.ramunes.lt\/ru\/wp-json\/wp\/v2\/product_brand?post=9625"},{"taxonomy":"product_cat","embeddable":true,"href":"https:\/\/www.ramunes.lt\/ru\/wp-json\/wp\/v2\/product_cat?post=9625"},{"taxonomy":"product_tag","embeddable":true,"href":"https:\/\/www.ramunes.lt\/ru\/wp-json\/wp\/v2\/product_tag?post=9625"}],"curies":[{"name":"wp","href":"https:\/\/api.w.org\/{rel}","templated":true}]}}