{"id":9373,"date":"2020-03-31T09:18:36","date_gmt":"2020-03-31T06:18:36","guid":{"rendered":"https:\/\/ramunes.lt\/produktas\/%d0%b1%d1%83%d0%ba%d0%b5%d1%82-%d0%b1%d0%b5%d0%bb%d1%8b%d1%85-%d1%8d%d1%83%d1%81%d1%82%d0%be%d0%bc\/"},"modified":"2025-02-05T17:58:29","modified_gmt":"2025-02-05T14:58:29","slug":"%d0%b1%d1%83%d0%ba%d0%b5%d1%82-%d0%b1%d0%b5%d0%bb%d1%8b%d1%85-%d1%8d%d1%83%d1%81%d1%82%d0%be%d0%bc","status":"publish","type":"product","link":"https:\/\/www.ramunes.lt\/ru\/\u043f\u0440\u043e\u0434\u0443\u043a\u0442\/%d0%b1%d1%83%d0%ba%d0%b5%d1%82-%d0%b1%d0%b5%d0%bb%d1%8b%d1%85-%d1%8d%d1%83%d1%81%d1%82%d0%be%d0%bc\/","title":{"rendered":"\u0411\u0443\u043a\u0435\u0442 \u0431\u0435\u043b\u044b\u0445 \u044d\u0443\u0441\u0442\u043e\u043c"},"content":{"rendered":"<p>\u0411\u0443\u043a\u0435\u0442 \u0438\u0437 \u0431\u0435\u043b\u044b\u0445 \u044d\u0443\u0441\u0442\u043e\u043c &#8212; \u0441\u043e\u0447\u0435\u0442\u0430\u043d\u0438\u0435 \u044d\u043b\u0435\u0433\u0430\u043d\u0442\u043d\u043e\u0441\u0442\u0438 \u0438 \u0438\u0437\u044f\u0449\u0435\u0441\u0442\u0432\u0430. \u041a\u0430\u0436\u0434\u043e\u0439 \u0436\u0435\u043d\u0449\u0438\u043d\u0435 \u0431\u0443\u0434\u0435\u0442 \u043f\u0440\u0438\u044f\u0442\u043d\u043e \u043f\u043e\u043b\u0443\u0447\u0438\u0442\u044c \u0431\u0443\u043a\u0435\u0442 \u044d\u0442\u0438\u0445 \u0446\u0432\u0435\u0442\u043e\u0432. \u041d\u0435\u0436\u043d\u044b\u0435 \u043a\u043e\u043b\u044c\u0446\u0430 \u044d\u0443\u0441\u0442\u043e\u043c\u044b \u0432\u044b\u0433\u043b\u044f\u0434\u044f\u0442 \u043e\u0447\u0435\u043d\u044c \u043a\u0440\u0430\u0441\u0438\u0432\u043e \u0438 \u0443\u043a\u0440\u0430\u0441\u044f\u0442 \u043a\u0430\u0436\u0434\u044b\u0439 \u0434\u043e\u043c. \u041f\u043e\u0434\u0430\u0440\u0438\u0442\u0435 \u0441\u0432\u043e\u0438\u043c \u0431\u043b\u0438\u0437\u043a\u0438\u043c \u043f\u0440\u0435\u043a\u0440\u0430\u0441\u043d\u044b\u0435 \u0432\u043e\u0441\u043f\u043e\u043c\u0438\u043d\u0430\u043d\u0438\u044f.<\/p>\n","protected":false},"excerpt":{"rendered":"<p>\u0411\u0443\u043a\u0435\u0442 \u0438\u0437 \u0431\u0435\u043b\u044b\u0445 \u044d\u0443\u0441\u0442\u043e\u043c &#8212; \u0441\u043e\u0447\u0435\u0442\u0430\u043d\u0438\u0435 \u044d\u043b\u0435\u0433\u0430\u043d\u0442\u043d\u043e\u0441\u0442\u0438 \u0438 \u0438\u0437\u044f\u0449\u0435\u0441\u0442\u0432\u0430. \u041a\u0430\u0436\u0434\u043e\u0439 \u0436\u0435\u043d\u0449\u0438\u043d\u0435 \u0431\u0443\u0434\u0435\u0442 \u043f\u0440\u0438\u044f\u0442\u043d\u043e \u043f\u043e\u043b\u0443\u0447\u0438\u0442\u044c \u0431\u0443\u043a\u0435\u0442 \u044d\u0442\u0438\u0445 \u0446\u0432\u0435\u0442\u043e\u0432. \u041d\u0435\u0436\u043d\u044b\u0435 \u043a\u043e\u043b\u044c\u0446\u0430 \u044d\u0443\u0441\u0442\u043e\u043c\u044b \u0432\u044b\u0433\u043b\u044f\u0434\u044f\u0442 \u043e\u0447\u0435\u043d\u044c \u043a\u0440\u0430\u0441\u0438\u0432\u043e \u0438 \u0443\u043a\u0440\u0430\u0441\u044f\u0442 \u043a\u0430\u0436\u0434\u044b\u0439 \u0434\u043e\u043c. \u041f\u043e\u0434\u0430\u0440\u0438\u0442\u0435 \u0441\u0432\u043e\u0438\u043c \u0431\u043b\u0438\u0437\u043a\u0438\u043c \u043f\u0440\u0435\u043a\u0440\u0430\u0441\u043d\u044b\u0435 \u0432\u043e\u0441\u043f\u043e\u043c\u0438\u043d\u0430\u043d\u0438\u044f.<\/p>\n","protected":false},"featured_media":6490,"template":"","meta":[],"product_brand":[],"product_cat":[149,139,142],"product_tag":[],"class_list":{"0":"post-9373","1":"product","2":"type-product","3":"status-publish","4":"has-post-thumbnail","6":"product_cat-149","7":"product_cat-139","8":"product_cat-142","9":"tm-has-styled-variations","10":"tm-has-options","11":"mk-info-sticky","13":"first","14":"instock","15":"taxable","16":"shipping-taxable","17":"purchasable","18":"product-type-variable"},"yoast_head":"<!-- This site is optimized with the Yoast SEO plugin v24.7 - https:\/\/yoast.com\/wordpress\/plugins\/seo\/ -->\n<title>\u0411\u0443\u043a\u0435\u0442 \u0431\u0435\u043b\u044b\u0445 \u044d\u0443\u0441\u0442\u043e\u043c | G\u0117l\u0117s | Ramunes.lt - G\u0117li\u0173 pristatymas<\/title>\n<meta name=\"description\" content=\"\u0411\u0435\u043b\u044b\u0435 \u044d\u0443\u0441\u0442\u043e\u043c\u044b \u2013 \u0440\u043e\u0441\u043a\u043e\u0448\u043d\u044b\u0435 \u0446\u0432\u0435\u0442\u044b \u043f\u043e\u0434\u0445\u043e\u0434\u044f\u0442 \u0434\u043b\u044f \u043f\u043e\u0437\u0434\u0440\u0430\u0432\u043b\u0435\u043d\u0438\u044f \u0441 \u043e\u0441\u043e\u0431\u044b\u043c\u0438 \u0441\u043b\u0443\u0447\u0430\u044f\u043c\u0438 \u0438\u043b\u0438 \u0443\u043a\u0440\u0430\u0448\u0435\u043d\u0438\u044f \u0432\u0430\u0448\u0438\u0445 \u0442\u043e\u0440\u0436\u0435\u0441\u0442\u0432\u0435\u043d\u043d\u044b\u0445 \u043f\u0440\u0430\u0437\u0434\u043d\u0438\u043a\u043e\u0432.\" \/>\n<meta name=\"robots\" content=\"noindex, follow, max-snippet:-1, max-image-preview:large, max-video-preview:-1\" \/>\n<meta property=\"og:locale\" content=\"ru_RU\" \/>\n<meta property=\"og:type\" content=\"article\" \/>\n<meta property=\"og:title\" content=\"\u0411\u0443\u043a\u0435\u0442 \u0431\u0435\u043b\u044b\u0445 \u044d\u0443\u0441\u0442\u043e\u043c | G\u0117l\u0117s | Ramunes.lt - G\u0117li\u0173 pristatymas\" \/>\n<meta property=\"og:description\" content=\"\u0411\u0435\u043b\u044b\u0435 \u044d\u0443\u0441\u0442\u043e\u043c\u044b \u2013 \u0440\u043e\u0441\u043a\u043e\u0448\u043d\u044b\u0435 \u0446\u0432\u0435\u0442\u044b \u043f\u043e\u0434\u0445\u043e\u0434\u044f\u0442 \u0434\u043b\u044f \u043f\u043e\u0437\u0434\u0440\u0430\u0432\u043b\u0435\u043d\u0438\u044f \u0441 \u043e\u0441\u043e\u0431\u044b\u043c\u0438 \u0441\u043b\u0443\u0447\u0430\u044f\u043c\u0438 \u0438\u043b\u0438 \u0443\u043a\u0440\u0430\u0448\u0435\u043d\u0438\u044f \u0432\u0430\u0448\u0438\u0445 \u0442\u043e\u0440\u0436\u0435\u0441\u0442\u0432\u0435\u043d\u043d\u044b\u0445 \u043f\u0440\u0430\u0437\u0434\u043d\u0438\u043a\u043e\u0432.\" \/>\n<meta property=\"og:url\" content=\"https:\/\/www.ramunes.lt\/ru\/\u043f\u0440\u043e\u0434\u0443\u043a\u0442\/%d0%b1%d1%83%d0%ba%d0%b5%d1%82-%d0%b1%d0%b5%d0%bb%d1%8b%d1%85-%d1%8d%d1%83%d1%81%d1%82%d0%be%d0%bc\/\" \/>\n<meta property=\"og:site_name\" content=\"Ramunes.lt- G\u0117li\u0173 pristatymas Vilniuje\" \/>\n<meta property=\"article:modified_time\" content=\"2025-02-05T14:58:29+00:00\" \/>\n<meta property=\"og:image\" content=\"https:\/\/www.ramunes.lt\/wp-content\/uploads\/2020\/03\/geliu-puokstes-baltos-eustomos-1024x1024.jpg\" \/>\n\t<meta property=\"og:image:width\" content=\"1024\" \/>\n\t<meta property=\"og:image:height\" content=\"1024\" \/>\n\t<meta property=\"og:image:type\" content=\"image\/jpeg\" \/>\n<meta name=\"twitter:card\" content=\"summary_large_image\" \/>\n<script type=\"application\/ld+json\" class=\"yoast-schema-graph\">{\"@context\":\"https:\/\/schema.org\",\"@graph\":[{\"@type\":\"WebPage\",\"@id\":\"https:\/\/www.ramunes.lt\/ru\/\u043f\u0440\u043e\u0434\u0443\u043a\u0442\/%d0%b1%d1%83%d0%ba%d0%b5%d1%82-%d0%b1%d0%b5%d0%bb%d1%8b%d1%85-%d1%8d%d1%83%d1%81%d1%82%d0%be%d0%bc\/\",\"url\":\"https:\/\/www.ramunes.lt\/ru\/\u043f\u0440\u043e\u0434\u0443\u043a\u0442\/%d0%b1%d1%83%d0%ba%d0%b5%d1%82-%d0%b1%d0%b5%d0%bb%d1%8b%d1%85-%d1%8d%d1%83%d1%81%d1%82%d0%be%d0%bc\/\",\"name\":\"\u0411\u0443\u043a\u0435\u0442 \u0431\u0435\u043b\u044b\u0445 \u044d\u0443\u0441\u0442\u043e\u043c | G\u0117l\u0117s | Ramunes.lt - G\u0117li\u0173 pristatymas\",\"isPartOf\":{\"@id\":\"https:\/\/www.ramunes.lt\/ru\/#website\"},\"primaryImageOfPage\":{\"@id\":\"https:\/\/www.ramunes.lt\/ru\/\u043f\u0440\u043e\u0434\u0443\u043a\u0442\/%d0%b1%d1%83%d0%ba%d0%b5%d1%82-%d0%b1%d0%b5%d0%bb%d1%8b%d1%85-%d1%8d%d1%83%d1%81%d1%82%d0%be%d0%bc\/#primaryimage\"},\"image\":{\"@id\":\"https:\/\/www.ramunes.lt\/ru\/\u043f\u0440\u043e\u0434\u0443\u043a\u0442\/%d0%b1%d1%83%d0%ba%d0%b5%d1%82-%d0%b1%d0%b5%d0%bb%d1%8b%d1%85-%d1%8d%d1%83%d1%81%d1%82%d0%be%d0%bc\/#primaryimage\"},\"thumbnailUrl\":\"https:\/\/www.ramunes.lt\/wp-content\/uploads\/2020\/03\/geliu-puokstes-baltos-eustomos.jpg\",\"datePublished\":\"2020-03-31T06:18:36+00:00\",\"dateModified\":\"2025-02-05T14:58:29+00:00\",\"description\":\"\u0411\u0435\u043b\u044b\u0435 \u044d\u0443\u0441\u0442\u043e\u043c\u044b \u2013 \u0440\u043e\u0441\u043a\u043e\u0448\u043d\u044b\u0435 \u0446\u0432\u0435\u0442\u044b \u043f\u043e\u0434\u0445\u043e\u0434\u044f\u0442 \u0434\u043b\u044f \u043f\u043e\u0437\u0434\u0440\u0430\u0432\u043b\u0435\u043d\u0438\u044f \u0441 \u043e\u0441\u043e\u0431\u044b\u043c\u0438 \u0441\u043b\u0443\u0447\u0430\u044f\u043c\u0438 \u0438\u043b\u0438 \u0443\u043a\u0440\u0430\u0448\u0435\u043d\u0438\u044f \u0432\u0430\u0448\u0438\u0445 \u0442\u043e\u0440\u0436\u0435\u0441\u0442\u0432\u0435\u043d\u043d\u044b\u0445 \u043f\u0440\u0430\u0437\u0434\u043d\u0438\u043a\u043e\u0432.\",\"breadcrumb\":{\"@id\":\"https:\/\/www.ramunes.lt\/ru\/\u043f\u0440\u043e\u0434\u0443\u043a\u0442\/%d0%b1%d1%83%d0%ba%d0%b5%d1%82-%d0%b1%d0%b5%d0%bb%d1%8b%d1%85-%d1%8d%d1%83%d1%81%d1%82%d0%be%d0%bc\/#breadcrumb\"},\"inLanguage\":\"ru-RU\",\"potentialAction\":[{\"@type\":\"ReadAction\",\"target\":[\"https:\/\/www.ramunes.lt\/ru\/\u043f\u0440\u043e\u0434\u0443\u043a\u0442\/%d0%b1%d1%83%d0%ba%d0%b5%d1%82-%d0%b1%d0%b5%d0%bb%d1%8b%d1%85-%d1%8d%d1%83%d1%81%d1%82%d0%be%d0%bc\/\"]}]},{\"@type\":\"ImageObject\",\"inLanguage\":\"ru-RU\",\"@id\":\"https:\/\/www.ramunes.lt\/ru\/\u043f\u0440\u043e\u0434\u0443\u043a\u0442\/%d0%b1%d1%83%d0%ba%d0%b5%d1%82-%d0%b1%d0%b5%d0%bb%d1%8b%d1%85-%d1%8d%d1%83%d1%81%d1%82%d0%be%d0%bc\/#primaryimage\",\"url\":\"https:\/\/www.ramunes.lt\/wp-content\/uploads\/2020\/03\/geliu-puokstes-baltos-eustomos.jpg\",\"contentUrl\":\"https:\/\/www.ramunes.lt\/wp-content\/uploads\/2020\/03\/geliu-puokstes-baltos-eustomos.jpg\",\"width\":2448,\"height\":2448},{\"@type\":\"BreadcrumbList\",\"@id\":\"https:\/\/www.ramunes.lt\/ru\/\u043f\u0440\u043e\u0434\u0443\u043a\u0442\/%d0%b1%d1%83%d0%ba%d0%b5%d1%82-%d0%b1%d0%b5%d0%bb%d1%8b%d1%85-%d1%8d%d1%83%d1%81%d1%82%d0%be%d0%bc\/#breadcrumb\",\"itemListElement\":[{\"@type\":\"ListItem\",\"position\":1,\"name\":\"Home\",\"item\":\"https:\/\/www.ramunes.lt\/ru\/\"},{\"@type\":\"ListItem\",\"position\":2,\"name\":\"\u0414\u043e\u0441\u0442\u0430\u0432\u043a\u0430 \u0446\u0432\u0435\u0442\u043e\u0432 \u0432 \u0412\u0438\u043b\u044c\u043d\u044e\u0441\u0435\",\"item\":\"https:\/\/www.ramunes.lt\/ru\/\"},{\"@type\":\"ListItem\",\"position\":3,\"name\":\"\u0411\u0443\u043a\u0435\u0442 \u0431\u0435\u043b\u044b\u0445 \u044d\u0443\u0441\u0442\u043e\u043c\"}]},{\"@type\":\"WebSite\",\"@id\":\"https:\/\/www.ramunes.lt\/ru\/#website\",\"url\":\"https:\/\/www.ramunes.lt\/ru\/\",\"name\":\"Ramunes.lt- G\u0117li\u0173 pristatymas Vilniuje\",\"description\":\"\",\"potentialAction\":[{\"@type\":\"SearchAction\",\"target\":{\"@type\":\"EntryPoint\",\"urlTemplate\":\"https:\/\/www.ramunes.lt\/ru\/?s={search_term_string}\"},\"query-input\":{\"@type\":\"PropertyValueSpecification\",\"valueRequired\":true,\"valueName\":\"search_term_string\"}}],\"inLanguage\":\"ru-RU\"}]}<\/script>\n<!-- \/ Yoast SEO plugin. -->","yoast_head_json":{"title":"\u0411\u0443\u043a\u0435\u0442 \u0431\u0435\u043b\u044b\u0445 \u044d\u0443\u0441\u0442\u043e\u043c | G\u0117l\u0117s | Ramunes.lt - G\u0117li\u0173 pristatymas","description":"\u0411\u0435\u043b\u044b\u0435 \u044d\u0443\u0441\u0442\u043e\u043c\u044b \u2013 \u0440\u043e\u0441\u043a\u043e\u0448\u043d\u044b\u0435 \u0446\u0432\u0435\u0442\u044b \u043f\u043e\u0434\u0445\u043e\u0434\u044f\u0442 \u0434\u043b\u044f \u043f\u043e\u0437\u0434\u0440\u0430\u0432\u043b\u0435\u043d\u0438\u044f \u0441 \u043e\u0441\u043e\u0431\u044b\u043c\u0438 \u0441\u043b\u0443\u0447\u0430\u044f\u043c\u0438 \u0438\u043b\u0438 \u0443\u043a\u0440\u0430\u0448\u0435\u043d\u0438\u044f \u0432\u0430\u0448\u0438\u0445 \u0442\u043e\u0440\u0436\u0435\u0441\u0442\u0432\u0435\u043d\u043d\u044b\u0445 \u043f\u0440\u0430\u0437\u0434\u043d\u0438\u043a\u043e\u0432.","robots":{"index":"noindex","follow":"follow","max-snippet":"max-snippet:-1","max-image-preview":"max-image-preview:large","max-video-preview":"max-video-preview:-1"},"og_locale":"ru_RU","og_type":"article","og_title":"\u0411\u0443\u043a\u0435\u0442 \u0431\u0435\u043b\u044b\u0445 \u044d\u0443\u0441\u0442\u043e\u043c | G\u0117l\u0117s | Ramunes.lt - G\u0117li\u0173 pristatymas","og_description":"\u0411\u0435\u043b\u044b\u0435 \u044d\u0443\u0441\u0442\u043e\u043c\u044b \u2013 \u0440\u043e\u0441\u043a\u043e\u0448\u043d\u044b\u0435 \u0446\u0432\u0435\u0442\u044b \u043f\u043e\u0434\u0445\u043e\u0434\u044f\u0442 \u0434\u043b\u044f \u043f\u043e\u0437\u0434\u0440\u0430\u0432\u043b\u0435\u043d\u0438\u044f \u0441 \u043e\u0441\u043e\u0431\u044b\u043c\u0438 \u0441\u043b\u0443\u0447\u0430\u044f\u043c\u0438 \u0438\u043b\u0438 \u0443\u043a\u0440\u0430\u0448\u0435\u043d\u0438\u044f \u0432\u0430\u0448\u0438\u0445 \u0442\u043e\u0440\u0436\u0435\u0441\u0442\u0432\u0435\u043d\u043d\u044b\u0445 \u043f\u0440\u0430\u0437\u0434\u043d\u0438\u043a\u043e\u0432.","og_url":"https:\/\/www.ramunes.lt\/ru\/\u043f\u0440\u043e\u0434\u0443\u043a\u0442\/%d0%b1%d1%83%d0%ba%d0%b5%d1%82-%d0%b1%d0%b5%d0%bb%d1%8b%d1%85-%d1%8d%d1%83%d1%81%d1%82%d0%be%d0%bc\/","og_site_name":"Ramunes.lt- G\u0117li\u0173 pristatymas Vilniuje","article_modified_time":"2025-02-05T14:58:29+00:00","og_image":[{"width":1024,"height":1024,"url":"https:\/\/www.ramunes.lt\/wp-content\/uploads\/2020\/03\/geliu-puokstes-baltos-eustomos-1024x1024.jpg","type":"image\/jpeg"}],"twitter_card":"summary_large_image","schema":{"@context":"https:\/\/schema.org","@graph":[{"@type":"WebPage","@id":"https:\/\/www.ramunes.lt\/ru\/\u043f\u0440\u043e\u0434\u0443\u043a\u0442\/%d0%b1%d1%83%d0%ba%d0%b5%d1%82-%d0%b1%d0%b5%d0%bb%d1%8b%d1%85-%d1%8d%d1%83%d1%81%d1%82%d0%be%d0%bc\/","url":"https:\/\/www.ramunes.lt\/ru\/\u043f\u0440\u043e\u0434\u0443\u043a\u0442\/%d0%b1%d1%83%d0%ba%d0%b5%d1%82-%d0%b1%d0%b5%d0%bb%d1%8b%d1%85-%d1%8d%d1%83%d1%81%d1%82%d0%be%d0%bc\/","name":"\u0411\u0443\u043a\u0435\u0442 \u0431\u0435\u043b\u044b\u0445 \u044d\u0443\u0441\u0442\u043e\u043c | G\u0117l\u0117s | Ramunes.lt - G\u0117li\u0173 pristatymas","isPartOf":{"@id":"https:\/\/www.ramunes.lt\/ru\/#website"},"primaryImageOfPage":{"@id":"https:\/\/www.ramunes.lt\/ru\/\u043f\u0440\u043e\u0434\u0443\u043a\u0442\/%d0%b1%d1%83%d0%ba%d0%b5%d1%82-%d0%b1%d0%b5%d0%bb%d1%8b%d1%85-%d1%8d%d1%83%d1%81%d1%82%d0%be%d0%bc\/#primaryimage"},"image":{"@id":"https:\/\/www.ramunes.lt\/ru\/\u043f\u0440\u043e\u0434\u0443\u043a\u0442\/%d0%b1%d1%83%d0%ba%d0%b5%d1%82-%d0%b1%d0%b5%d0%bb%d1%8b%d1%85-%d1%8d%d1%83%d1%81%d1%82%d0%be%d0%bc\/#primaryimage"},"thumbnailUrl":"https:\/\/www.ramunes.lt\/wp-content\/uploads\/2020\/03\/geliu-puokstes-baltos-eustomos.jpg","datePublished":"2020-03-31T06:18:36+00:00","dateModified":"2025-02-05T14:58:29+00:00","description":"\u0411\u0435\u043b\u044b\u0435 \u044d\u0443\u0441\u0442\u043e\u043c\u044b \u2013 \u0440\u043e\u0441\u043a\u043e\u0448\u043d\u044b\u0435 \u0446\u0432\u0435\u0442\u044b \u043f\u043e\u0434\u0445\u043e\u0434\u044f\u0442 \u0434\u043b\u044f \u043f\u043e\u0437\u0434\u0440\u0430\u0432\u043b\u0435\u043d\u0438\u044f \u0441 \u043e\u0441\u043e\u0431\u044b\u043c\u0438 \u0441\u043b\u0443\u0447\u0430\u044f\u043c\u0438 \u0438\u043b\u0438 \u0443\u043a\u0440\u0430\u0448\u0435\u043d\u0438\u044f \u0432\u0430\u0448\u0438\u0445 \u0442\u043e\u0440\u0436\u0435\u0441\u0442\u0432\u0435\u043d\u043d\u044b\u0445 \u043f\u0440\u0430\u0437\u0434\u043d\u0438\u043a\u043e\u0432.","breadcrumb":{"@id":"https:\/\/www.ramunes.lt\/ru\/\u043f\u0440\u043e\u0434\u0443\u043a\u0442\/%d0%b1%d1%83%d0%ba%d0%b5%d1%82-%d0%b1%d0%b5%d0%bb%d1%8b%d1%85-%d1%8d%d1%83%d1%81%d1%82%d0%be%d0%bc\/#breadcrumb"},"inLanguage":"ru-RU","potentialAction":[{"@type":"ReadAction","target":["https:\/\/www.ramunes.lt\/ru\/\u043f\u0440\u043e\u0434\u0443\u043a\u0442\/%d0%b1%d1%83%d0%ba%d0%b5%d1%82-%d0%b1%d0%b5%d0%bb%d1%8b%d1%85-%d1%8d%d1%83%d1%81%d1%82%d0%be%d0%bc\/"]}]},{"@type":"ImageObject","inLanguage":"ru-RU","@id":"https:\/\/www.ramunes.lt\/ru\/\u043f\u0440\u043e\u0434\u0443\u043a\u0442\/%d0%b1%d1%83%d0%ba%d0%b5%d1%82-%d0%b1%d0%b5%d0%bb%d1%8b%d1%85-%d1%8d%d1%83%d1%81%d1%82%d0%be%d0%bc\/#primaryimage","url":"https:\/\/www.ramunes.lt\/wp-content\/uploads\/2020\/03\/geliu-puokstes-baltos-eustomos.jpg","contentUrl":"https:\/\/www.ramunes.lt\/wp-content\/uploads\/2020\/03\/geliu-puokstes-baltos-eustomos.jpg","width":2448,"height":2448},{"@type":"BreadcrumbList","@id":"https:\/\/www.ramunes.lt\/ru\/\u043f\u0440\u043e\u0434\u0443\u043a\u0442\/%d0%b1%d1%83%d0%ba%d0%b5%d1%82-%d0%b1%d0%b5%d0%bb%d1%8b%d1%85-%d1%8d%d1%83%d1%81%d1%82%d0%be%d0%bc\/#breadcrumb","itemListElement":[{"@type":"ListItem","position":1,"name":"Home","item":"https:\/\/www.ramunes.lt\/ru\/"},{"@type":"ListItem","position":2,"name":"\u0414\u043e\u0441\u0442\u0430\u0432\u043a\u0430 \u0446\u0432\u0435\u0442\u043e\u0432 \u0432 \u0412\u0438\u043b\u044c\u043d\u044e\u0441\u0435","item":"https:\/\/www.ramunes.lt\/ru\/"},{"@type":"ListItem","position":3,"name":"\u0411\u0443\u043a\u0435\u0442 \u0431\u0435\u043b\u044b\u0445 \u044d\u0443\u0441\u0442\u043e\u043c"}]},{"@type":"WebSite","@id":"https:\/\/www.ramunes.lt\/ru\/#website","url":"https:\/\/www.ramunes.lt\/ru\/","name":"Ramunes.lt- G\u0117li\u0173 pristatymas Vilniuje","description":"","potentialAction":[{"@type":"SearchAction","target":{"@type":"EntryPoint","urlTemplate":"https:\/\/www.ramunes.lt\/ru\/?s={search_term_string}"},"query-input":{"@type":"PropertyValueSpecification","valueRequired":true,"valueName":"search_term_string"}}],"inLanguage":"ru-RU"}]}},"new_scheduled_revision":null,"save_as_revision":null,"_links":{"self":[{"href":"https:\/\/www.ramunes.lt\/ru\/wp-json\/wp\/v2\/product\/9373","targetHints":{"allow":["GET"]}}],"collection":[{"href":"https:\/\/www.ramunes.lt\/ru\/wp-json\/wp\/v2\/product"}],"about":[{"href":"https:\/\/www.ramunes.lt\/ru\/wp-json\/wp\/v2\/types\/product"}],"wp:featuredmedia":[{"embeddable":true,"href":"https:\/\/www.ramunes.lt\/ru\/wp-json\/wp\/v2\/media\/6490"}],"wp:attachment":[{"href":"https:\/\/www.ramunes.lt\/ru\/wp-json\/wp\/v2\/media?parent=9373"}],"wp:term":[{"taxonomy":"product_brand","embeddable":true,"href":"https:\/\/www.ramunes.lt\/ru\/wp-json\/wp\/v2\/product_brand?post=9373"},{"taxonomy":"product_cat","embeddable":true,"href":"https:\/\/www.ramunes.lt\/ru\/wp-json\/wp\/v2\/product_cat?post=9373"},{"taxonomy":"product_tag","embeddable":true,"href":"https:\/\/www.ramunes.lt\/ru\/wp-json\/wp\/v2\/product_tag?post=9373"}],"curies":[{"name":"wp","href":"https:\/\/api.w.org\/{rel}","templated":true}]}}