{"id":9351,"date":"2020-03-31T08:56:56","date_gmt":"2020-03-31T05:56:56","guid":{"rendered":"https:\/\/ramunes.lt\/produktas\/%d0%ba%d0%be%d1%80%d0%be%d0%b1%d0%ba%d0%b0-%d0%b1%d0%b5%d0%bb%d1%8b%d1%85-%d0%b8-%d1%84%d0%b8%d0%be%d0%bb%d0%b5%d1%82%d0%be%d0%b2%d1%8b%d1%85-%d1%82%d1%8e%d0%bb%d1%8c%d0%bf%d0%b0%d0%bd%d0%be%d0%b2\/"},"modified":"2020-03-31T08:56:56","modified_gmt":"2020-03-31T05:56:56","slug":"%d0%ba%d0%be%d1%80%d0%be%d0%b1%d0%ba%d0%b0-%d0%b1%d0%b5%d0%bb%d1%8b%d1%85-%d0%b8-%d1%84%d0%b8%d0%be%d0%bb%d0%b5%d1%82%d0%be%d0%b2%d1%8b%d1%85-%d1%82%d1%8e%d0%bb%d1%8c%d0%bf%d0%b0%d0%bd%d0%be%d0%b2","status":"publish","type":"product","link":"https:\/\/www.ramunes.lt\/ru\/\u043f\u0440\u043e\u0434\u0443\u043a\u0442\/%d0%ba%d0%be%d1%80%d0%be%d0%b1%d0%ba%d0%b0-%d0%b1%d0%b5%d0%bb%d1%8b%d1%85-%d0%b8-%d1%84%d0%b8%d0%be%d0%bb%d0%b5%d1%82%d0%be%d0%b2%d1%8b%d1%85-%d1%82%d1%8e%d0%bb%d1%8c%d0%bf%d0%b0%d0%bd%d0%be%d0%b2\/","title":{"rendered":"\u041a\u043e\u0440\u043e\u0431\u043a\u0430 \u0431\u0435\u043b\u044b\u0445 \u0438 \u0444\u0438\u043e\u043b\u0435\u0442\u043e\u0432\u044b\u0445 \u0442\u044e\u043b\u044c\u043f\u0430\u043d\u043e\u0432"},"content":{"rendered":"<p>\u0421\u0430\u043c\u044b\u0435 \u044f\u0440\u043a\u0438\u0435 \u0438 \u0432\u0435\u0441\u0435\u043d\u043d\u0438\u0435 \u0446\u0432\u0435\u0442\u044b \u2013 \u044d\u0442\u043e \u0442\u044e\u043b\u044c\u043f\u0430\u043d\u044b. \u041e\u0442\u043b\u0438\u0447\u043d\u044b\u0439 \u0441\u043f\u043e\u0441\u043e\u0431 \u0443\u0434\u0438\u0432\u0438\u0442\u044c \u043b\u044e\u0431\u0438\u043c\u0443\u044e \u0436\u0435\u043d\u0449\u0438\u043d\u0443, \u043c\u0430\u043c\u0443, \u0441\u0435\u0441\u0442\u0440\u0443 \u0438\u043b\u0438 \u043f\u0440\u043e\u0441\u0442\u043e \u043b\u044e\u0431\u0438\u043c\u0443\u044e \u043f\u043e\u0434\u0440\u0443\u0433\u0443. \u0422\u044e\u043b\u044c\u043f\u0430\u043d\u044b \u2013 \u0446\u0432\u0435\u0442\u044b, \u043f\u043e\u0434\u0445\u043e\u0434\u044f\u0449\u0438\u0435 \u0434\u043b\u044f \u043b\u044e\u0431\u043e\u0433\u043e \u0441\u043b\u0443\u0447\u0430\u044f.<\/p>\n","protected":false},"excerpt":{"rendered":"<p>\u0421\u0430\u043c\u044b\u0435 \u044f\u0440\u043a\u0438\u0435 \u0438 \u0432\u0435\u0441\u0435\u043d\u043d\u0438\u0435 \u0446\u0432\u0435\u0442\u044b \u2013 \u044d\u0442\u043e \u0442\u044e\u043b\u044c\u043f\u0430\u043d\u044b. \u041e\u0442\u043b\u0438\u0447\u043d\u044b\u0439 \u0441\u043f\u043e\u0441\u043e\u0431 \u0443\u0434\u0438\u0432\u0438\u0442\u044c \u043b\u044e\u0431\u0438\u043c\u0443\u044e \u0436\u0435\u043d\u0449\u0438\u043d\u0443, \u043c\u0430\u043c\u0443, \u0441\u0435\u0441\u0442\u0440\u0443 \u0438\u043b\u0438 \u043f\u0440\u043e\u0441\u0442\u043e \u043b\u044e\u0431\u0438\u043c\u0443\u044e \u043f\u043e\u0434\u0440\u0443\u0433\u0443. \u0422\u044e\u043b\u044c\u043f\u0430\u043d\u044b \u2013 \u0446\u0432\u0435\u0442\u044b, \u043f\u043e\u0434\u0445\u043e\u0434\u044f\u0449\u0438\u0435 \u0434\u043b\u044f \u043b\u044e\u0431\u043e\u0433\u043e \u0441\u043b\u0443\u0447\u0430\u044f.<\/p>\n","protected":false},"featured_media":6588,"template":"","meta":[],"product_brand":[],"product_cat":[153,139,145],"product_tag":[],"class_list":{"0":"post-9351","1":"product","2":"type-product","3":"status-publish","4":"has-post-thumbnail","6":"product_cat-153","7":"product_cat-139","8":"product_cat-145","9":"tm-has-styled-variations","10":"tm-no-options","11":"mk-info-sticky","13":"first","14":"instock","15":"taxable","16":"shipping-taxable","17":"purchasable","18":"product-type-variable"},"yoast_head":"<!-- This site is optimized with the Yoast SEO plugin v24.7 - https:\/\/yoast.com\/wordpress\/plugins\/seo\/ -->\n<title>\u041a\u043e\u0440\u043e\u0431\u043a\u0430 \u0431\u0435\u043b\u044b\u0445 \u0438 \u0444\u0438\u043e\u043b\u0435\u0442\u043e\u0432\u044b\u0445 \u0442\u044e\u043b\u044c\u043f\u0430\u043d\u043e\u0432 | G\u0117l\u0117s | Ramunes.lt - G\u0117li\u0173 pristatymas<\/title>\n<meta name=\"description\" content=\"\u041a\u043e\u0440\u043e\u0431\u043a\u0430 \u0431\u0435\u043b\u044b\u0445 \u0438 \u0444\u0438\u043e\u043b\u0435\u0442\u043e\u0432\u044b\u0445 \u0442\u044e\u043b\u044c\u043f\u0430\u043d\u043e\u0432. \u0422\u044e\u043b\u044c\u043f\u0430\u043d\u044b, \u0446\u0432\u0435\u0442\u044b \u043f\u043e\u0434\u0445\u043e\u0434\u044f\u0442 \u0434\u043b\u044f \u043f\u0440\u0438\u0432\u0435\u0442\u0441\u0442\u0432\u0438\u044f \u043f\u043e \u043b\u044e\u0431\u043e\u043c\u0443 \u043f\u043e\u0432\u043e\u0434\u0443. \u0421\u0430\u043c\u044b\u0435 \u044f\u0440\u043a\u0438\u0435, \u0432\u0435\u0441\u0435\u043d\u043d\u0438\u0435 \u0446\u0432\u0435\u0442\u044b.\" \/>\n<meta name=\"robots\" content=\"noindex, follow, max-snippet:-1, max-image-preview:large, max-video-preview:-1\" \/>\n<meta property=\"og:locale\" content=\"ru_RU\" \/>\n<meta property=\"og:type\" content=\"article\" \/>\n<meta property=\"og:title\" content=\"\u041a\u043e\u0440\u043e\u0431\u043a\u0430 \u0431\u0435\u043b\u044b\u0445 \u0438 \u0444\u0438\u043e\u043b\u0435\u0442\u043e\u0432\u044b\u0445 \u0442\u044e\u043b\u044c\u043f\u0430\u043d\u043e\u0432 | G\u0117l\u0117s | Ramunes.lt - G\u0117li\u0173 pristatymas\" \/>\n<meta property=\"og:description\" content=\"\u041a\u043e\u0440\u043e\u0431\u043a\u0430 \u0431\u0435\u043b\u044b\u0445 \u0438 \u0444\u0438\u043e\u043b\u0435\u0442\u043e\u0432\u044b\u0445 \u0442\u044e\u043b\u044c\u043f\u0430\u043d\u043e\u0432. \u0422\u044e\u043b\u044c\u043f\u0430\u043d\u044b, \u0446\u0432\u0435\u0442\u044b \u043f\u043e\u0434\u0445\u043e\u0434\u044f\u0442 \u0434\u043b\u044f \u043f\u0440\u0438\u0432\u0435\u0442\u0441\u0442\u0432\u0438\u044f \u043f\u043e \u043b\u044e\u0431\u043e\u043c\u0443 \u043f\u043e\u0432\u043e\u0434\u0443. \u0421\u0430\u043c\u044b\u0435 \u044f\u0440\u043a\u0438\u0435, \u0432\u0435\u0441\u0435\u043d\u043d\u0438\u0435 \u0446\u0432\u0435\u0442\u044b.\" \/>\n<meta property=\"og:url\" content=\"https:\/\/www.ramunes.lt\/ru\/\u043f\u0440\u043e\u0434\u0443\u043a\u0442\/%d0%ba%d0%be%d1%80%d0%be%d0%b1%d0%ba%d0%b0-%d0%b1%d0%b5%d0%bb%d1%8b%d1%85-%d0%b8-%d1%84%d0%b8%d0%be%d0%bb%d0%b5%d1%82%d0%be%d0%b2%d1%8b%d1%85-%d1%82%d1%8e%d0%bb%d1%8c%d0%bf%d0%b0%d0%bd%d0%be%d0%b2\/\" \/>\n<meta property=\"og:site_name\" content=\"Ramunes.lt- G\u0117li\u0173 pristatymas Vilniuje\" \/>\n<meta property=\"og:image\" content=\"https:\/\/www.ramunes.lt\/wp-content\/uploads\/2020\/03\/baltos-ir-violetines-tulpes-dezuteje.jpg\" \/>\n\t<meta property=\"og:image:width\" content=\"2268\" \/>\n\t<meta property=\"og:image:height\" content=\"2268\" \/>\n\t<meta property=\"og:image:type\" content=\"image\/jpeg\" \/>\n<meta name=\"twitter:card\" content=\"summary_large_image\" \/>\n<script type=\"application\/ld+json\" class=\"yoast-schema-graph\">{\"@context\":\"https:\/\/schema.org\",\"@graph\":[{\"@type\":\"WebPage\",\"@id\":\"https:\/\/www.ramunes.lt\/ru\/\u043f\u0440\u043e\u0434\u0443\u043a\u0442\/%d0%ba%d0%be%d1%80%d0%be%d0%b1%d0%ba%d0%b0-%d0%b1%d0%b5%d0%bb%d1%8b%d1%85-%d0%b8-%d1%84%d0%b8%d0%be%d0%bb%d0%b5%d1%82%d0%be%d0%b2%d1%8b%d1%85-%d1%82%d1%8e%d0%bb%d1%8c%d0%bf%d0%b0%d0%bd%d0%be%d0%b2\/\",\"url\":\"https:\/\/www.ramunes.lt\/ru\/\u043f\u0440\u043e\u0434\u0443\u043a\u0442\/%d0%ba%d0%be%d1%80%d0%be%d0%b1%d0%ba%d0%b0-%d0%b1%d0%b5%d0%bb%d1%8b%d1%85-%d0%b8-%d1%84%d0%b8%d0%be%d0%bb%d0%b5%d1%82%d0%be%d0%b2%d1%8b%d1%85-%d1%82%d1%8e%d0%bb%d1%8c%d0%bf%d0%b0%d0%bd%d0%be%d0%b2\/\",\"name\":\"\u041a\u043e\u0440\u043e\u0431\u043a\u0430 \u0431\u0435\u043b\u044b\u0445 \u0438 \u0444\u0438\u043e\u043b\u0435\u0442\u043e\u0432\u044b\u0445 \u0442\u044e\u043b\u044c\u043f\u0430\u043d\u043e\u0432 | G\u0117l\u0117s | Ramunes.lt - G\u0117li\u0173 pristatymas\",\"isPartOf\":{\"@id\":\"https:\/\/www.ramunes.lt\/ru\/#website\"},\"primaryImageOfPage\":{\"@id\":\"https:\/\/www.ramunes.lt\/ru\/\u043f\u0440\u043e\u0434\u0443\u043a\u0442\/%d0%ba%d0%be%d1%80%d0%be%d0%b1%d0%ba%d0%b0-%d0%b1%d0%b5%d0%bb%d1%8b%d1%85-%d0%b8-%d1%84%d0%b8%d0%be%d0%bb%d0%b5%d1%82%d0%be%d0%b2%d1%8b%d1%85-%d1%82%d1%8e%d0%bb%d1%8c%d0%bf%d0%b0%d0%bd%d0%be%d0%b2\/#primaryimage\"},\"image\":{\"@id\":\"https:\/\/www.ramunes.lt\/ru\/\u043f\u0440\u043e\u0434\u0443\u043a\u0442\/%d0%ba%d0%be%d1%80%d0%be%d0%b1%d0%ba%d0%b0-%d0%b1%d0%b5%d0%bb%d1%8b%d1%85-%d0%b8-%d1%84%d0%b8%d0%be%d0%bb%d0%b5%d1%82%d0%be%d0%b2%d1%8b%d1%85-%d1%82%d1%8e%d0%bb%d1%8c%d0%bf%d0%b0%d0%bd%d0%be%d0%b2\/#primaryimage\"},\"thumbnailUrl\":\"https:\/\/www.ramunes.lt\/wp-content\/uploads\/2020\/03\/baltos-ir-violetines-tulpes-dezuteje.jpg\",\"datePublished\":\"2020-03-31T05:56:56+00:00\",\"description\":\"\u041a\u043e\u0440\u043e\u0431\u043a\u0430 \u0431\u0435\u043b\u044b\u0445 \u0438 \u0444\u0438\u043e\u043b\u0435\u0442\u043e\u0432\u044b\u0445 \u0442\u044e\u043b\u044c\u043f\u0430\u043d\u043e\u0432. \u0422\u044e\u043b\u044c\u043f\u0430\u043d\u044b, \u0446\u0432\u0435\u0442\u044b \u043f\u043e\u0434\u0445\u043e\u0434\u044f\u0442 \u0434\u043b\u044f \u043f\u0440\u0438\u0432\u0435\u0442\u0441\u0442\u0432\u0438\u044f \u043f\u043e \u043b\u044e\u0431\u043e\u043c\u0443 \u043f\u043e\u0432\u043e\u0434\u0443. \u0421\u0430\u043c\u044b\u0435 \u044f\u0440\u043a\u0438\u0435, \u0432\u0435\u0441\u0435\u043d\u043d\u0438\u0435 \u0446\u0432\u0435\u0442\u044b.\",\"breadcrumb\":{\"@id\":\"https:\/\/www.ramunes.lt\/ru\/\u043f\u0440\u043e\u0434\u0443\u043a\u0442\/%d0%ba%d0%be%d1%80%d0%be%d0%b1%d0%ba%d0%b0-%d0%b1%d0%b5%d0%bb%d1%8b%d1%85-%d0%b8-%d1%84%d0%b8%d0%be%d0%bb%d0%b5%d1%82%d0%be%d0%b2%d1%8b%d1%85-%d1%82%d1%8e%d0%bb%d1%8c%d0%bf%d0%b0%d0%bd%d0%be%d0%b2\/#breadcrumb\"},\"inLanguage\":\"ru-RU\",\"potentialAction\":[{\"@type\":\"ReadAction\",\"target\":[\"https:\/\/www.ramunes.lt\/ru\/\u043f\u0440\u043e\u0434\u0443\u043a\u0442\/%d0%ba%d0%be%d1%80%d0%be%d0%b1%d0%ba%d0%b0-%d0%b1%d0%b5%d0%bb%d1%8b%d1%85-%d0%b8-%d1%84%d0%b8%d0%be%d0%bb%d0%b5%d1%82%d0%be%d0%b2%d1%8b%d1%85-%d1%82%d1%8e%d0%bb%d1%8c%d0%bf%d0%b0%d0%bd%d0%be%d0%b2\/\"]}]},{\"@type\":\"ImageObject\",\"inLanguage\":\"ru-RU\",\"@id\":\"https:\/\/www.ramunes.lt\/ru\/\u043f\u0440\u043e\u0434\u0443\u043a\u0442\/%d0%ba%d0%be%d1%80%d0%be%d0%b1%d0%ba%d0%b0-%d0%b1%d0%b5%d0%bb%d1%8b%d1%85-%d0%b8-%d1%84%d0%b8%d0%be%d0%bb%d0%b5%d1%82%d0%be%d0%b2%d1%8b%d1%85-%d1%82%d1%8e%d0%bb%d1%8c%d0%bf%d0%b0%d0%bd%d0%be%d0%b2\/#primaryimage\",\"url\":\"https:\/\/www.ramunes.lt\/wp-content\/uploads\/2020\/03\/baltos-ir-violetines-tulpes-dezuteje.jpg\",\"contentUrl\":\"https:\/\/www.ramunes.lt\/wp-content\/uploads\/2020\/03\/baltos-ir-violetines-tulpes-dezuteje.jpg\",\"width\":2268,\"height\":2268},{\"@type\":\"BreadcrumbList\",\"@id\":\"https:\/\/www.ramunes.lt\/ru\/\u043f\u0440\u043e\u0434\u0443\u043a\u0442\/%d0%ba%d0%be%d1%80%d0%be%d0%b1%d0%ba%d0%b0-%d0%b1%d0%b5%d0%bb%d1%8b%d1%85-%d0%b8-%d1%84%d0%b8%d0%be%d0%bb%d0%b5%d1%82%d0%be%d0%b2%d1%8b%d1%85-%d1%82%d1%8e%d0%bb%d1%8c%d0%bf%d0%b0%d0%bd%d0%be%d0%b2\/#breadcrumb\",\"itemListElement\":[{\"@type\":\"ListItem\",\"position\":1,\"name\":\"Home\",\"item\":\"https:\/\/www.ramunes.lt\/ru\/\"},{\"@type\":\"ListItem\",\"position\":2,\"name\":\"\u0414\u043e\u0441\u0442\u0430\u0432\u043a\u0430 \u0446\u0432\u0435\u0442\u043e\u0432 \u0432 \u0412\u0438\u043b\u044c\u043d\u044e\u0441\u0435\",\"item\":\"https:\/\/www.ramunes.lt\/ru\/\"},{\"@type\":\"ListItem\",\"position\":3,\"name\":\"\u041a\u043e\u0440\u043e\u0431\u043a\u0430 \u0431\u0435\u043b\u044b\u0445 \u0438 \u0444\u0438\u043e\u043b\u0435\u0442\u043e\u0432\u044b\u0445 \u0442\u044e\u043b\u044c\u043f\u0430\u043d\u043e\u0432\"}]},{\"@type\":\"WebSite\",\"@id\":\"https:\/\/www.ramunes.lt\/ru\/#website\",\"url\":\"https:\/\/www.ramunes.lt\/ru\/\",\"name\":\"Ramunes.lt- G\u0117li\u0173 pristatymas Vilniuje\",\"description\":\"\",\"potentialAction\":[{\"@type\":\"SearchAction\",\"target\":{\"@type\":\"EntryPoint\",\"urlTemplate\":\"https:\/\/www.ramunes.lt\/ru\/?s={search_term_string}\"},\"query-input\":{\"@type\":\"PropertyValueSpecification\",\"valueRequired\":true,\"valueName\":\"search_term_string\"}}],\"inLanguage\":\"ru-RU\"}]}<\/script>\n<!-- \/ Yoast SEO plugin. -->","yoast_head_json":{"title":"\u041a\u043e\u0440\u043e\u0431\u043a\u0430 \u0431\u0435\u043b\u044b\u0445 \u0438 \u0444\u0438\u043e\u043b\u0435\u0442\u043e\u0432\u044b\u0445 \u0442\u044e\u043b\u044c\u043f\u0430\u043d\u043e\u0432 | G\u0117l\u0117s | Ramunes.lt - G\u0117li\u0173 pristatymas","description":"\u041a\u043e\u0440\u043e\u0431\u043a\u0430 \u0431\u0435\u043b\u044b\u0445 \u0438 \u0444\u0438\u043e\u043b\u0435\u0442\u043e\u0432\u044b\u0445 \u0442\u044e\u043b\u044c\u043f\u0430\u043d\u043e\u0432. \u0422\u044e\u043b\u044c\u043f\u0430\u043d\u044b, \u0446\u0432\u0435\u0442\u044b \u043f\u043e\u0434\u0445\u043e\u0434\u044f\u0442 \u0434\u043b\u044f \u043f\u0440\u0438\u0432\u0435\u0442\u0441\u0442\u0432\u0438\u044f \u043f\u043e \u043b\u044e\u0431\u043e\u043c\u0443 \u043f\u043e\u0432\u043e\u0434\u0443. \u0421\u0430\u043c\u044b\u0435 \u044f\u0440\u043a\u0438\u0435, \u0432\u0435\u0441\u0435\u043d\u043d\u0438\u0435 \u0446\u0432\u0435\u0442\u044b.","robots":{"index":"noindex","follow":"follow","max-snippet":"max-snippet:-1","max-image-preview":"max-image-preview:large","max-video-preview":"max-video-preview:-1"},"og_locale":"ru_RU","og_type":"article","og_title":"\u041a\u043e\u0440\u043e\u0431\u043a\u0430 \u0431\u0435\u043b\u044b\u0445 \u0438 \u0444\u0438\u043e\u043b\u0435\u0442\u043e\u0432\u044b\u0445 \u0442\u044e\u043b\u044c\u043f\u0430\u043d\u043e\u0432 | G\u0117l\u0117s | Ramunes.lt - G\u0117li\u0173 pristatymas","og_description":"\u041a\u043e\u0440\u043e\u0431\u043a\u0430 \u0431\u0435\u043b\u044b\u0445 \u0438 \u0444\u0438\u043e\u043b\u0435\u0442\u043e\u0432\u044b\u0445 \u0442\u044e\u043b\u044c\u043f\u0430\u043d\u043e\u0432. \u0422\u044e\u043b\u044c\u043f\u0430\u043d\u044b, \u0446\u0432\u0435\u0442\u044b \u043f\u043e\u0434\u0445\u043e\u0434\u044f\u0442 \u0434\u043b\u044f \u043f\u0440\u0438\u0432\u0435\u0442\u0441\u0442\u0432\u0438\u044f \u043f\u043e \u043b\u044e\u0431\u043e\u043c\u0443 \u043f\u043e\u0432\u043e\u0434\u0443. \u0421\u0430\u043c\u044b\u0435 \u044f\u0440\u043a\u0438\u0435, \u0432\u0435\u0441\u0435\u043d\u043d\u0438\u0435 \u0446\u0432\u0435\u0442\u044b.","og_url":"https:\/\/www.ramunes.lt\/ru\/\u043f\u0440\u043e\u0434\u0443\u043a\u0442\/%d0%ba%d0%be%d1%80%d0%be%d0%b1%d0%ba%d0%b0-%d0%b1%d0%b5%d0%bb%d1%8b%d1%85-%d0%b8-%d1%84%d0%b8%d0%be%d0%bb%d0%b5%d1%82%d0%be%d0%b2%d1%8b%d1%85-%d1%82%d1%8e%d0%bb%d1%8c%d0%bf%d0%b0%d0%bd%d0%be%d0%b2\/","og_site_name":"Ramunes.lt- G\u0117li\u0173 pristatymas Vilniuje","og_image":[{"width":2268,"height":2268,"url":"https:\/\/www.ramunes.lt\/wp-content\/uploads\/2020\/03\/baltos-ir-violetines-tulpes-dezuteje.jpg","type":"image\/jpeg"}],"twitter_card":"summary_large_image","schema":{"@context":"https:\/\/schema.org","@graph":[{"@type":"WebPage","@id":"https:\/\/www.ramunes.lt\/ru\/\u043f\u0440\u043e\u0434\u0443\u043a\u0442\/%d0%ba%d0%be%d1%80%d0%be%d0%b1%d0%ba%d0%b0-%d0%b1%d0%b5%d0%bb%d1%8b%d1%85-%d0%b8-%d1%84%d0%b8%d0%be%d0%bb%d0%b5%d1%82%d0%be%d0%b2%d1%8b%d1%85-%d1%82%d1%8e%d0%bb%d1%8c%d0%bf%d0%b0%d0%bd%d0%be%d0%b2\/","url":"https:\/\/www.ramunes.lt\/ru\/\u043f\u0440\u043e\u0434\u0443\u043a\u0442\/%d0%ba%d0%be%d1%80%d0%be%d0%b1%d0%ba%d0%b0-%d0%b1%d0%b5%d0%bb%d1%8b%d1%85-%d0%b8-%d1%84%d0%b8%d0%be%d0%bb%d0%b5%d1%82%d0%be%d0%b2%d1%8b%d1%85-%d1%82%d1%8e%d0%bb%d1%8c%d0%bf%d0%b0%d0%bd%d0%be%d0%b2\/","name":"\u041a\u043e\u0440\u043e\u0431\u043a\u0430 \u0431\u0435\u043b\u044b\u0445 \u0438 \u0444\u0438\u043e\u043b\u0435\u0442\u043e\u0432\u044b\u0445 \u0442\u044e\u043b\u044c\u043f\u0430\u043d\u043e\u0432 | G\u0117l\u0117s | Ramunes.lt - G\u0117li\u0173 pristatymas","isPartOf":{"@id":"https:\/\/www.ramunes.lt\/ru\/#website"},"primaryImageOfPage":{"@id":"https:\/\/www.ramunes.lt\/ru\/\u043f\u0440\u043e\u0434\u0443\u043a\u0442\/%d0%ba%d0%be%d1%80%d0%be%d0%b1%d0%ba%d0%b0-%d0%b1%d0%b5%d0%bb%d1%8b%d1%85-%d0%b8-%d1%84%d0%b8%d0%be%d0%bb%d0%b5%d1%82%d0%be%d0%b2%d1%8b%d1%85-%d1%82%d1%8e%d0%bb%d1%8c%d0%bf%d0%b0%d0%bd%d0%be%d0%b2\/#primaryimage"},"image":{"@id":"https:\/\/www.ramunes.lt\/ru\/\u043f\u0440\u043e\u0434\u0443\u043a\u0442\/%d0%ba%d0%be%d1%80%d0%be%d0%b1%d0%ba%d0%b0-%d0%b1%d0%b5%d0%bb%d1%8b%d1%85-%d0%b8-%d1%84%d0%b8%d0%be%d0%bb%d0%b5%d1%82%d0%be%d0%b2%d1%8b%d1%85-%d1%82%d1%8e%d0%bb%d1%8c%d0%bf%d0%b0%d0%bd%d0%be%d0%b2\/#primaryimage"},"thumbnailUrl":"https:\/\/www.ramunes.lt\/wp-content\/uploads\/2020\/03\/baltos-ir-violetines-tulpes-dezuteje.jpg","datePublished":"2020-03-31T05:56:56+00:00","description":"\u041a\u043e\u0440\u043e\u0431\u043a\u0430 \u0431\u0435\u043b\u044b\u0445 \u0438 \u0444\u0438\u043e\u043b\u0435\u0442\u043e\u0432\u044b\u0445 \u0442\u044e\u043b\u044c\u043f\u0430\u043d\u043e\u0432. \u0422\u044e\u043b\u044c\u043f\u0430\u043d\u044b, \u0446\u0432\u0435\u0442\u044b \u043f\u043e\u0434\u0445\u043e\u0434\u044f\u0442 \u0434\u043b\u044f \u043f\u0440\u0438\u0432\u0435\u0442\u0441\u0442\u0432\u0438\u044f \u043f\u043e \u043b\u044e\u0431\u043e\u043c\u0443 \u043f\u043e\u0432\u043e\u0434\u0443. \u0421\u0430\u043c\u044b\u0435 \u044f\u0440\u043a\u0438\u0435, \u0432\u0435\u0441\u0435\u043d\u043d\u0438\u0435 \u0446\u0432\u0435\u0442\u044b.","breadcrumb":{"@id":"https:\/\/www.ramunes.lt\/ru\/\u043f\u0440\u043e\u0434\u0443\u043a\u0442\/%d0%ba%d0%be%d1%80%d0%be%d0%b1%d0%ba%d0%b0-%d0%b1%d0%b5%d0%bb%d1%8b%d1%85-%d0%b8-%d1%84%d0%b8%d0%be%d0%bb%d0%b5%d1%82%d0%be%d0%b2%d1%8b%d1%85-%d1%82%d1%8e%d0%bb%d1%8c%d0%bf%d0%b0%d0%bd%d0%be%d0%b2\/#breadcrumb"},"inLanguage":"ru-RU","potentialAction":[{"@type":"ReadAction","target":["https:\/\/www.ramunes.lt\/ru\/\u043f\u0440\u043e\u0434\u0443\u043a\u0442\/%d0%ba%d0%be%d1%80%d0%be%d0%b1%d0%ba%d0%b0-%d0%b1%d0%b5%d0%bb%d1%8b%d1%85-%d0%b8-%d1%84%d0%b8%d0%be%d0%bb%d0%b5%d1%82%d0%be%d0%b2%d1%8b%d1%85-%d1%82%d1%8e%d0%bb%d1%8c%d0%bf%d0%b0%d0%bd%d0%be%d0%b2\/"]}]},{"@type":"ImageObject","inLanguage":"ru-RU","@id":"https:\/\/www.ramunes.lt\/ru\/\u043f\u0440\u043e\u0434\u0443\u043a\u0442\/%d0%ba%d0%be%d1%80%d0%be%d0%b1%d0%ba%d0%b0-%d0%b1%d0%b5%d0%bb%d1%8b%d1%85-%d0%b8-%d1%84%d0%b8%d0%be%d0%bb%d0%b5%d1%82%d0%be%d0%b2%d1%8b%d1%85-%d1%82%d1%8e%d0%bb%d1%8c%d0%bf%d0%b0%d0%bd%d0%be%d0%b2\/#primaryimage","url":"https:\/\/www.ramunes.lt\/wp-content\/uploads\/2020\/03\/baltos-ir-violetines-tulpes-dezuteje.jpg","contentUrl":"https:\/\/www.ramunes.lt\/wp-content\/uploads\/2020\/03\/baltos-ir-violetines-tulpes-dezuteje.jpg","width":2268,"height":2268},{"@type":"BreadcrumbList","@id":"https:\/\/www.ramunes.lt\/ru\/\u043f\u0440\u043e\u0434\u0443\u043a\u0442\/%d0%ba%d0%be%d1%80%d0%be%d0%b1%d0%ba%d0%b0-%d0%b1%d0%b5%d0%bb%d1%8b%d1%85-%d0%b8-%d1%84%d0%b8%d0%be%d0%bb%d0%b5%d1%82%d0%be%d0%b2%d1%8b%d1%85-%d1%82%d1%8e%d0%bb%d1%8c%d0%bf%d0%b0%d0%bd%d0%be%d0%b2\/#breadcrumb","itemListElement":[{"@type":"ListItem","position":1,"name":"Home","item":"https:\/\/www.ramunes.lt\/ru\/"},{"@type":"ListItem","position":2,"name":"\u0414\u043e\u0441\u0442\u0430\u0432\u043a\u0430 \u0446\u0432\u0435\u0442\u043e\u0432 \u0432 \u0412\u0438\u043b\u044c\u043d\u044e\u0441\u0435","item":"https:\/\/www.ramunes.lt\/ru\/"},{"@type":"ListItem","position":3,"name":"\u041a\u043e\u0440\u043e\u0431\u043a\u0430 \u0431\u0435\u043b\u044b\u0445 \u0438 \u0444\u0438\u043e\u043b\u0435\u0442\u043e\u0432\u044b\u0445 \u0442\u044e\u043b\u044c\u043f\u0430\u043d\u043e\u0432"}]},{"@type":"WebSite","@id":"https:\/\/www.ramunes.lt\/ru\/#website","url":"https:\/\/www.ramunes.lt\/ru\/","name":"Ramunes.lt- G\u0117li\u0173 pristatymas Vilniuje","description":"","potentialAction":[{"@type":"SearchAction","target":{"@type":"EntryPoint","urlTemplate":"https:\/\/www.ramunes.lt\/ru\/?s={search_term_string}"},"query-input":{"@type":"PropertyValueSpecification","valueRequired":true,"valueName":"search_term_string"}}],"inLanguage":"ru-RU"}]}},"new_scheduled_revision":null,"save_as_revision":null,"_links":{"self":[{"href":"https:\/\/www.ramunes.lt\/ru\/wp-json\/wp\/v2\/product\/9351","targetHints":{"allow":["GET"]}}],"collection":[{"href":"https:\/\/www.ramunes.lt\/ru\/wp-json\/wp\/v2\/product"}],"about":[{"href":"https:\/\/www.ramunes.lt\/ru\/wp-json\/wp\/v2\/types\/product"}],"wp:featuredmedia":[{"embeddable":true,"href":"https:\/\/www.ramunes.lt\/ru\/wp-json\/wp\/v2\/media\/6588"}],"wp:attachment":[{"href":"https:\/\/www.ramunes.lt\/ru\/wp-json\/wp\/v2\/media?parent=9351"}],"wp:term":[{"taxonomy":"product_brand","embeddable":true,"href":"https:\/\/www.ramunes.lt\/ru\/wp-json\/wp\/v2\/product_brand?post=9351"},{"taxonomy":"product_cat","embeddable":true,"href":"https:\/\/www.ramunes.lt\/ru\/wp-json\/wp\/v2\/product_cat?post=9351"},{"taxonomy":"product_tag","embeddable":true,"href":"https:\/\/www.ramunes.lt\/ru\/wp-json\/wp\/v2\/product_tag?post=9351"}],"curies":[{"name":"wp","href":"https:\/\/api.w.org\/{rel}","templated":true}]}}