{"id":9114,"date":"2020-03-27T08:38:37","date_gmt":"2020-03-27T05:38:37","guid":{"rendered":"https:\/\/ramunes.lt\/produktas\/%d0%bf%d0%be%d0%b4%d1%81%d0%be%d0%bb%d0%bd%d1%83%d1%85\/"},"modified":"2023-07-10T10:43:58","modified_gmt":"2023-07-10T07:43:58","slug":"%d0%bf%d0%be%d0%b4%d1%81%d0%be%d0%bb%d0%bd%d1%83%d1%85","status":"publish","type":"product","link":"https:\/\/www.ramunes.lt\/ru\/\u043f\u0440\u043e\u0434\u0443\u043a\u0442\/%d0%bf%d0%be%d0%b4%d1%81%d0%be%d0%bb%d0%bd%d1%83%d1%85\/","title":{"rendered":"\u041f\u043e\u0434\u0441\u043e\u043b\u043d\u0443\u0445"},"content":{"rendered":"<p>\u0426\u0432\u0435\u0442\u043e\u043a, \u043a\u043e\u0442\u043e\u0440\u044b\u0439 \u0431\u043e\u043b\u044c\u0448\u0435 \u0432\u0441\u0435\u0433\u043e \u043f\u0430\u0445\u043d\u0435\u0442 \u043b\u0435\u0442\u043e\u043c \u0438 \u043e\u0442\u0440\u0430\u0436\u0430\u0435\u0442 \u0435\u0433\u043e. \u0417\u0430\u043a\u0430\u0436\u0438\u0442\u0435 \u043b\u0435\u0442\u043d\u0438\u0435, \u044f\u0440\u043a\u0438\u0435 \u043f\u043e\u0434\u0441\u043e\u043b\u043d\u0443\u0445\u0438, \u043a\u043e\u0442\u043e\u0440\u044b\u0435 \u043d\u0430\u043f\u043e\u043c\u043d\u044f\u0442 \u043c\u043d\u043e\u0433\u0438\u043c \u043e \u0434\u0435\u0442\u0441\u0442\u0432\u0435 \u0438 \u0441\u0430\u043c\u044b\u0445 \u043a\u0440\u0430\u0441\u0438\u0432\u044b\u0445 \u043b\u0435\u0442\u043d\u0438\u0445 \u043c\u043e\u043c\u0435\u043d\u0442\u0430\u0445.<\/p>\n","protected":false},"excerpt":{"rendered":"<p>\u0426\u0432\u0435\u0442\u043e\u043a, \u043a\u043e\u0442\u043e\u0440\u044b\u0439 \u0431\u043e\u043b\u044c\u0448\u0435 \u0432\u0441\u0435\u0433\u043e \u043f\u0430\u0445\u043d\u0435\u0442 \u043b\u0435\u0442\u043e\u043c \u0438 \u043e\u0442\u0440\u0430\u0436\u0430\u0435\u0442 \u0435\u0433\u043e. \u0417\u0430\u043a\u0430\u0436\u0438\u0442\u0435 \u043b\u0435\u0442\u043d\u0438\u0435, \u044f\u0440\u043a\u0438\u0435 \u043f\u043e\u0434\u0441\u043e\u043b\u043d\u0443\u0445\u0438, \u043a\u043e\u0442\u043e\u0440\u044b\u0435 \u043d\u0430\u043f\u043e\u043c\u043d\u044f\u0442 \u043c\u043d\u043e\u0433\u0438\u043c \u043e \u0434\u0435\u0442\u0441\u0442\u0432\u0435 \u0438 \u0441\u0430\u043c\u044b\u0445 \u043a\u0440\u0430\u0441\u0438\u0432\u044b\u0445 \u043b\u0435\u0442\u043d\u0438\u0445 \u043c\u043e\u043c\u0435\u043d\u0442\u0430\u0445.<\/p>\n","protected":false},"featured_media":6216,"template":"","meta":[],"product_brand":[],"product_cat":[151,139],"product_tag":[],"class_list":{"0":"post-9114","1":"product","2":"type-product","3":"status-publish","4":"has-post-thumbnail","6":"product_cat-151","7":"product_cat-139","8":"tm-no-options","9":"mk-info-sticky","11":"first","12":"outofstock","13":"taxable","14":"shipping-taxable","15":"purchasable","16":"product-type-simple"},"yoast_head":"<!-- This site is optimized with the Yoast SEO plugin v24.7 - https:\/\/yoast.com\/wordpress\/plugins\/seo\/ -->\n<title>\u041f\u043e\u0434\u0441\u043e\u043b\u043d\u0443\u0445 | Skintos G\u0117l\u0117s | Ramunes.lt - G\u0117li\u0173 pristatymas<\/title>\n<meta name=\"description\" content=\"\u0417\u0430\u043a\u0430\u0436\u0438\u0442\u0435 \u043b\u0435\u0442\u043d\u0438\u0435, \u044f\u0440\u043a\u0438\u0435 \u043f\u043e\u0434\u0441\u043e\u043b\u043d\u0443\u0445\u0438, \u043a\u043e\u0442\u043e\u0440\u044b\u0435 \u043d\u0430\u043f\u043e\u043c\u043d\u044f\u0442 \u043c\u043d\u043e\u0433\u0438\u043c \u043e \u0434\u0435\u0442\u0441\u0442\u0432\u0435 \u0438 \u0441\u0430\u043c\u044b\u0445 \u043a\u0440\u0430\u0441\u0438\u0432\u044b\u0445 \u043b\u0435\u0442\u043d\u0438\u0445 \u043c\u043e\u043c\u0435\u043d\u0442\u0430\u0445.\" \/>\n<meta name=\"robots\" content=\"noindex, follow, max-snippet:-1, max-image-preview:large, max-video-preview:-1\" \/>\n<meta property=\"og:locale\" content=\"ru_RU\" \/>\n<meta property=\"og:type\" content=\"article\" \/>\n<meta property=\"og:title\" content=\"\u041f\u043e\u0434\u0441\u043e\u043b\u043d\u0443\u0445 | Skintos G\u0117l\u0117s | Ramunes.lt - G\u0117li\u0173 pristatymas\" \/>\n<meta property=\"og:description\" content=\"\u0417\u0430\u043a\u0430\u0436\u0438\u0442\u0435 \u043b\u0435\u0442\u043d\u0438\u0435, \u044f\u0440\u043a\u0438\u0435 \u043f\u043e\u0434\u0441\u043e\u043b\u043d\u0443\u0445\u0438, \u043a\u043e\u0442\u043e\u0440\u044b\u0435 \u043d\u0430\u043f\u043e\u043c\u043d\u044f\u0442 \u043c\u043d\u043e\u0433\u0438\u043c \u043e \u0434\u0435\u0442\u0441\u0442\u0432\u0435 \u0438 \u0441\u0430\u043c\u044b\u0445 \u043a\u0440\u0430\u0441\u0438\u0432\u044b\u0445 \u043b\u0435\u0442\u043d\u0438\u0445 \u043c\u043e\u043c\u0435\u043d\u0442\u0430\u0445.\" \/>\n<meta property=\"og:url\" content=\"https:\/\/www.ramunes.lt\/ru\/\u043f\u0440\u043e\u0434\u0443\u043a\u0442\/%d0%bf%d0%be%d0%b4%d1%81%d0%be%d0%bb%d0%bd%d1%83%d1%85\/\" \/>\n<meta property=\"og:site_name\" content=\"Ramunes.lt- G\u0117li\u0173 pristatymas Vilniuje\" \/>\n<meta property=\"article:modified_time\" content=\"2023-07-10T07:43:58+00:00\" \/>\n<meta property=\"og:image\" content=\"https:\/\/www.ramunes.lt\/wp-content\/uploads\/2020\/03\/saulegraza-skintos-geles.jpg\" \/>\n\t<meta property=\"og:image:width\" content=\"600\" \/>\n\t<meta property=\"og:image:height\" content=\"601\" \/>\n\t<meta property=\"og:image:type\" content=\"image\/jpeg\" \/>\n<meta name=\"twitter:card\" content=\"summary_large_image\" \/>\n<script type=\"application\/ld+json\" class=\"yoast-schema-graph\">{\"@context\":\"https:\/\/schema.org\",\"@graph\":[{\"@type\":\"WebPage\",\"@id\":\"https:\/\/www.ramunes.lt\/ru\/\u043f\u0440\u043e\u0434\u0443\u043a\u0442\/%d0%bf%d0%be%d0%b4%d1%81%d0%be%d0%bb%d0%bd%d1%83%d1%85\/\",\"url\":\"https:\/\/www.ramunes.lt\/ru\/\u043f\u0440\u043e\u0434\u0443\u043a\u0442\/%d0%bf%d0%be%d0%b4%d1%81%d0%be%d0%bb%d0%bd%d1%83%d1%85\/\",\"name\":\"\u041f\u043e\u0434\u0441\u043e\u043b\u043d\u0443\u0445 | Skintos G\u0117l\u0117s | Ramunes.lt - G\u0117li\u0173 pristatymas\",\"isPartOf\":{\"@id\":\"https:\/\/www.ramunes.lt\/ru\/#website\"},\"primaryImageOfPage\":{\"@id\":\"https:\/\/www.ramunes.lt\/ru\/\u043f\u0440\u043e\u0434\u0443\u043a\u0442\/%d0%bf%d0%be%d0%b4%d1%81%d0%be%d0%bb%d0%bd%d1%83%d1%85\/#primaryimage\"},\"image\":{\"@id\":\"https:\/\/www.ramunes.lt\/ru\/\u043f\u0440\u043e\u0434\u0443\u043a\u0442\/%d0%bf%d0%be%d0%b4%d1%81%d0%be%d0%bb%d0%bd%d1%83%d1%85\/#primaryimage\"},\"thumbnailUrl\":\"https:\/\/www.ramunes.lt\/wp-content\/uploads\/2020\/03\/saulegraza-skintos-geles.jpg\",\"datePublished\":\"2020-03-27T05:38:37+00:00\",\"dateModified\":\"2023-07-10T07:43:58+00:00\",\"description\":\"\u0417\u0430\u043a\u0430\u0436\u0438\u0442\u0435 \u043b\u0435\u0442\u043d\u0438\u0435, \u044f\u0440\u043a\u0438\u0435 \u043f\u043e\u0434\u0441\u043e\u043b\u043d\u0443\u0445\u0438, \u043a\u043e\u0442\u043e\u0440\u044b\u0435 \u043d\u0430\u043f\u043e\u043c\u043d\u044f\u0442 \u043c\u043d\u043e\u0433\u0438\u043c \u043e \u0434\u0435\u0442\u0441\u0442\u0432\u0435 \u0438 \u0441\u0430\u043c\u044b\u0445 \u043a\u0440\u0430\u0441\u0438\u0432\u044b\u0445 \u043b\u0435\u0442\u043d\u0438\u0445 \u043c\u043e\u043c\u0435\u043d\u0442\u0430\u0445.\",\"breadcrumb\":{\"@id\":\"https:\/\/www.ramunes.lt\/ru\/\u043f\u0440\u043e\u0434\u0443\u043a\u0442\/%d0%bf%d0%be%d0%b4%d1%81%d0%be%d0%bb%d0%bd%d1%83%d1%85\/#breadcrumb\"},\"inLanguage\":\"ru-RU\",\"potentialAction\":[{\"@type\":\"ReadAction\",\"target\":[\"https:\/\/www.ramunes.lt\/ru\/\u043f\u0440\u043e\u0434\u0443\u043a\u0442\/%d0%bf%d0%be%d0%b4%d1%81%d0%be%d0%bb%d0%bd%d1%83%d1%85\/\"]}]},{\"@type\":\"ImageObject\",\"inLanguage\":\"ru-RU\",\"@id\":\"https:\/\/www.ramunes.lt\/ru\/\u043f\u0440\u043e\u0434\u0443\u043a\u0442\/%d0%bf%d0%be%d0%b4%d1%81%d0%be%d0%bb%d0%bd%d1%83%d1%85\/#primaryimage\",\"url\":\"https:\/\/www.ramunes.lt\/wp-content\/uploads\/2020\/03\/saulegraza-skintos-geles.jpg\",\"contentUrl\":\"https:\/\/www.ramunes.lt\/wp-content\/uploads\/2020\/03\/saulegraza-skintos-geles.jpg\",\"width\":600,\"height\":601},{\"@type\":\"BreadcrumbList\",\"@id\":\"https:\/\/www.ramunes.lt\/ru\/\u043f\u0440\u043e\u0434\u0443\u043a\u0442\/%d0%bf%d0%be%d0%b4%d1%81%d0%be%d0%bb%d0%bd%d1%83%d1%85\/#breadcrumb\",\"itemListElement\":[{\"@type\":\"ListItem\",\"position\":1,\"name\":\"Home\",\"item\":\"https:\/\/www.ramunes.lt\/ru\/\"},{\"@type\":\"ListItem\",\"position\":2,\"name\":\"\u0414\u043e\u0441\u0442\u0430\u0432\u043a\u0430 \u0446\u0432\u0435\u0442\u043e\u0432 \u0432 \u0412\u0438\u043b\u044c\u043d\u044e\u0441\u0435\",\"item\":\"https:\/\/www.ramunes.lt\/ru\/\"},{\"@type\":\"ListItem\",\"position\":3,\"name\":\"\u041f\u043e\u0434\u0441\u043e\u043b\u043d\u0443\u0445\"}]},{\"@type\":\"WebSite\",\"@id\":\"https:\/\/www.ramunes.lt\/ru\/#website\",\"url\":\"https:\/\/www.ramunes.lt\/ru\/\",\"name\":\"Ramunes.lt- G\u0117li\u0173 pristatymas Vilniuje\",\"description\":\"\",\"potentialAction\":[{\"@type\":\"SearchAction\",\"target\":{\"@type\":\"EntryPoint\",\"urlTemplate\":\"https:\/\/www.ramunes.lt\/ru\/?s={search_term_string}\"},\"query-input\":{\"@type\":\"PropertyValueSpecification\",\"valueRequired\":true,\"valueName\":\"search_term_string\"}}],\"inLanguage\":\"ru-RU\"}]}<\/script>\n<!-- \/ Yoast SEO plugin. -->","yoast_head_json":{"title":"\u041f\u043e\u0434\u0441\u043e\u043b\u043d\u0443\u0445 | Skintos G\u0117l\u0117s | Ramunes.lt - G\u0117li\u0173 pristatymas","description":"\u0417\u0430\u043a\u0430\u0436\u0438\u0442\u0435 \u043b\u0435\u0442\u043d\u0438\u0435, \u044f\u0440\u043a\u0438\u0435 \u043f\u043e\u0434\u0441\u043e\u043b\u043d\u0443\u0445\u0438, \u043a\u043e\u0442\u043e\u0440\u044b\u0435 \u043d\u0430\u043f\u043e\u043c\u043d\u044f\u0442 \u043c\u043d\u043e\u0433\u0438\u043c \u043e \u0434\u0435\u0442\u0441\u0442\u0432\u0435 \u0438 \u0441\u0430\u043c\u044b\u0445 \u043a\u0440\u0430\u0441\u0438\u0432\u044b\u0445 \u043b\u0435\u0442\u043d\u0438\u0445 \u043c\u043e\u043c\u0435\u043d\u0442\u0430\u0445.","robots":{"index":"noindex","follow":"follow","max-snippet":"max-snippet:-1","max-image-preview":"max-image-preview:large","max-video-preview":"max-video-preview:-1"},"og_locale":"ru_RU","og_type":"article","og_title":"\u041f\u043e\u0434\u0441\u043e\u043b\u043d\u0443\u0445 | Skintos G\u0117l\u0117s | Ramunes.lt - G\u0117li\u0173 pristatymas","og_description":"\u0417\u0430\u043a\u0430\u0436\u0438\u0442\u0435 \u043b\u0435\u0442\u043d\u0438\u0435, \u044f\u0440\u043a\u0438\u0435 \u043f\u043e\u0434\u0441\u043e\u043b\u043d\u0443\u0445\u0438, \u043a\u043e\u0442\u043e\u0440\u044b\u0435 \u043d\u0430\u043f\u043e\u043c\u043d\u044f\u0442 \u043c\u043d\u043e\u0433\u0438\u043c \u043e \u0434\u0435\u0442\u0441\u0442\u0432\u0435 \u0438 \u0441\u0430\u043c\u044b\u0445 \u043a\u0440\u0430\u0441\u0438\u0432\u044b\u0445 \u043b\u0435\u0442\u043d\u0438\u0445 \u043c\u043e\u043c\u0435\u043d\u0442\u0430\u0445.","og_url":"https:\/\/www.ramunes.lt\/ru\/\u043f\u0440\u043e\u0434\u0443\u043a\u0442\/%d0%bf%d0%be%d0%b4%d1%81%d0%be%d0%bb%d0%bd%d1%83%d1%85\/","og_site_name":"Ramunes.lt- G\u0117li\u0173 pristatymas Vilniuje","article_modified_time":"2023-07-10T07:43:58+00:00","og_image":[{"width":600,"height":601,"url":"https:\/\/www.ramunes.lt\/wp-content\/uploads\/2020\/03\/saulegraza-skintos-geles.jpg","type":"image\/jpeg"}],"twitter_card":"summary_large_image","schema":{"@context":"https:\/\/schema.org","@graph":[{"@type":"WebPage","@id":"https:\/\/www.ramunes.lt\/ru\/\u043f\u0440\u043e\u0434\u0443\u043a\u0442\/%d0%bf%d0%be%d0%b4%d1%81%d0%be%d0%bb%d0%bd%d1%83%d1%85\/","url":"https:\/\/www.ramunes.lt\/ru\/\u043f\u0440\u043e\u0434\u0443\u043a\u0442\/%d0%bf%d0%be%d0%b4%d1%81%d0%be%d0%bb%d0%bd%d1%83%d1%85\/","name":"\u041f\u043e\u0434\u0441\u043e\u043b\u043d\u0443\u0445 | Skintos G\u0117l\u0117s | Ramunes.lt - G\u0117li\u0173 pristatymas","isPartOf":{"@id":"https:\/\/www.ramunes.lt\/ru\/#website"},"primaryImageOfPage":{"@id":"https:\/\/www.ramunes.lt\/ru\/\u043f\u0440\u043e\u0434\u0443\u043a\u0442\/%d0%bf%d0%be%d0%b4%d1%81%d0%be%d0%bb%d0%bd%d1%83%d1%85\/#primaryimage"},"image":{"@id":"https:\/\/www.ramunes.lt\/ru\/\u043f\u0440\u043e\u0434\u0443\u043a\u0442\/%d0%bf%d0%be%d0%b4%d1%81%d0%be%d0%bb%d0%bd%d1%83%d1%85\/#primaryimage"},"thumbnailUrl":"https:\/\/www.ramunes.lt\/wp-content\/uploads\/2020\/03\/saulegraza-skintos-geles.jpg","datePublished":"2020-03-27T05:38:37+00:00","dateModified":"2023-07-10T07:43:58+00:00","description":"\u0417\u0430\u043a\u0430\u0436\u0438\u0442\u0435 \u043b\u0435\u0442\u043d\u0438\u0435, \u044f\u0440\u043a\u0438\u0435 \u043f\u043e\u0434\u0441\u043e\u043b\u043d\u0443\u0445\u0438, \u043a\u043e\u0442\u043e\u0440\u044b\u0435 \u043d\u0430\u043f\u043e\u043c\u043d\u044f\u0442 \u043c\u043d\u043e\u0433\u0438\u043c \u043e \u0434\u0435\u0442\u0441\u0442\u0432\u0435 \u0438 \u0441\u0430\u043c\u044b\u0445 \u043a\u0440\u0430\u0441\u0438\u0432\u044b\u0445 \u043b\u0435\u0442\u043d\u0438\u0445 \u043c\u043e\u043c\u0435\u043d\u0442\u0430\u0445.","breadcrumb":{"@id":"https:\/\/www.ramunes.lt\/ru\/\u043f\u0440\u043e\u0434\u0443\u043a\u0442\/%d0%bf%d0%be%d0%b4%d1%81%d0%be%d0%bb%d0%bd%d1%83%d1%85\/#breadcrumb"},"inLanguage":"ru-RU","potentialAction":[{"@type":"ReadAction","target":["https:\/\/www.ramunes.lt\/ru\/\u043f\u0440\u043e\u0434\u0443\u043a\u0442\/%d0%bf%d0%be%d0%b4%d1%81%d0%be%d0%bb%d0%bd%d1%83%d1%85\/"]}]},{"@type":"ImageObject","inLanguage":"ru-RU","@id":"https:\/\/www.ramunes.lt\/ru\/\u043f\u0440\u043e\u0434\u0443\u043a\u0442\/%d0%bf%d0%be%d0%b4%d1%81%d0%be%d0%bb%d0%bd%d1%83%d1%85\/#primaryimage","url":"https:\/\/www.ramunes.lt\/wp-content\/uploads\/2020\/03\/saulegraza-skintos-geles.jpg","contentUrl":"https:\/\/www.ramunes.lt\/wp-content\/uploads\/2020\/03\/saulegraza-skintos-geles.jpg","width":600,"height":601},{"@type":"BreadcrumbList","@id":"https:\/\/www.ramunes.lt\/ru\/\u043f\u0440\u043e\u0434\u0443\u043a\u0442\/%d0%bf%d0%be%d0%b4%d1%81%d0%be%d0%bb%d0%bd%d1%83%d1%85\/#breadcrumb","itemListElement":[{"@type":"ListItem","position":1,"name":"Home","item":"https:\/\/www.ramunes.lt\/ru\/"},{"@type":"ListItem","position":2,"name":"\u0414\u043e\u0441\u0442\u0430\u0432\u043a\u0430 \u0446\u0432\u0435\u0442\u043e\u0432 \u0432 \u0412\u0438\u043b\u044c\u043d\u044e\u0441\u0435","item":"https:\/\/www.ramunes.lt\/ru\/"},{"@type":"ListItem","position":3,"name":"\u041f\u043e\u0434\u0441\u043e\u043b\u043d\u0443\u0445"}]},{"@type":"WebSite","@id":"https:\/\/www.ramunes.lt\/ru\/#website","url":"https:\/\/www.ramunes.lt\/ru\/","name":"Ramunes.lt- G\u0117li\u0173 pristatymas Vilniuje","description":"","potentialAction":[{"@type":"SearchAction","target":{"@type":"EntryPoint","urlTemplate":"https:\/\/www.ramunes.lt\/ru\/?s={search_term_string}"},"query-input":{"@type":"PropertyValueSpecification","valueRequired":true,"valueName":"search_term_string"}}],"inLanguage":"ru-RU"}]}},"new_scheduled_revision":null,"save_as_revision":null,"_links":{"self":[{"href":"https:\/\/www.ramunes.lt\/ru\/wp-json\/wp\/v2\/product\/9114","targetHints":{"allow":["GET"]}}],"collection":[{"href":"https:\/\/www.ramunes.lt\/ru\/wp-json\/wp\/v2\/product"}],"about":[{"href":"https:\/\/www.ramunes.lt\/ru\/wp-json\/wp\/v2\/types\/product"}],"wp:featuredmedia":[{"embeddable":true,"href":"https:\/\/www.ramunes.lt\/ru\/wp-json\/wp\/v2\/media\/6216"}],"wp:attachment":[{"href":"https:\/\/www.ramunes.lt\/ru\/wp-json\/wp\/v2\/media?parent=9114"}],"wp:term":[{"taxonomy":"product_brand","embeddable":true,"href":"https:\/\/www.ramunes.lt\/ru\/wp-json\/wp\/v2\/product_brand?post=9114"},{"taxonomy":"product_cat","embeddable":true,"href":"https:\/\/www.ramunes.lt\/ru\/wp-json\/wp\/v2\/product_cat?post=9114"},{"taxonomy":"product_tag","embeddable":true,"href":"https:\/\/www.ramunes.lt\/ru\/wp-json\/wp\/v2\/product_tag?post=9114"}],"curies":[{"name":"wp","href":"https:\/\/api.w.org\/{rel}","templated":true}]}}