{"id":9850,"date":"2020-08-01T16:49:50","date_gmt":"2020-08-01T13:49:50","guid":{"rendered":"https:\/\/ramunes.lt\/%d0%bf%d1%80%d0%b0%d0%b2%d0%b8%d0%bb%d0%b0-%d0%ba%d1%83%d0%bf%d0%bb%d0%b8-%d0%bf%d1%80%d0%be%d0%b4%d0%b0%d0%b6%d0%b8\/"},"modified":"2023-06-29T17:03:03","modified_gmt":"2023-06-29T14:03:03","slug":"%d0%bf%d1%80%d0%b0%d0%b2%d0%b8%d0%bb%d0%b0-%d0%ba%d1%83%d0%bf%d0%bb%d0%b8-%d0%bf%d1%80%d0%be%d0%b4%d0%b0%d0%b6%d0%b8","status":"publish","type":"page","link":"https:\/\/www.ramunes.lt\/ru\/%d0%bf%d1%80%d0%b0%d0%b2%d0%b8%d0%bb%d0%b0-%d0%ba%d1%83%d0%bf%d0%bb%d0%b8-%d0%bf%d1%80%d0%be%d0%b4%d0%b0%d0%b6%d0%b8\/","title":{"rendered":"\u041f\u0440\u0430\u0432\u0438\u043b\u0430 \u043a\u0443\u043f\u043b\u0438-\u043f\u0440\u043e\u0434\u0430\u0436\u0438"},"content":{"rendered":"[vc_row][vc_column][vc_column_text css=&#187;.vc_custom_1641219258549{margin-bottom: 0px !important;}&#187;]\n<p class=\"tw-data-text tw-text-large tw-ta\" dir=\"ltr\" data-placeholder=\"Translation\"><span class=\"Y2IQFc\" lang=\"ru\">\u042d\u0442\u043e\u0442 \u0434\u043e\u0433\u043e\u0432\u043e\u0440 \u043a\u0443\u043f\u043b\u0438-\u043f\u0440\u043e\u0434\u0430\u0436\u0438 \u0432 \u0438\u043d\u0442\u0435\u0440\u043d\u0435\u0442-\u043c\u0430\u0433\u0430\u0437\u0438\u043d\u0435 ramunes.lt (\u0434\u0430\u043b\u0435\u0435 \u2013 \u0438\u043d\u0442\u0435\u0440\u043d\u0435\u0442-\u043c\u0430\u0433\u0430\u0437\u0438\u043d) \u043e\u043f\u0440\u0435\u0434\u0435\u043b\u044f\u0435\u0442 \u0432\u0437\u0430\u0438\u043c\u043d\u044b\u0435 \u043f\u0440\u0430\u0432\u0430, \u043e\u0431\u044f\u0437\u0430\u043d\u043d\u043e\u0441\u0442\u0438 \u0438 \u043e\u0442\u0432\u0435\u0442\u0441\u0442\u0432\u0435\u043d\u043d\u043e\u0441\u0442\u0438 \u043f\u043e\u043a\u0443\u043f\u0430\u0442\u0435\u043b\u044f \u0438 \u043f\u0440\u043e\u0434\u0430\u0432\u0446\u0430 ( UAB &#171;U\u017esisakyk g\u0117les&#187;, \u012f. k. 305811732, \u0160e\u0161kin\u0117s g. 22A, <\/span><span class=\"Y2IQFc\" lang=\"ru\">\u0412\u0438\u043b\u044c\u043d\u044e\u0441 <\/span><span class=\"Y2IQFc\" lang=\"ru\">(<\/span><span class=\"Y2IQFc\" lang=\"ru\">\u0410\u0434\u0440\u0435\u0441 \u0440\u0435\u0433\u0438\u0441\u0442\u0440\u0430\u0446\u0438\u0438<\/span><span class=\"Y2IQFc\" lang=\"ru\">), <\/span><span class=\"Y2IQFc\" lang=\"ru\">\u0442\u0435\u043b<\/span><span class=\"Y2IQFc\" lang=\"ru\">: +370 608 87382) \u043f\u0440\u0438 \u043f\u043e\u043a\u0443\u043f\u043a\u0435 \u0442\u043e\u0432\u0430\u0440\u043e\u0432 \u0432 \u0438\u043d\u0442\u0435\u0440\u043d\u0435\u0442-\u043c\u0430\u0433\u0430\u0437\u0438\u043d\u0435.<\/span><\/p>\n[\/vc_column_text][\/vc_column][\/vc_row]\n","protected":false},"excerpt":{"rendered":"<p>[vc_row][vc_column][vc_column_text css=&#187;.vc_custom_1641219258549{margin-bottom: 0px !important;}&#187;] \u042d\u0442\u043e\u0442 \u0434\u043e\u0433\u043e\u0432\u043e\u0440 \u043a\u0443\u043f\u043b\u0438-\u043f\u0440\u043e\u0434\u0430\u0436\u0438 \u0432 \u0438\u043d\u0442\u0435\u0440\u043d\u0435\u0442-\u043c\u0430\u0433\u0430\u0437\u0438\u043d\u0435 ramunes.lt (\u0434\u0430\u043b\u0435\u0435 \u2013 \u0438\u043d\u0442\u0435\u0440\u043d\u0435\u0442-\u043c\u0430\u0433\u0430\u0437\u0438\u043d) \u043e\u043f\u0440\u0435\u0434\u0435\u043b\u044f\u0435\u0442 \u0432\u0437\u0430\u0438\u043c\u043d\u044b\u0435 \u043f\u0440\u0430\u0432\u0430, \u043e\u0431\u044f\u0437\u0430\u043d\u043d\u043e\u0441\u0442\u0438 \u0438 \u043e\u0442\u0432\u0435\u0442\u0441\u0442\u0432\u0435\u043d\u043d\u043e\u0441\u0442\u0438 \u043f\u043e\u043a\u0443\u043f\u0430\u0442\u0435\u043b\u044f \u0438 \u043f\u0440\u043e\u0434\u0430\u0432\u0446\u0430 ( UAB &#171;U\u017esisakyk g\u0117les&#187;, \u012f. k. 305811732, \u0160e\u0161kin\u0117s g. 22A, \u0412\u0438\u043b\u044c\u043d\u044e\u0441 (\u0410\u0434\u0440\u0435\u0441 \u0440\u0435\u0433\u0438\u0441\u0442\u0440\u0430\u0446\u0438\u0438), \u0442\u0435\u043b: +370 608 87382) \u043f\u0440\u0438 \u043f\u043e\u043a\u0443\u043f\u043a\u0435 \u0442\u043e\u0432\u0430\u0440\u043e\u0432 \u0432 \u0438\u043d\u0442\u0435\u0440\u043d\u0435\u0442-\u043c\u0430\u0433\u0430\u0437\u0438\u043d\u0435. [\/vc_column_text][\/vc_column][\/vc_row]<\/p>\n","protected":false},"author":3,"featured_media":0,"parent":0,"menu_order":0,"comment_status":"closed","ping_status":"closed","template":"","meta":{"footnotes":""},"class_list":["post-9850","page","type-page","status-publish","hentry","mk-info-sticky"],"yoast_head":"<!-- This site is optimized with the Yoast SEO plugin v24.7 - https:\/\/yoast.com\/wordpress\/plugins\/seo\/ -->\n<title>\u041f\u0440\u0430\u0432\u0438\u043b\u0430 \u043a\u0443\u043f\u043b\u0438-\u043f\u0440\u043e\u0434\u0430\u0436\u0438 | \u0417\u0430\u043a\u0430\u0437 \u0446\u0432\u0435\u0442\u043e\u0432 \u0432 \u0412\u0438\u043b\u044c\u043d\u044e\u0441\u0435 | Ramunes.lt<\/title>\n<meta name=\"description\" content=\"\u041f\u0440\u0430\u0432\u0438\u043b\u0430 \u043a\u0443\u043f\u043b\u0438-\u043f\u0440\u043e\u0434\u0430\u0436\u0438 \u0441\u0442\u0440\u0430\u043d\u0438\u0446\u044b ramunes.lt.\" \/>\n<meta name=\"robots\" content=\"noindex, follow, max-snippet:-1, max-image-preview:large, max-video-preview:-1\" \/>\n<meta property=\"og:locale\" content=\"ru_RU\" \/>\n<meta property=\"og:type\" content=\"article\" \/>\n<meta property=\"og:title\" content=\"\u041f\u0440\u0430\u0432\u0438\u043b\u0430 \u043a\u0443\u043f\u043b\u0438-\u043f\u0440\u043e\u0434\u0430\u0436\u0438 | \u0417\u0430\u043a\u0430\u0437 \u0446\u0432\u0435\u0442\u043e\u0432 \u0432 \u0412\u0438\u043b\u044c\u043d\u044e\u0441\u0435 | Ramunes.lt\" \/>\n<meta property=\"og:description\" content=\"\u041f\u0440\u0430\u0432\u0438\u043b\u0430 \u043a\u0443\u043f\u043b\u0438-\u043f\u0440\u043e\u0434\u0430\u0436\u0438 \u0441\u0442\u0440\u0430\u043d\u0438\u0446\u044b ramunes.lt.\" \/>\n<meta property=\"og:url\" content=\"https:\/\/www.ramunes.lt\/ru\/%d0%bf%d1%80%d0%b0%d0%b2%d0%b8%d0%bb%d0%b0-%d0%ba%d1%83%d0%bf%d0%bb%d0%b8-%d0%bf%d1%80%d0%be%d0%b4%d0%b0%d0%b6%d0%b8\/\" \/>\n<meta property=\"og:site_name\" content=\"Ramunes.lt- G\u0117li\u0173 pristatymas Vilniuje\" \/>\n<meta property=\"article:modified_time\" content=\"2023-06-29T14:03:03+00:00\" \/>\n<meta name=\"twitter:card\" content=\"summary_large_image\" \/>\n<script type=\"application\/ld+json\" class=\"yoast-schema-graph\">{\"@context\":\"https:\/\/schema.org\",\"@graph\":[{\"@type\":\"WebPage\",\"@id\":\"https:\/\/www.ramunes.lt\/ru\/%d0%bf%d1%80%d0%b0%d0%b2%d0%b8%d0%bb%d0%b0-%d0%ba%d1%83%d0%bf%d0%bb%d0%b8-%d0%bf%d1%80%d0%be%d0%b4%d0%b0%d0%b6%d0%b8\/\",\"url\":\"https:\/\/www.ramunes.lt\/ru\/%d0%bf%d1%80%d0%b0%d0%b2%d0%b8%d0%bb%d0%b0-%d0%ba%d1%83%d0%bf%d0%bb%d0%b8-%d0%bf%d1%80%d0%be%d0%b4%d0%b0%d0%b6%d0%b8\/\",\"name\":\"\u041f\u0440\u0430\u0432\u0438\u043b\u0430 \u043a\u0443\u043f\u043b\u0438-\u043f\u0440\u043e\u0434\u0430\u0436\u0438 | \u0417\u0430\u043a\u0430\u0437 \u0446\u0432\u0435\u0442\u043e\u0432 \u0432 \u0412\u0438\u043b\u044c\u043d\u044e\u0441\u0435 | Ramunes.lt\",\"isPartOf\":{\"@id\":\"https:\/\/www.ramunes.lt\/ru\/#website\"},\"datePublished\":\"2020-08-01T13:49:50+00:00\",\"dateModified\":\"2023-06-29T14:03:03+00:00\",\"description\":\"\u041f\u0440\u0430\u0432\u0438\u043b\u0430 \u043a\u0443\u043f\u043b\u0438-\u043f\u0440\u043e\u0434\u0430\u0436\u0438 \u0441\u0442\u0440\u0430\u043d\u0438\u0446\u044b ramunes.lt.\",\"breadcrumb\":{\"@id\":\"https:\/\/www.ramunes.lt\/ru\/%d0%bf%d1%80%d0%b0%d0%b2%d0%b8%d0%bb%d0%b0-%d0%ba%d1%83%d0%bf%d0%bb%d0%b8-%d0%bf%d1%80%d0%be%d0%b4%d0%b0%d0%b6%d0%b8\/#breadcrumb\"},\"inLanguage\":\"ru-RU\",\"potentialAction\":[{\"@type\":\"ReadAction\",\"target\":[\"https:\/\/www.ramunes.lt\/ru\/%d0%bf%d1%80%d0%b0%d0%b2%d0%b8%d0%bb%d0%b0-%d0%ba%d1%83%d0%bf%d0%bb%d0%b8-%d0%bf%d1%80%d0%be%d0%b4%d0%b0%d0%b6%d0%b8\/\"]}]},{\"@type\":\"BreadcrumbList\",\"@id\":\"https:\/\/www.ramunes.lt\/ru\/%d0%bf%d1%80%d0%b0%d0%b2%d0%b8%d0%bb%d0%b0-%d0%ba%d1%83%d0%bf%d0%bb%d0%b8-%d0%bf%d1%80%d0%be%d0%b4%d0%b0%d0%b6%d0%b8\/#breadcrumb\",\"itemListElement\":[{\"@type\":\"ListItem\",\"position\":1,\"name\":\"Home\",\"item\":\"https:\/\/www.ramunes.lt\/ru\/\"},{\"@type\":\"ListItem\",\"position\":2,\"name\":\"\u041f\u0440\u0430\u0432\u0438\u043b\u0430 \u043a\u0443\u043f\u043b\u0438-\u043f\u0440\u043e\u0434\u0430\u0436\u0438\"}]},{\"@type\":\"WebSite\",\"@id\":\"https:\/\/www.ramunes.lt\/ru\/#website\",\"url\":\"https:\/\/www.ramunes.lt\/ru\/\",\"name\":\"Ramunes.lt- G\u0117li\u0173 pristatymas Vilniuje\",\"description\":\"\",\"potentialAction\":[{\"@type\":\"SearchAction\",\"target\":{\"@type\":\"EntryPoint\",\"urlTemplate\":\"https:\/\/www.ramunes.lt\/ru\/?s={search_term_string}\"},\"query-input\":{\"@type\":\"PropertyValueSpecification\",\"valueRequired\":true,\"valueName\":\"search_term_string\"}}],\"inLanguage\":\"ru-RU\"}]}<\/script>\n<!-- \/ Yoast SEO plugin. -->","yoast_head_json":{"title":"\u041f\u0440\u0430\u0432\u0438\u043b\u0430 \u043a\u0443\u043f\u043b\u0438-\u043f\u0440\u043e\u0434\u0430\u0436\u0438 | \u0417\u0430\u043a\u0430\u0437 \u0446\u0432\u0435\u0442\u043e\u0432 \u0432 \u0412\u0438\u043b\u044c\u043d\u044e\u0441\u0435 | Ramunes.lt","description":"\u041f\u0440\u0430\u0432\u0438\u043b\u0430 \u043a\u0443\u043f\u043b\u0438-\u043f\u0440\u043e\u0434\u0430\u0436\u0438 \u0441\u0442\u0440\u0430\u043d\u0438\u0446\u044b ramunes.lt.","robots":{"index":"noindex","follow":"follow","max-snippet":"max-snippet:-1","max-image-preview":"max-image-preview:large","max-video-preview":"max-video-preview:-1"},"og_locale":"ru_RU","og_type":"article","og_title":"\u041f\u0440\u0430\u0432\u0438\u043b\u0430 \u043a\u0443\u043f\u043b\u0438-\u043f\u0440\u043e\u0434\u0430\u0436\u0438 | \u0417\u0430\u043a\u0430\u0437 \u0446\u0432\u0435\u0442\u043e\u0432 \u0432 \u0412\u0438\u043b\u044c\u043d\u044e\u0441\u0435 | Ramunes.lt","og_description":"\u041f\u0440\u0430\u0432\u0438\u043b\u0430 \u043a\u0443\u043f\u043b\u0438-\u043f\u0440\u043e\u0434\u0430\u0436\u0438 \u0441\u0442\u0440\u0430\u043d\u0438\u0446\u044b ramunes.lt.","og_url":"https:\/\/www.ramunes.lt\/ru\/%d0%bf%d1%80%d0%b0%d0%b2%d0%b8%d0%bb%d0%b0-%d0%ba%d1%83%d0%bf%d0%bb%d0%b8-%d0%bf%d1%80%d0%be%d0%b4%d0%b0%d0%b6%d0%b8\/","og_site_name":"Ramunes.lt- G\u0117li\u0173 pristatymas Vilniuje","article_modified_time":"2023-06-29T14:03:03+00:00","twitter_card":"summary_large_image","schema":{"@context":"https:\/\/schema.org","@graph":[{"@type":"WebPage","@id":"https:\/\/www.ramunes.lt\/ru\/%d0%bf%d1%80%d0%b0%d0%b2%d0%b8%d0%bb%d0%b0-%d0%ba%d1%83%d0%bf%d0%bb%d0%b8-%d0%bf%d1%80%d0%be%d0%b4%d0%b0%d0%b6%d0%b8\/","url":"https:\/\/www.ramunes.lt\/ru\/%d0%bf%d1%80%d0%b0%d0%b2%d0%b8%d0%bb%d0%b0-%d0%ba%d1%83%d0%bf%d0%bb%d0%b8-%d0%bf%d1%80%d0%be%d0%b4%d0%b0%d0%b6%d0%b8\/","name":"\u041f\u0440\u0430\u0432\u0438\u043b\u0430 \u043a\u0443\u043f\u043b\u0438-\u043f\u0440\u043e\u0434\u0430\u0436\u0438 | \u0417\u0430\u043a\u0430\u0437 \u0446\u0432\u0435\u0442\u043e\u0432 \u0432 \u0412\u0438\u043b\u044c\u043d\u044e\u0441\u0435 | Ramunes.lt","isPartOf":{"@id":"https:\/\/www.ramunes.lt\/ru\/#website"},"datePublished":"2020-08-01T13:49:50+00:00","dateModified":"2023-06-29T14:03:03+00:00","description":"\u041f\u0440\u0430\u0432\u0438\u043b\u0430 \u043a\u0443\u043f\u043b\u0438-\u043f\u0440\u043e\u0434\u0430\u0436\u0438 \u0441\u0442\u0440\u0430\u043d\u0438\u0446\u044b ramunes.lt.","breadcrumb":{"@id":"https:\/\/www.ramunes.lt\/ru\/%d0%bf%d1%80%d0%b0%d0%b2%d0%b8%d0%bb%d0%b0-%d0%ba%d1%83%d0%bf%d0%bb%d0%b8-%d0%bf%d1%80%d0%be%d0%b4%d0%b0%d0%b6%d0%b8\/#breadcrumb"},"inLanguage":"ru-RU","potentialAction":[{"@type":"ReadAction","target":["https:\/\/www.ramunes.lt\/ru\/%d0%bf%d1%80%d0%b0%d0%b2%d0%b8%d0%bb%d0%b0-%d0%ba%d1%83%d0%bf%d0%bb%d0%b8-%d0%bf%d1%80%d0%be%d0%b4%d0%b0%d0%b6%d0%b8\/"]}]},{"@type":"BreadcrumbList","@id":"https:\/\/www.ramunes.lt\/ru\/%d0%bf%d1%80%d0%b0%d0%b2%d0%b8%d0%bb%d0%b0-%d0%ba%d1%83%d0%bf%d0%bb%d0%b8-%d0%bf%d1%80%d0%be%d0%b4%d0%b0%d0%b6%d0%b8\/#breadcrumb","itemListElement":[{"@type":"ListItem","position":1,"name":"Home","item":"https:\/\/www.ramunes.lt\/ru\/"},{"@type":"ListItem","position":2,"name":"\u041f\u0440\u0430\u0432\u0438\u043b\u0430 \u043a\u0443\u043f\u043b\u0438-\u043f\u0440\u043e\u0434\u0430\u0436\u0438"}]},{"@type":"WebSite","@id":"https:\/\/www.ramunes.lt\/ru\/#website","url":"https:\/\/www.ramunes.lt\/ru\/","name":"Ramunes.lt- G\u0117li\u0173 pristatymas Vilniuje","description":"","potentialAction":[{"@type":"SearchAction","target":{"@type":"EntryPoint","urlTemplate":"https:\/\/www.ramunes.lt\/ru\/?s={search_term_string}"},"query-input":{"@type":"PropertyValueSpecification","valueRequired":true,"valueName":"search_term_string"}}],"inLanguage":"ru-RU"}]}},"new_scheduled_revision":null,"save_as_revision":null,"_links":{"self":[{"href":"https:\/\/www.ramunes.lt\/ru\/wp-json\/wp\/v2\/pages\/9850","targetHints":{"allow":["GET"]}}],"collection":[{"href":"https:\/\/www.ramunes.lt\/ru\/wp-json\/wp\/v2\/pages"}],"about":[{"href":"https:\/\/www.ramunes.lt\/ru\/wp-json\/wp\/v2\/types\/page"}],"author":[{"embeddable":true,"href":"https:\/\/www.ramunes.lt\/ru\/wp-json\/wp\/v2\/users\/3"}],"replies":[{"embeddable":true,"href":"https:\/\/www.ramunes.lt\/ru\/wp-json\/wp\/v2\/comments?post=9850"}],"version-history":[{"count":2,"href":"https:\/\/www.ramunes.lt\/ru\/wp-json\/wp\/v2\/pages\/9850\/revisions"}],"predecessor-version":[{"id":9852,"href":"https:\/\/www.ramunes.lt\/ru\/wp-json\/wp\/v2\/pages\/9850\/revisions\/9852"}],"wp:attachment":[{"href":"https:\/\/www.ramunes.lt\/ru\/wp-json\/wp\/v2\/media?parent=9850"}],"curies":[{"name":"wp","href":"https:\/\/api.w.org\/{rel}","templated":true}]}}