{"id":9675,"date":"2023-06-05T16:16:05","date_gmt":"2023-06-05T13:16:05","guid":{"rendered":"https:\/\/ramunes.lt\/produktas\/a-box-of-multicolored-flowers\/"},"modified":"2023-06-26T10:42:49","modified_gmt":"2023-06-26T07:42:49","slug":"a-box-of-multicolored-flowers","status":"publish","type":"product","link":"https:\/\/www.ramunes.lt\/en\/product\/a-box-of-multicolored-flowers\/","title":{"rendered":"A box of multicolored flowers"},"content":{"rendered":"<div id=\"tw-container\" data-cp=\"1\" data-is-ver=\"false\" data-nnttsvi=\"1\" data-sbsl=\"ru,uk\" data-sm=\"1\" data-ssbp=\"false\" data-sugg-time=\"500\" data-sugg-url=\"https:\/\/clients1.google.com\/complete\/search\" data-uilc=\"lt\" data-vil=\",af,af-ZA,am,am-ET,ar-EG,ar-AE,ar-KW,ar-QA,ar,ar-IL,ar-JO,ar-LB,ar-PS,az,az-AZ,bg,bg-BG,bn,bn-BD,bn-IN,ca,ca-es,cs,cs-CZ,de,de-DE,de-CH,de-AT,de-LI,en,en-US,en-CA,en-AU,en-NZ,en-GB,en-IN,en-KE,en-TZ,en-NG,en-GH,en-PH,en-ZA,es,es-ES,es-AR,es-UY,es-419,es-BO,es-CL,es-CR,es-CO,es-DO,es-EC,es-GT,es-HN,es-NI,es-PA,es-PE,es-PR,es-PY,es-SV,es-VE,es-MX,es-US,eu,eu-ES,fi,fi-FI,fr,fr-FR,fr-CH,fr-BE,gl,gl-ES,gu,gu-IN,he,he-IL,iw,iw-IL,hu,hu-HU,hy,hy-AM,id,id-ID,is,is-IS,it,it-IT,it-CH,ja,ja-JP,jv,jv-ID,ka,ka-GE,km,km-KH,kn,kn-IN,ko,ko-KR,la,lo,lo-LA,lv,lv-LV,ml,ml-IN,mr,mr-IN,ms,ms-MY,nl,nl-NL,nb,nb-NO,ne,ne-NP,pl,pl-PL,pt,pt-BR,pt-PT,ro,ro-RO,ru,ru-RU,si-LK,sk,sk-SK,sr,sr-RS,su,su-ID,sv,sv-SE,sw,sw-TZ,sw-KE,ta,ta-IN,ta-SG,ta-LK,ta-MY,te,te-IN,tr,tr-TR,ur,ur-PK,ur-IN,yue,yue-HK,yue-Hant-HK,zh-HK,zh,zh-CN,zh-cmn,zh-cmn-CN,zh-Hans,zh-Hans-CN,zh-cmn-Hans,zh-cmn-Hans-CN,cmn-CN,cmn-Hans,cmn-Hans-CN,zh-TW,zh-Hant-TW,cmn-TW,cmn-Hant-TW,zh-cmn-TW,zh-cmn-Hant-TW,zu,zu-ZA\">\n<div id=\"tw-ob\" class=\"tw-src-ltr\">\n<div class=\"oSioSc\">\n<div id=\"tw-target\">\n<div id=\"kAz1tf\" class=\"g9WsWb\">\n<div id=\"tw-target-text-container\" class=\"tw-ta-container F0azHf tw-nfl\">\n<p id=\"tw-target-text\" class=\"tw-data-text tw-text-large tw-ta\" dir=\"ltr\" data-placeholder=\"Vertimas\"><span class=\"Y2IQFc\" lang=\"en\">This\u00a0<\/span>box of colorful <span class=\"Y2IQFc\" lang=\"en\">f<\/span><span class=\"Y2IQFc\" lang=\"en\">lowers<\/span> is a great choice for the situation im which you don&#8217;t know what kind of flowers the recipient likes. The flowers vary and look different every time. The flowers box in the photo is just on example. In the composition you can usually find: roses, alstromerias, eustomas, freesias, and other flowers available at the time.<\/p>\n<\/div>\n<div id=\"tw-target-rmn-container\" class=\"tw-target-rmn tw-ta-container F0azHf tw-nfl\">\n<p id=\"tw-target-rmn\" class=\"tw-data-placeholder tw-text-small tw-ta\" dir=\"ltr\">\n<\/div>\n<div class=\"iYB33c\">\n<div class=\"dlJLJe\">\n<div data-cviv=\"false\" data-ved=\"2ahUKEwii1K70-9v_AhXY8LsIHRt5B9QQz_AEegQICRAP\">\n<div class=\"U9URNb\"><img loading=\"lazy\" decoding=\"async\" id=\"dimg_3\" class=\"YQ4gaf zr758c wA1Bge\" src=\"image\/png;base64,iVBORw0KGgoAAAANSUhEUgAAABQAAAAUCAQAAAAngNWGAAABDUlEQVR4AYXRgUZDYRjH4TegFTKgpEqiFJgoWAoMEQGBgBboChaaAKxLKAhAhQqAdAmpBIQolkCFqp2nITvNKXuA7+\/Hhzey5OWjE4Nq3rzY1f9\/NGHPB549492+8Ww060iCS2XdctZdI3GsECmb+HJoIX6x6EgDm+lURTH+YB7V9nAqE5WNme4YKuOiY6iMe6PaQxUUIuTbswgFVNJwA8sO3Bn6yR6bWZMSNtJwDtuWfHpQxaPx9C9zadil7jrCigbq6UXceNIVKTWUIqypm2ytJdTiNyNeXclF6GttOVfeDEc7qzjR23r3OMFqZKng1kw0mXGLrfibHTScOZWgGv9TdC6ROFeMTgwYiIxvJzMRWQbeGZUAAAAASUVORK5CYII=\" alt=\"Piktograma \u201ePatvirtinta bendruomen\u0117s\u201c\" width=\"16\" height=\"16\" data-csiid=\"7\" data-atf=\"0\" \/><\/div>\n<\/div>\n<\/div>\n<div id=\"tw-tmenu\" class=\"tw-menu\"><\/div>\n<\/div>\n<\/div>\n<\/div>\n<\/div>\n<\/div>\n<div id=\"tw-images\"><\/div>\n<div class=\"dURPtb\"><\/div>\n<div>\n<div>\n<\/div>\n<\/div>\n<\/div>\n<div class=\"KFFQ0c xKf9F\"><\/div>\n","protected":false},"excerpt":{"rendered":"<p>This\u00a0box of colorful flowers is a great choice for the situation im which you don&#8217;t know what kind of flowers the recipient likes. The flowers vary and look different every time. The flowers box in the photo is just on example. In the composition you can usually find: roses, alstromerias, eustomas, freesias, and other flowers [&hellip;]<\/p>\n","protected":false},"featured_media":8777,"template":"","meta":[],"product_brand":[],"product_cat":[110,109],"product_tag":[],"class_list":{"0":"post-9675","1":"product","2":"type-product","3":"status-publish","4":"has-post-thumbnail","6":"product_cat-flower-boxes","7":"product_cat-flowers","8":"tm-has-styled-variations","9":"tm-no-options","10":"mk-info-sticky","12":"first","13":"instock","14":"taxable","15":"shipping-taxable","16":"purchasable","17":"product-type-variable"},"yoast_head":"<!-- This site is optimized with the Yoast SEO plugin v24.7 - https:\/\/yoast.com\/wordpress\/plugins\/seo\/ -->\n<title>A box of multicolored flowers | ramunes.lt - g\u0117li\u0173 pristatymas<\/title>\n<meta name=\"description\" content=\"Order this box of colorful flowers and make your loved ones happy. This flower box will decorate your home, office or other space.\" \/>\n<meta name=\"robots\" content=\"noindex, follow, max-snippet:-1, max-image-preview:large, max-video-preview:-1\" \/>\n<meta property=\"og:locale\" content=\"en_US\" \/>\n<meta property=\"og:type\" content=\"article\" \/>\n<meta property=\"og:title\" content=\"A box of multicolored flowers | ramunes.lt - g\u0117li\u0173 pristatymas\" \/>\n<meta property=\"og:description\" content=\"Order this box of colorful flowers and make your loved ones happy. This flower box will decorate your home, office or other space.\" \/>\n<meta property=\"og:url\" content=\"https:\/\/www.ramunes.lt\/en\/product\/a-box-of-multicolored-flowers\/\" \/>\n<meta property=\"og:site_name\" content=\"Ramunes.lt- G\u0117li\u0173 pristatymas Vilniuje\" \/>\n<meta property=\"article:modified_time\" content=\"2023-06-26T07:42:49+00:00\" \/>\n<meta property=\"og:image\" content=\"https:\/\/www.ramunes.lt\/wp-content\/uploads\/2023\/06\/ivairiu-geliu-dezute-e1685970908473.jpg\" \/>\n\t<meta property=\"og:image:width\" content=\"600\" \/>\n\t<meta property=\"og:image:height\" content=\"600\" \/>\n\t<meta property=\"og:image:type\" content=\"image\/jpeg\" \/>\n<meta name=\"twitter:card\" content=\"summary_large_image\" \/>\n<script type=\"application\/ld+json\" class=\"yoast-schema-graph\">{\"@context\":\"https:\/\/schema.org\",\"@graph\":[{\"@type\":\"WebPage\",\"@id\":\"https:\/\/www.ramunes.lt\/en\/product\/a-box-of-multicolored-flowers\/\",\"url\":\"https:\/\/www.ramunes.lt\/en\/product\/a-box-of-multicolored-flowers\/\",\"name\":\"A box of multicolored flowers | ramunes.lt - g\u0117li\u0173 pristatymas\",\"isPartOf\":{\"@id\":\"https:\/\/www.ramunes.lt\/en\/#website\"},\"primaryImageOfPage\":{\"@id\":\"https:\/\/www.ramunes.lt\/en\/product\/a-box-of-multicolored-flowers\/#primaryimage\"},\"image\":{\"@id\":\"https:\/\/www.ramunes.lt\/en\/product\/a-box-of-multicolored-flowers\/#primaryimage\"},\"thumbnailUrl\":\"https:\/\/www.ramunes.lt\/wp-content\/uploads\/2023\/06\/ivairiu-geliu-dezute-e1685970908473.jpg\",\"datePublished\":\"2023-06-05T13:16:05+00:00\",\"dateModified\":\"2023-06-26T07:42:49+00:00\",\"description\":\"Order this box of colorful flowers and make your loved ones happy. This flower box will decorate your home, office or other space.\",\"breadcrumb\":{\"@id\":\"https:\/\/www.ramunes.lt\/en\/product\/a-box-of-multicolored-flowers\/#breadcrumb\"},\"inLanguage\":\"en-US\",\"potentialAction\":[{\"@type\":\"ReadAction\",\"target\":[\"https:\/\/www.ramunes.lt\/en\/product\/a-box-of-multicolored-flowers\/\"]}]},{\"@type\":\"ImageObject\",\"inLanguage\":\"en-US\",\"@id\":\"https:\/\/www.ramunes.lt\/en\/product\/a-box-of-multicolored-flowers\/#primaryimage\",\"url\":\"https:\/\/www.ramunes.lt\/wp-content\/uploads\/2023\/06\/ivairiu-geliu-dezute-e1685970908473.jpg\",\"contentUrl\":\"https:\/\/www.ramunes.lt\/wp-content\/uploads\/2023\/06\/ivairiu-geliu-dezute-e1685970908473.jpg\",\"width\":600,\"height\":600,\"caption\":\"\u012evairiaspalvi\u0173 g\u0117li\u0173 d\u0117\u017eut\u0117\"},{\"@type\":\"BreadcrumbList\",\"@id\":\"https:\/\/www.ramunes.lt\/en\/product\/a-box-of-multicolored-flowers\/#breadcrumb\",\"itemListElement\":[{\"@type\":\"ListItem\",\"position\":1,\"name\":\"Home\",\"item\":\"https:\/\/www.ramunes.lt\/en\/\"},{\"@type\":\"ListItem\",\"position\":2,\"name\":\"Flowers delivery in Vilnius\",\"item\":\"https:\/\/www.ramunes.lt\/en\/\"},{\"@type\":\"ListItem\",\"position\":3,\"name\":\"A box of multicolored flowers\"}]},{\"@type\":\"WebSite\",\"@id\":\"https:\/\/www.ramunes.lt\/en\/#website\",\"url\":\"https:\/\/www.ramunes.lt\/en\/\",\"name\":\"Ramunes.lt- G\u0117li\u0173 pristatymas Vilniuje\",\"description\":\"\",\"potentialAction\":[{\"@type\":\"SearchAction\",\"target\":{\"@type\":\"EntryPoint\",\"urlTemplate\":\"https:\/\/www.ramunes.lt\/en\/?s={search_term_string}\"},\"query-input\":{\"@type\":\"PropertyValueSpecification\",\"valueRequired\":true,\"valueName\":\"search_term_string\"}}],\"inLanguage\":\"en-US\"}]}<\/script>\n<!-- \/ Yoast SEO plugin. -->","yoast_head_json":{"title":"A box of multicolored flowers | ramunes.lt - g\u0117li\u0173 pristatymas","description":"Order this box of colorful flowers and make your loved ones happy. This flower box will decorate your home, office or other space.","robots":{"index":"noindex","follow":"follow","max-snippet":"max-snippet:-1","max-image-preview":"max-image-preview:large","max-video-preview":"max-video-preview:-1"},"og_locale":"en_US","og_type":"article","og_title":"A box of multicolored flowers | ramunes.lt - g\u0117li\u0173 pristatymas","og_description":"Order this box of colorful flowers and make your loved ones happy. This flower box will decorate your home, office or other space.","og_url":"https:\/\/www.ramunes.lt\/en\/product\/a-box-of-multicolored-flowers\/","og_site_name":"Ramunes.lt- G\u0117li\u0173 pristatymas Vilniuje","article_modified_time":"2023-06-26T07:42:49+00:00","og_image":[{"width":600,"height":600,"url":"https:\/\/www.ramunes.lt\/wp-content\/uploads\/2023\/06\/ivairiu-geliu-dezute-e1685970908473.jpg","type":"image\/jpeg"}],"twitter_card":"summary_large_image","schema":{"@context":"https:\/\/schema.org","@graph":[{"@type":"WebPage","@id":"https:\/\/www.ramunes.lt\/en\/product\/a-box-of-multicolored-flowers\/","url":"https:\/\/www.ramunes.lt\/en\/product\/a-box-of-multicolored-flowers\/","name":"A box of multicolored flowers | ramunes.lt - g\u0117li\u0173 pristatymas","isPartOf":{"@id":"https:\/\/www.ramunes.lt\/en\/#website"},"primaryImageOfPage":{"@id":"https:\/\/www.ramunes.lt\/en\/product\/a-box-of-multicolored-flowers\/#primaryimage"},"image":{"@id":"https:\/\/www.ramunes.lt\/en\/product\/a-box-of-multicolored-flowers\/#primaryimage"},"thumbnailUrl":"https:\/\/www.ramunes.lt\/wp-content\/uploads\/2023\/06\/ivairiu-geliu-dezute-e1685970908473.jpg","datePublished":"2023-06-05T13:16:05+00:00","dateModified":"2023-06-26T07:42:49+00:00","description":"Order this box of colorful flowers and make your loved ones happy. This flower box will decorate your home, office or other space.","breadcrumb":{"@id":"https:\/\/www.ramunes.lt\/en\/product\/a-box-of-multicolored-flowers\/#breadcrumb"},"inLanguage":"en-US","potentialAction":[{"@type":"ReadAction","target":["https:\/\/www.ramunes.lt\/en\/product\/a-box-of-multicolored-flowers\/"]}]},{"@type":"ImageObject","inLanguage":"en-US","@id":"https:\/\/www.ramunes.lt\/en\/product\/a-box-of-multicolored-flowers\/#primaryimage","url":"https:\/\/www.ramunes.lt\/wp-content\/uploads\/2023\/06\/ivairiu-geliu-dezute-e1685970908473.jpg","contentUrl":"https:\/\/www.ramunes.lt\/wp-content\/uploads\/2023\/06\/ivairiu-geliu-dezute-e1685970908473.jpg","width":600,"height":600,"caption":"\u012evairiaspalvi\u0173 g\u0117li\u0173 d\u0117\u017eut\u0117"},{"@type":"BreadcrumbList","@id":"https:\/\/www.ramunes.lt\/en\/product\/a-box-of-multicolored-flowers\/#breadcrumb","itemListElement":[{"@type":"ListItem","position":1,"name":"Home","item":"https:\/\/www.ramunes.lt\/en\/"},{"@type":"ListItem","position":2,"name":"Flowers delivery in Vilnius","item":"https:\/\/www.ramunes.lt\/en\/"},{"@type":"ListItem","position":3,"name":"A box of multicolored flowers"}]},{"@type":"WebSite","@id":"https:\/\/www.ramunes.lt\/en\/#website","url":"https:\/\/www.ramunes.lt\/en\/","name":"Ramunes.lt- G\u0117li\u0173 pristatymas Vilniuje","description":"","potentialAction":[{"@type":"SearchAction","target":{"@type":"EntryPoint","urlTemplate":"https:\/\/www.ramunes.lt\/en\/?s={search_term_string}"},"query-input":{"@type":"PropertyValueSpecification","valueRequired":true,"valueName":"search_term_string"}}],"inLanguage":"en-US"}]}},"new_scheduled_revision":null,"save_as_revision":null,"_links":{"self":[{"href":"https:\/\/www.ramunes.lt\/en\/wp-json\/wp\/v2\/product\/9675","targetHints":{"allow":["GET"]}}],"collection":[{"href":"https:\/\/www.ramunes.lt\/en\/wp-json\/wp\/v2\/product"}],"about":[{"href":"https:\/\/www.ramunes.lt\/en\/wp-json\/wp\/v2\/types\/product"}],"wp:featuredmedia":[{"embeddable":true,"href":"https:\/\/www.ramunes.lt\/en\/wp-json\/wp\/v2\/media\/8777"}],"wp:attachment":[{"href":"https:\/\/www.ramunes.lt\/en\/wp-json\/wp\/v2\/media?parent=9675"}],"wp:term":[{"taxonomy":"product_brand","embeddable":true,"href":"https:\/\/www.ramunes.lt\/en\/wp-json\/wp\/v2\/product_brand?post=9675"},{"taxonomy":"product_cat","embeddable":true,"href":"https:\/\/www.ramunes.lt\/en\/wp-json\/wp\/v2\/product_cat?post=9675"},{"taxonomy":"product_tag","embeddable":true,"href":"https:\/\/www.ramunes.lt\/en\/wp-json\/wp\/v2\/product_tag?post=9675"}],"curies":[{"name":"wp","href":"https:\/\/api.w.org\/{rel}","templated":true}]}}