{"id":8576,"date":"2023-07-27T08:41:18","date_gmt":"2023-07-27T05:41:18","guid":{"rendered":"https:\/\/ramunes.lt\/?post_type=product&#038;p=8576"},"modified":"2023-07-27T08:42:40","modified_gmt":"2023-07-27T05:42:40","slug":"helium-balloon-golden-star","status":"publish","type":"product","link":"https:\/\/www.ramunes.lt\/en\/product\/helium-balloon-golden-star\/","title":{"rendered":"Helium balloon \u201eGolden star\u201c"},"content":{"rendered":"","protected":false},"excerpt":{"rendered":"","protected":false},"featured_media":8573,"template":"","meta":[],"product_brand":[],"product_cat":[645,123],"product_tag":[],"class_list":{"0":"post-8576","1":"product","2":"type-product","3":"status-publish","4":"has-post-thumbnail","6":"product_cat-foil","7":"product_cat-helium-balloons","8":"tm-no-options","9":"mk-info-sticky","11":"first","12":"instock","13":"taxable","14":"shipping-taxable","15":"purchasable","16":"product-type-simple"},"yoast_head":"<!-- This site is optimized with the Yoast SEO plugin v24.7 - https:\/\/yoast.com\/wordpress\/plugins\/seo\/ -->\n<title>Helium balloon \u201eGolden star\u201c | Helium balloons | ramunes<\/title>\n<meta name=\"description\" content=\"A star-shaped balloon will be a unique decoration element at parties and celebrations, which will add charm.\" \/>\n<meta name=\"robots\" content=\"noindex, follow, max-snippet:-1, max-image-preview:large, max-video-preview:-1\" \/>\n<meta property=\"og:locale\" content=\"en_US\" \/>\n<meta property=\"og:type\" content=\"article\" \/>\n<meta property=\"og:title\" content=\"Helium balloon \u201eGolden star\u201c | Helium balloons | ramunes\" \/>\n<meta property=\"og:description\" content=\"A star-shaped balloon will be a unique decoration element at parties and celebrations, which will add charm.\" \/>\n<meta property=\"og:url\" content=\"https:\/\/www.ramunes.lt\/en\/product\/helium-balloon-golden-star\/\" \/>\n<meta property=\"og:site_name\" content=\"Ramunes.lt- G\u0117li\u0173 pristatymas Vilniuje\" \/>\n<meta property=\"article:modified_time\" content=\"2023-07-27T05:42:40+00:00\" \/>\n<meta property=\"og:image\" content=\"https:\/\/www.ramunes.lt\/wp-content\/uploads\/2023\/05\/foliniai-balionai-auksine-zvaigzdute.png\" \/>\n\t<meta property=\"og:image:width\" content=\"600\" \/>\n\t<meta property=\"og:image:height\" content=\"600\" \/>\n\t<meta property=\"og:image:type\" content=\"image\/png\" \/>\n<meta name=\"twitter:card\" content=\"summary_large_image\" \/>\n<script type=\"application\/ld+json\" class=\"yoast-schema-graph\">{\"@context\":\"https:\/\/schema.org\",\"@graph\":[{\"@type\":\"WebPage\",\"@id\":\"https:\/\/www.ramunes.lt\/en\/product\/helium-balloon-golden-star\/\",\"url\":\"https:\/\/www.ramunes.lt\/en\/product\/helium-balloon-golden-star\/\",\"name\":\"Helium balloon \u201eGolden star\u201c | Helium balloons | ramunes\",\"isPartOf\":{\"@id\":\"https:\/\/www.ramunes.lt\/en\/#website\"},\"primaryImageOfPage\":{\"@id\":\"https:\/\/www.ramunes.lt\/en\/product\/helium-balloon-golden-star\/#primaryimage\"},\"image\":{\"@id\":\"https:\/\/www.ramunes.lt\/en\/product\/helium-balloon-golden-star\/#primaryimage\"},\"thumbnailUrl\":\"https:\/\/www.ramunes.lt\/wp-content\/uploads\/2023\/05\/foliniai-balionai-auksine-zvaigzdute.png\",\"datePublished\":\"2023-07-27T05:41:18+00:00\",\"dateModified\":\"2023-07-27T05:42:40+00:00\",\"description\":\"A star-shaped balloon will be a unique decoration element at parties and celebrations, which will add charm.\",\"breadcrumb\":{\"@id\":\"https:\/\/www.ramunes.lt\/en\/product\/helium-balloon-golden-star\/#breadcrumb\"},\"inLanguage\":\"en-US\",\"potentialAction\":[{\"@type\":\"ReadAction\",\"target\":[\"https:\/\/www.ramunes.lt\/en\/product\/helium-balloon-golden-star\/\"]}]},{\"@type\":\"ImageObject\",\"inLanguage\":\"en-US\",\"@id\":\"https:\/\/www.ramunes.lt\/en\/product\/helium-balloon-golden-star\/#primaryimage\",\"url\":\"https:\/\/www.ramunes.lt\/wp-content\/uploads\/2023\/05\/foliniai-balionai-auksine-zvaigzdute.png\",\"contentUrl\":\"https:\/\/www.ramunes.lt\/wp-content\/uploads\/2023\/05\/foliniai-balionai-auksine-zvaigzdute.png\",\"width\":600,\"height\":600,\"caption\":\"Aukso spalvos helio balionas \u017dvaig\u017ed\u0117\"},{\"@type\":\"BreadcrumbList\",\"@id\":\"https:\/\/www.ramunes.lt\/en\/product\/helium-balloon-golden-star\/#breadcrumb\",\"itemListElement\":[{\"@type\":\"ListItem\",\"position\":1,\"name\":\"Home\",\"item\":\"https:\/\/www.ramunes.lt\/en\/\"},{\"@type\":\"ListItem\",\"position\":2,\"name\":\"Flowers delivery in Vilnius\",\"item\":\"https:\/\/www.ramunes.lt\/en\/\"},{\"@type\":\"ListItem\",\"position\":3,\"name\":\"Helium balloon \u201eGolden star\u201c\"}]},{\"@type\":\"WebSite\",\"@id\":\"https:\/\/www.ramunes.lt\/en\/#website\",\"url\":\"https:\/\/www.ramunes.lt\/en\/\",\"name\":\"Ramunes.lt- G\u0117li\u0173 pristatymas Vilniuje\",\"description\":\"\",\"potentialAction\":[{\"@type\":\"SearchAction\",\"target\":{\"@type\":\"EntryPoint\",\"urlTemplate\":\"https:\/\/www.ramunes.lt\/en\/?s={search_term_string}\"},\"query-input\":{\"@type\":\"PropertyValueSpecification\",\"valueRequired\":true,\"valueName\":\"search_term_string\"}}],\"inLanguage\":\"en-US\"}]}<\/script>\n<!-- \/ Yoast SEO plugin. -->","yoast_head_json":{"title":"Helium balloon \u201eGolden star\u201c | Helium balloons | ramunes","description":"A star-shaped balloon will be a unique decoration element at parties and celebrations, which will add charm.","robots":{"index":"noindex","follow":"follow","max-snippet":"max-snippet:-1","max-image-preview":"max-image-preview:large","max-video-preview":"max-video-preview:-1"},"og_locale":"en_US","og_type":"article","og_title":"Helium balloon \u201eGolden star\u201c | Helium balloons | ramunes","og_description":"A star-shaped balloon will be a unique decoration element at parties and celebrations, which will add charm.","og_url":"https:\/\/www.ramunes.lt\/en\/product\/helium-balloon-golden-star\/","og_site_name":"Ramunes.lt- G\u0117li\u0173 pristatymas Vilniuje","article_modified_time":"2023-07-27T05:42:40+00:00","og_image":[{"width":600,"height":600,"url":"https:\/\/www.ramunes.lt\/wp-content\/uploads\/2023\/05\/foliniai-balionai-auksine-zvaigzdute.png","type":"image\/png"}],"twitter_card":"summary_large_image","schema":{"@context":"https:\/\/schema.org","@graph":[{"@type":"WebPage","@id":"https:\/\/www.ramunes.lt\/en\/product\/helium-balloon-golden-star\/","url":"https:\/\/www.ramunes.lt\/en\/product\/helium-balloon-golden-star\/","name":"Helium balloon \u201eGolden star\u201c | Helium balloons | ramunes","isPartOf":{"@id":"https:\/\/www.ramunes.lt\/en\/#website"},"primaryImageOfPage":{"@id":"https:\/\/www.ramunes.lt\/en\/product\/helium-balloon-golden-star\/#primaryimage"},"image":{"@id":"https:\/\/www.ramunes.lt\/en\/product\/helium-balloon-golden-star\/#primaryimage"},"thumbnailUrl":"https:\/\/www.ramunes.lt\/wp-content\/uploads\/2023\/05\/foliniai-balionai-auksine-zvaigzdute.png","datePublished":"2023-07-27T05:41:18+00:00","dateModified":"2023-07-27T05:42:40+00:00","description":"A star-shaped balloon will be a unique decoration element at parties and celebrations, which will add charm.","breadcrumb":{"@id":"https:\/\/www.ramunes.lt\/en\/product\/helium-balloon-golden-star\/#breadcrumb"},"inLanguage":"en-US","potentialAction":[{"@type":"ReadAction","target":["https:\/\/www.ramunes.lt\/en\/product\/helium-balloon-golden-star\/"]}]},{"@type":"ImageObject","inLanguage":"en-US","@id":"https:\/\/www.ramunes.lt\/en\/product\/helium-balloon-golden-star\/#primaryimage","url":"https:\/\/www.ramunes.lt\/wp-content\/uploads\/2023\/05\/foliniai-balionai-auksine-zvaigzdute.png","contentUrl":"https:\/\/www.ramunes.lt\/wp-content\/uploads\/2023\/05\/foliniai-balionai-auksine-zvaigzdute.png","width":600,"height":600,"caption":"Aukso spalvos helio balionas \u017dvaig\u017ed\u0117"},{"@type":"BreadcrumbList","@id":"https:\/\/www.ramunes.lt\/en\/product\/helium-balloon-golden-star\/#breadcrumb","itemListElement":[{"@type":"ListItem","position":1,"name":"Home","item":"https:\/\/www.ramunes.lt\/en\/"},{"@type":"ListItem","position":2,"name":"Flowers delivery in Vilnius","item":"https:\/\/www.ramunes.lt\/en\/"},{"@type":"ListItem","position":3,"name":"Helium balloon \u201eGolden star\u201c"}]},{"@type":"WebSite","@id":"https:\/\/www.ramunes.lt\/en\/#website","url":"https:\/\/www.ramunes.lt\/en\/","name":"Ramunes.lt- G\u0117li\u0173 pristatymas Vilniuje","description":"","potentialAction":[{"@type":"SearchAction","target":{"@type":"EntryPoint","urlTemplate":"https:\/\/www.ramunes.lt\/en\/?s={search_term_string}"},"query-input":{"@type":"PropertyValueSpecification","valueRequired":true,"valueName":"search_term_string"}}],"inLanguage":"en-US"}]}},"new_scheduled_revision":null,"save_as_revision":null,"_links":{"self":[{"href":"https:\/\/www.ramunes.lt\/en\/wp-json\/wp\/v2\/product\/8576","targetHints":{"allow":["GET"]}}],"collection":[{"href":"https:\/\/www.ramunes.lt\/en\/wp-json\/wp\/v2\/product"}],"about":[{"href":"https:\/\/www.ramunes.lt\/en\/wp-json\/wp\/v2\/types\/product"}],"wp:featuredmedia":[{"embeddable":true,"href":"https:\/\/www.ramunes.lt\/en\/wp-json\/wp\/v2\/media\/8573"}],"wp:attachment":[{"href":"https:\/\/www.ramunes.lt\/en\/wp-json\/wp\/v2\/media?parent=8576"}],"wp:term":[{"taxonomy":"product_brand","embeddable":true,"href":"https:\/\/www.ramunes.lt\/en\/wp-json\/wp\/v2\/product_brand?post=8576"},{"taxonomy":"product_cat","embeddable":true,"href":"https:\/\/www.ramunes.lt\/en\/wp-json\/wp\/v2\/product_cat?post=8576"},{"taxonomy":"product_tag","embeddable":true,"href":"https:\/\/www.ramunes.lt\/en\/wp-json\/wp\/v2\/product_tag?post=8576"}],"curies":[{"name":"wp","href":"https:\/\/api.w.org\/{rel}","templated":true}]}}