{"id":7873,"date":"2023-03-28T10:35:26","date_gmt":"2023-03-28T07:35:26","guid":{"rendered":"https:\/\/ramunes.lt\/produktas\/a-bouquet-of-purple-tulips-and-waxflowers\/"},"modified":"2023-03-28T10:35:26","modified_gmt":"2023-03-28T07:35:26","slug":"a-bouquet-of-purple-tulips-and-waxflowers","status":"publish","type":"product","link":"https:\/\/www.ramunes.lt\/en\/product\/a-bouquet-of-purple-tulips-and-waxflowers\/","title":{"rendered":"A bouquet of purple tulips and waxflowers"},"content":{"rendered":"<p id=\"tw-target-text\" class=\"tw-data-text tw-text-large tw-ta\" dir=\"ltr\" data-placeholder=\"Vertimas\"><span class=\"Y2IQFc\" lang=\"en\">Deep purple tulips and fragrant wax flowers make a very moody and spring-like bouquet. This exclusive composition will brighten the mood of both women and men. Gift it for your loved ones for all kinds of special occasions.\u00a0<\/span><\/p>\n","protected":false},"excerpt":{"rendered":"<p>Deep purple tulips and fragrant wax flowers make a very moody and spring-like bouquet. This exclusive composition will brighten the mood of both women and men. Gift it for your loved ones for all kinds of special occasions.\u00a0<\/p>\n","protected":false},"featured_media":7740,"template":"","meta":[],"product_brand":[],"product_cat":[113,109,114],"product_tag":[],"class_list":{"0":"post-7873","1":"product","2":"type-product","3":"status-publish","4":"has-post-thumbnail","6":"product_cat-bouquets","7":"product_cat-flowers","8":"product_cat-tulips","9":"tm-has-styled-variations","10":"tm-has-options","11":"mk-info-sticky","13":"first","14":"outofstock","15":"taxable","16":"shipping-taxable","17":"purchasable","18":"product-type-variable"},"yoast_head":"<!-- This site is optimized with the Yoast SEO plugin v24.7 - https:\/\/yoast.com\/wordpress\/plugins\/seo\/ -->\n<title>A bouquet of purple tulips and waxflowers | ramunes.lt - g\u0117l\u0117s Vilniuje<\/title>\n<meta name=\"description\" content=\"Do you want to surprise your loved ones with an exclusive bouquet? Deep purple tulips and fragrant wax flowers will delight everyone!\" \/>\n<meta name=\"robots\" content=\"noindex, follow, max-snippet:-1, max-image-preview:large, max-video-preview:-1\" \/>\n<meta property=\"og:locale\" content=\"en_US\" \/>\n<meta property=\"og:type\" content=\"article\" \/>\n<meta property=\"og:title\" content=\"A bouquet of purple tulips and waxflowers | ramunes.lt - g\u0117l\u0117s Vilniuje\" \/>\n<meta property=\"og:description\" content=\"Do you want to surprise your loved ones with an exclusive bouquet? Deep purple tulips and fragrant wax flowers will delight everyone!\" \/>\n<meta property=\"og:url\" content=\"https:\/\/www.ramunes.lt\/en\/product\/a-bouquet-of-purple-tulips-and-waxflowers\/\" \/>\n<meta property=\"og:site_name\" content=\"Ramunes.lt- G\u0117li\u0173 pristatymas Vilniuje\" \/>\n<meta property=\"og:image\" content=\"https:\/\/www.ramunes.lt\/wp-content\/uploads\/2023\/03\/violetines-tulpes-su-vaskagelem-e1679988899511.jpg\" \/>\n\t<meta property=\"og:image:width\" content=\"600\" \/>\n\t<meta property=\"og:image:height\" content=\"600\" \/>\n\t<meta property=\"og:image:type\" content=\"image\/jpeg\" \/>\n<meta name=\"twitter:card\" content=\"summary_large_image\" \/>\n<script type=\"application\/ld+json\" class=\"yoast-schema-graph\">{\"@context\":\"https:\/\/schema.org\",\"@graph\":[{\"@type\":\"WebPage\",\"@id\":\"https:\/\/www.ramunes.lt\/en\/product\/a-bouquet-of-purple-tulips-and-waxflowers\/\",\"url\":\"https:\/\/www.ramunes.lt\/en\/product\/a-bouquet-of-purple-tulips-and-waxflowers\/\",\"name\":\"A bouquet of purple tulips and waxflowers | ramunes.lt - g\u0117l\u0117s Vilniuje\",\"isPartOf\":{\"@id\":\"https:\/\/www.ramunes.lt\/en\/#website\"},\"primaryImageOfPage\":{\"@id\":\"https:\/\/www.ramunes.lt\/en\/product\/a-bouquet-of-purple-tulips-and-waxflowers\/#primaryimage\"},\"image\":{\"@id\":\"https:\/\/www.ramunes.lt\/en\/product\/a-bouquet-of-purple-tulips-and-waxflowers\/#primaryimage\"},\"thumbnailUrl\":\"https:\/\/www.ramunes.lt\/wp-content\/uploads\/2023\/03\/violetines-tulpes-su-vaskagelem-e1679988899511.jpg\",\"datePublished\":\"2023-03-28T07:35:26+00:00\",\"description\":\"Do you want to surprise your loved ones with an exclusive bouquet? Deep purple tulips and fragrant wax flowers will delight everyone!\",\"breadcrumb\":{\"@id\":\"https:\/\/www.ramunes.lt\/en\/product\/a-bouquet-of-purple-tulips-and-waxflowers\/#breadcrumb\"},\"inLanguage\":\"en-US\",\"potentialAction\":[{\"@type\":\"ReadAction\",\"target\":[\"https:\/\/www.ramunes.lt\/en\/product\/a-bouquet-of-purple-tulips-and-waxflowers\/\"]}]},{\"@type\":\"ImageObject\",\"inLanguage\":\"en-US\",\"@id\":\"https:\/\/www.ramunes.lt\/en\/product\/a-bouquet-of-purple-tulips-and-waxflowers\/#primaryimage\",\"url\":\"https:\/\/www.ramunes.lt\/wp-content\/uploads\/2023\/03\/violetines-tulpes-su-vaskagelem-e1679988899511.jpg\",\"contentUrl\":\"https:\/\/www.ramunes.lt\/wp-content\/uploads\/2023\/03\/violetines-tulpes-su-vaskagelem-e1679988899511.jpg\",\"width\":600,\"height\":600,\"caption\":\"Violetini\u0173 tulpi\u0173 ir va\u0161kag\u0117li\u0173 puok\u0161t\u0117\"},{\"@type\":\"BreadcrumbList\",\"@id\":\"https:\/\/www.ramunes.lt\/en\/product\/a-bouquet-of-purple-tulips-and-waxflowers\/#breadcrumb\",\"itemListElement\":[{\"@type\":\"ListItem\",\"position\":1,\"name\":\"Home\",\"item\":\"https:\/\/www.ramunes.lt\/en\/\"},{\"@type\":\"ListItem\",\"position\":2,\"name\":\"Flowers delivery in Vilnius\",\"item\":\"https:\/\/www.ramunes.lt\/en\/\"},{\"@type\":\"ListItem\",\"position\":3,\"name\":\"A bouquet of purple tulips and waxflowers\"}]},{\"@type\":\"WebSite\",\"@id\":\"https:\/\/www.ramunes.lt\/en\/#website\",\"url\":\"https:\/\/www.ramunes.lt\/en\/\",\"name\":\"Ramunes.lt- G\u0117li\u0173 pristatymas Vilniuje\",\"description\":\"\",\"potentialAction\":[{\"@type\":\"SearchAction\",\"target\":{\"@type\":\"EntryPoint\",\"urlTemplate\":\"https:\/\/www.ramunes.lt\/en\/?s={search_term_string}\"},\"query-input\":{\"@type\":\"PropertyValueSpecification\",\"valueRequired\":true,\"valueName\":\"search_term_string\"}}],\"inLanguage\":\"en-US\"}]}<\/script>\n<!-- \/ Yoast SEO plugin. -->","yoast_head_json":{"title":"A bouquet of purple tulips and waxflowers | ramunes.lt - g\u0117l\u0117s Vilniuje","description":"Do you want to surprise your loved ones with an exclusive bouquet? Deep purple tulips and fragrant wax flowers will delight everyone!","robots":{"index":"noindex","follow":"follow","max-snippet":"max-snippet:-1","max-image-preview":"max-image-preview:large","max-video-preview":"max-video-preview:-1"},"og_locale":"en_US","og_type":"article","og_title":"A bouquet of purple tulips and waxflowers | ramunes.lt - g\u0117l\u0117s Vilniuje","og_description":"Do you want to surprise your loved ones with an exclusive bouquet? Deep purple tulips and fragrant wax flowers will delight everyone!","og_url":"https:\/\/www.ramunes.lt\/en\/product\/a-bouquet-of-purple-tulips-and-waxflowers\/","og_site_name":"Ramunes.lt- G\u0117li\u0173 pristatymas Vilniuje","og_image":[{"width":600,"height":600,"url":"https:\/\/www.ramunes.lt\/wp-content\/uploads\/2023\/03\/violetines-tulpes-su-vaskagelem-e1679988899511.jpg","type":"image\/jpeg"}],"twitter_card":"summary_large_image","schema":{"@context":"https:\/\/schema.org","@graph":[{"@type":"WebPage","@id":"https:\/\/www.ramunes.lt\/en\/product\/a-bouquet-of-purple-tulips-and-waxflowers\/","url":"https:\/\/www.ramunes.lt\/en\/product\/a-bouquet-of-purple-tulips-and-waxflowers\/","name":"A bouquet of purple tulips and waxflowers | ramunes.lt - g\u0117l\u0117s Vilniuje","isPartOf":{"@id":"https:\/\/www.ramunes.lt\/en\/#website"},"primaryImageOfPage":{"@id":"https:\/\/www.ramunes.lt\/en\/product\/a-bouquet-of-purple-tulips-and-waxflowers\/#primaryimage"},"image":{"@id":"https:\/\/www.ramunes.lt\/en\/product\/a-bouquet-of-purple-tulips-and-waxflowers\/#primaryimage"},"thumbnailUrl":"https:\/\/www.ramunes.lt\/wp-content\/uploads\/2023\/03\/violetines-tulpes-su-vaskagelem-e1679988899511.jpg","datePublished":"2023-03-28T07:35:26+00:00","description":"Do you want to surprise your loved ones with an exclusive bouquet? Deep purple tulips and fragrant wax flowers will delight everyone!","breadcrumb":{"@id":"https:\/\/www.ramunes.lt\/en\/product\/a-bouquet-of-purple-tulips-and-waxflowers\/#breadcrumb"},"inLanguage":"en-US","potentialAction":[{"@type":"ReadAction","target":["https:\/\/www.ramunes.lt\/en\/product\/a-bouquet-of-purple-tulips-and-waxflowers\/"]}]},{"@type":"ImageObject","inLanguage":"en-US","@id":"https:\/\/www.ramunes.lt\/en\/product\/a-bouquet-of-purple-tulips-and-waxflowers\/#primaryimage","url":"https:\/\/www.ramunes.lt\/wp-content\/uploads\/2023\/03\/violetines-tulpes-su-vaskagelem-e1679988899511.jpg","contentUrl":"https:\/\/www.ramunes.lt\/wp-content\/uploads\/2023\/03\/violetines-tulpes-su-vaskagelem-e1679988899511.jpg","width":600,"height":600,"caption":"Violetini\u0173 tulpi\u0173 ir va\u0161kag\u0117li\u0173 puok\u0161t\u0117"},{"@type":"BreadcrumbList","@id":"https:\/\/www.ramunes.lt\/en\/product\/a-bouquet-of-purple-tulips-and-waxflowers\/#breadcrumb","itemListElement":[{"@type":"ListItem","position":1,"name":"Home","item":"https:\/\/www.ramunes.lt\/en\/"},{"@type":"ListItem","position":2,"name":"Flowers delivery in Vilnius","item":"https:\/\/www.ramunes.lt\/en\/"},{"@type":"ListItem","position":3,"name":"A bouquet of purple tulips and waxflowers"}]},{"@type":"WebSite","@id":"https:\/\/www.ramunes.lt\/en\/#website","url":"https:\/\/www.ramunes.lt\/en\/","name":"Ramunes.lt- G\u0117li\u0173 pristatymas Vilniuje","description":"","potentialAction":[{"@type":"SearchAction","target":{"@type":"EntryPoint","urlTemplate":"https:\/\/www.ramunes.lt\/en\/?s={search_term_string}"},"query-input":{"@type":"PropertyValueSpecification","valueRequired":true,"valueName":"search_term_string"}}],"inLanguage":"en-US"}]}},"new_scheduled_revision":null,"save_as_revision":null,"_links":{"self":[{"href":"https:\/\/www.ramunes.lt\/en\/wp-json\/wp\/v2\/product\/7873","targetHints":{"allow":["GET"]}}],"collection":[{"href":"https:\/\/www.ramunes.lt\/en\/wp-json\/wp\/v2\/product"}],"about":[{"href":"https:\/\/www.ramunes.lt\/en\/wp-json\/wp\/v2\/types\/product"}],"wp:featuredmedia":[{"embeddable":true,"href":"https:\/\/www.ramunes.lt\/en\/wp-json\/wp\/v2\/media\/7740"}],"wp:attachment":[{"href":"https:\/\/www.ramunes.lt\/en\/wp-json\/wp\/v2\/media?parent=7873"}],"wp:term":[{"taxonomy":"product_brand","embeddable":true,"href":"https:\/\/www.ramunes.lt\/en\/wp-json\/wp\/v2\/product_brand?post=7873"},{"taxonomy":"product_cat","embeddable":true,"href":"https:\/\/www.ramunes.lt\/en\/wp-json\/wp\/v2\/product_cat?post=7873"},{"taxonomy":"product_tag","embeddable":true,"href":"https:\/\/www.ramunes.lt\/en\/wp-json\/wp\/v2\/product_tag?post=7873"}],"curies":[{"name":"wp","href":"https:\/\/api.w.org\/{rel}","templated":true}]}}