{"id":7845,"date":"2023-03-28T14:45:56","date_gmt":"2023-03-28T11:45:56","guid":{"rendered":"https:\/\/ramunes.lt\/produktas\/a-bouquet-of-red-roses-pink-eustomas-and-waxflowers\/"},"modified":"2025-03-03T12:01:17","modified_gmt":"2025-03-03T09:01:17","slug":"a-bouquet-of-red-roses-pink-eustomas-and-waxflowers","status":"publish","type":"product","link":"https:\/\/www.ramunes.lt\/en\/product\/a-bouquet-of-red-roses-pink-eustomas-and-waxflowers\/","title":{"rendered":"A bouquet of red roses, pink eustomas and waxflowers"},"content":{"rendered":"<p id=\"tw-target-text\" class=\"tw-data-text tw-text-large tw-ta\" dir=\"ltr\" data-placeholder=\"Vertimas\"><span class=\"Y2IQFc\" lang=\"en\">Red roses, pink eustomas, waxflowers and greenery make a perfect representation of a bohemian style. A light and romantic bouquet is a great way to surprise a beloved wife, girlfriend, mother, grandmother or sister.<\/span><\/p>\n","protected":false},"excerpt":{"rendered":"<p>Red roses, pink eustomas, waxflowers and greenery make a perfect representation of a bohemian style. A light and romantic bouquet is a great way to surprise a beloved wife, girlfriend, mother, grandmother or sister.<\/p>\n","protected":false},"featured_media":7771,"template":"","meta":[],"product_brand":[],"product_cat":[113,109],"product_tag":[],"class_list":{"0":"post-7845","1":"product","2":"type-product","3":"status-publish","4":"has-post-thumbnail","6":"product_cat-bouquets","7":"product_cat-flowers","8":"tm-has-styled-variations","9":"tm-has-options","10":"mk-info-sticky","12":"first","13":"instock","14":"taxable","15":"shipping-taxable","16":"purchasable","17":"product-type-variable"},"yoast_head":"<!-- This site is optimized with the Yoast SEO plugin v24.7 - https:\/\/yoast.com\/wordpress\/plugins\/seo\/ -->\n<title>A bouquet of red roses, pink eustomas and waxflowers | ramunes.lt<\/title>\n<meta name=\"description\" content=\"This light and romantic bouquet is a perfect gift for birthdays, mother&#039;s day, or any other important occasion.\" \/>\n<meta name=\"robots\" content=\"noindex, follow, max-snippet:-1, max-image-preview:large, max-video-preview:-1\" \/>\n<meta property=\"og:locale\" content=\"en_US\" \/>\n<meta property=\"og:type\" content=\"article\" \/>\n<meta property=\"og:title\" content=\"A bouquet of red roses, pink eustomas and waxflowers | ramunes.lt\" \/>\n<meta property=\"og:description\" content=\"This light and romantic bouquet is a perfect gift for birthdays, mother&#039;s day, or any other important occasion.\" \/>\n<meta property=\"og:url\" content=\"https:\/\/www.ramunes.lt\/en\/product\/a-bouquet-of-red-roses-pink-eustomas-and-waxflowers\/\" \/>\n<meta property=\"og:site_name\" content=\"Ramunes.lt- G\u0117li\u0173 pristatymas Vilniuje\" \/>\n<meta property=\"article:modified_time\" content=\"2025-03-03T09:01:17+00:00\" \/>\n<meta property=\"og:image\" content=\"https:\/\/www.ramunes.lt\/wp-content\/uploads\/2023\/03\/bohemiska-puokste-e1680003914966.jpg\" \/>\n\t<meta property=\"og:image:width\" content=\"600\" \/>\n\t<meta property=\"og:image:height\" content=\"600\" \/>\n\t<meta property=\"og:image:type\" content=\"image\/jpeg\" \/>\n<meta name=\"twitter:card\" content=\"summary_large_image\" \/>\n<script type=\"application\/ld+json\" class=\"yoast-schema-graph\">{\"@context\":\"https:\/\/schema.org\",\"@graph\":[{\"@type\":\"WebPage\",\"@id\":\"https:\/\/www.ramunes.lt\/en\/product\/a-bouquet-of-red-roses-pink-eustomas-and-waxflowers\/\",\"url\":\"https:\/\/www.ramunes.lt\/en\/product\/a-bouquet-of-red-roses-pink-eustomas-and-waxflowers\/\",\"name\":\"A bouquet of red roses, pink eustomas and waxflowers | ramunes.lt\",\"isPartOf\":{\"@id\":\"https:\/\/www.ramunes.lt\/en\/#website\"},\"primaryImageOfPage\":{\"@id\":\"https:\/\/www.ramunes.lt\/en\/product\/a-bouquet-of-red-roses-pink-eustomas-and-waxflowers\/#primaryimage\"},\"image\":{\"@id\":\"https:\/\/www.ramunes.lt\/en\/product\/a-bouquet-of-red-roses-pink-eustomas-and-waxflowers\/#primaryimage\"},\"thumbnailUrl\":\"https:\/\/www.ramunes.lt\/wp-content\/uploads\/2023\/03\/bohemiska-puokste-e1680003914966.jpg\",\"datePublished\":\"2023-03-28T11:45:56+00:00\",\"dateModified\":\"2025-03-03T09:01:17+00:00\",\"description\":\"This light and romantic bouquet is a perfect gift for birthdays, mother's day, or any other important occasion.\",\"breadcrumb\":{\"@id\":\"https:\/\/www.ramunes.lt\/en\/product\/a-bouquet-of-red-roses-pink-eustomas-and-waxflowers\/#breadcrumb\"},\"inLanguage\":\"en-US\",\"potentialAction\":[{\"@type\":\"ReadAction\",\"target\":[\"https:\/\/www.ramunes.lt\/en\/product\/a-bouquet-of-red-roses-pink-eustomas-and-waxflowers\/\"]}]},{\"@type\":\"ImageObject\",\"inLanguage\":\"en-US\",\"@id\":\"https:\/\/www.ramunes.lt\/en\/product\/a-bouquet-of-red-roses-pink-eustomas-and-waxflowers\/#primaryimage\",\"url\":\"https:\/\/www.ramunes.lt\/wp-content\/uploads\/2023\/03\/bohemiska-puokste-e1680003914966.jpg\",\"contentUrl\":\"https:\/\/www.ramunes.lt\/wp-content\/uploads\/2023\/03\/bohemiska-puokste-e1680003914966.jpg\",\"width\":600,\"height\":600,\"caption\":\"Raudon\u0173 ro\u017ei\u0173, ro\u017eini\u0173 eustom\u0173 ir va\u0161kag\u0117li\u0173 puok\u0161t\u0117\"},{\"@type\":\"BreadcrumbList\",\"@id\":\"https:\/\/www.ramunes.lt\/en\/product\/a-bouquet-of-red-roses-pink-eustomas-and-waxflowers\/#breadcrumb\",\"itemListElement\":[{\"@type\":\"ListItem\",\"position\":1,\"name\":\"Home\",\"item\":\"https:\/\/www.ramunes.lt\/en\/\"},{\"@type\":\"ListItem\",\"position\":2,\"name\":\"Flowers delivery in Vilnius\",\"item\":\"https:\/\/www.ramunes.lt\/en\/\"},{\"@type\":\"ListItem\",\"position\":3,\"name\":\"A bouquet of red roses, pink eustomas and waxflowers\"}]},{\"@type\":\"WebSite\",\"@id\":\"https:\/\/www.ramunes.lt\/en\/#website\",\"url\":\"https:\/\/www.ramunes.lt\/en\/\",\"name\":\"Ramunes.lt- G\u0117li\u0173 pristatymas Vilniuje\",\"description\":\"\",\"potentialAction\":[{\"@type\":\"SearchAction\",\"target\":{\"@type\":\"EntryPoint\",\"urlTemplate\":\"https:\/\/www.ramunes.lt\/en\/?s={search_term_string}\"},\"query-input\":{\"@type\":\"PropertyValueSpecification\",\"valueRequired\":true,\"valueName\":\"search_term_string\"}}],\"inLanguage\":\"en-US\"}]}<\/script>\n<!-- \/ Yoast SEO plugin. -->","yoast_head_json":{"title":"A bouquet of red roses, pink eustomas and waxflowers | ramunes.lt","description":"This light and romantic bouquet is a perfect gift for birthdays, mother's day, or any other important occasion.","robots":{"index":"noindex","follow":"follow","max-snippet":"max-snippet:-1","max-image-preview":"max-image-preview:large","max-video-preview":"max-video-preview:-1"},"og_locale":"en_US","og_type":"article","og_title":"A bouquet of red roses, pink eustomas and waxflowers | ramunes.lt","og_description":"This light and romantic bouquet is a perfect gift for birthdays, mother's day, or any other important occasion.","og_url":"https:\/\/www.ramunes.lt\/en\/product\/a-bouquet-of-red-roses-pink-eustomas-and-waxflowers\/","og_site_name":"Ramunes.lt- G\u0117li\u0173 pristatymas Vilniuje","article_modified_time":"2025-03-03T09:01:17+00:00","og_image":[{"width":600,"height":600,"url":"https:\/\/www.ramunes.lt\/wp-content\/uploads\/2023\/03\/bohemiska-puokste-e1680003914966.jpg","type":"image\/jpeg"}],"twitter_card":"summary_large_image","schema":{"@context":"https:\/\/schema.org","@graph":[{"@type":"WebPage","@id":"https:\/\/www.ramunes.lt\/en\/product\/a-bouquet-of-red-roses-pink-eustomas-and-waxflowers\/","url":"https:\/\/www.ramunes.lt\/en\/product\/a-bouquet-of-red-roses-pink-eustomas-and-waxflowers\/","name":"A bouquet of red roses, pink eustomas and waxflowers | ramunes.lt","isPartOf":{"@id":"https:\/\/www.ramunes.lt\/en\/#website"},"primaryImageOfPage":{"@id":"https:\/\/www.ramunes.lt\/en\/product\/a-bouquet-of-red-roses-pink-eustomas-and-waxflowers\/#primaryimage"},"image":{"@id":"https:\/\/www.ramunes.lt\/en\/product\/a-bouquet-of-red-roses-pink-eustomas-and-waxflowers\/#primaryimage"},"thumbnailUrl":"https:\/\/www.ramunes.lt\/wp-content\/uploads\/2023\/03\/bohemiska-puokste-e1680003914966.jpg","datePublished":"2023-03-28T11:45:56+00:00","dateModified":"2025-03-03T09:01:17+00:00","description":"This light and romantic bouquet is a perfect gift for birthdays, mother's day, or any other important occasion.","breadcrumb":{"@id":"https:\/\/www.ramunes.lt\/en\/product\/a-bouquet-of-red-roses-pink-eustomas-and-waxflowers\/#breadcrumb"},"inLanguage":"en-US","potentialAction":[{"@type":"ReadAction","target":["https:\/\/www.ramunes.lt\/en\/product\/a-bouquet-of-red-roses-pink-eustomas-and-waxflowers\/"]}]},{"@type":"ImageObject","inLanguage":"en-US","@id":"https:\/\/www.ramunes.lt\/en\/product\/a-bouquet-of-red-roses-pink-eustomas-and-waxflowers\/#primaryimage","url":"https:\/\/www.ramunes.lt\/wp-content\/uploads\/2023\/03\/bohemiska-puokste-e1680003914966.jpg","contentUrl":"https:\/\/www.ramunes.lt\/wp-content\/uploads\/2023\/03\/bohemiska-puokste-e1680003914966.jpg","width":600,"height":600,"caption":"Raudon\u0173 ro\u017ei\u0173, ro\u017eini\u0173 eustom\u0173 ir va\u0161kag\u0117li\u0173 puok\u0161t\u0117"},{"@type":"BreadcrumbList","@id":"https:\/\/www.ramunes.lt\/en\/product\/a-bouquet-of-red-roses-pink-eustomas-and-waxflowers\/#breadcrumb","itemListElement":[{"@type":"ListItem","position":1,"name":"Home","item":"https:\/\/www.ramunes.lt\/en\/"},{"@type":"ListItem","position":2,"name":"Flowers delivery in Vilnius","item":"https:\/\/www.ramunes.lt\/en\/"},{"@type":"ListItem","position":3,"name":"A bouquet of red roses, pink eustomas and waxflowers"}]},{"@type":"WebSite","@id":"https:\/\/www.ramunes.lt\/en\/#website","url":"https:\/\/www.ramunes.lt\/en\/","name":"Ramunes.lt- G\u0117li\u0173 pristatymas Vilniuje","description":"","potentialAction":[{"@type":"SearchAction","target":{"@type":"EntryPoint","urlTemplate":"https:\/\/www.ramunes.lt\/en\/?s={search_term_string}"},"query-input":{"@type":"PropertyValueSpecification","valueRequired":true,"valueName":"search_term_string"}}],"inLanguage":"en-US"}]}},"new_scheduled_revision":null,"save_as_revision":null,"_links":{"self":[{"href":"https:\/\/www.ramunes.lt\/en\/wp-json\/wp\/v2\/product\/7845","targetHints":{"allow":["GET"]}}],"collection":[{"href":"https:\/\/www.ramunes.lt\/en\/wp-json\/wp\/v2\/product"}],"about":[{"href":"https:\/\/www.ramunes.lt\/en\/wp-json\/wp\/v2\/types\/product"}],"wp:featuredmedia":[{"embeddable":true,"href":"https:\/\/www.ramunes.lt\/en\/wp-json\/wp\/v2\/media\/7771"}],"wp:attachment":[{"href":"https:\/\/www.ramunes.lt\/en\/wp-json\/wp\/v2\/media?parent=7845"}],"wp:term":[{"taxonomy":"product_brand","embeddable":true,"href":"https:\/\/www.ramunes.lt\/en\/wp-json\/wp\/v2\/product_brand?post=7845"},{"taxonomy":"product_cat","embeddable":true,"href":"https:\/\/www.ramunes.lt\/en\/wp-json\/wp\/v2\/product_cat?post=7845"},{"taxonomy":"product_tag","embeddable":true,"href":"https:\/\/www.ramunes.lt\/en\/wp-json\/wp\/v2\/product_tag?post=7845"}],"curies":[{"name":"wp","href":"https:\/\/api.w.org\/{rel}","templated":true}]}}