{"id":7406,"date":"2023-06-05T17:22:56","date_gmt":"2023-06-05T14:22:56","guid":{"rendered":"https:\/\/ramunes.lt\/?post_type=product&#038;p=7406"},"modified":"2025-02-18T16:46:40","modified_gmt":"2025-02-18T13:46:40","slug":"bouquet-of-white-roses-and-eustomas","status":"publish","type":"product","link":"https:\/\/www.ramunes.lt\/en\/product\/bouquet-of-white-roses-and-eustomas\/","title":{"rendered":"Bouquet of white roses and eustomas"},"content":{"rendered":"<p>A bouquet of white roses and eustomas is a soft and sweet composition of pastel colors, which will be suitable as a gift for a girlfriend, mother, friend or sister, on the most diverse occasions. Give the most beautiful wishes to your beloved woman.<\/p>\n<p>You can choose the bouquet from several different sizes:<br \/>\nsmall bouquet: 5 roses and 4 eustomas;<br \/>\nmedium bouquet: 9 roses and 6 eustomas;<br \/>\nlarge bouquet: 14 roses and 9 eustomas.<\/p>\n","protected":false},"excerpt":{"rendered":"<p>A bouquet of white roses and eustomas is a soft and sweet composition of pastel colors, which will be suitable as a gift for a girlfriend, mother, friend or sister, on the most diverse occasions. Give the most beautiful wishes to your beloved woman. You can choose the bouquet from several different sizes: small bouquet: [&hellip;]<\/p>\n","protected":false},"featured_media":8782,"template":"","meta":[],"product_brand":[],"product_cat":[113,118,109,111],"product_tag":[],"class_list":{"0":"post-7406","1":"product","2":"type-product","3":"status-publish","4":"has-post-thumbnail","6":"product_cat-bouquets","7":"product_cat-eustomas","8":"product_cat-flowers","9":"product_cat-roses","10":"tm-has-styled-variations","11":"tm-has-options","12":"mk-info-sticky","14":"first","15":"instock","16":"taxable","17":"shipping-taxable","18":"purchasable","19":"product-type-variable"},"yoast_head":"<!-- This site is optimized with the Yoast SEO plugin v24.7 - https:\/\/yoast.com\/wordpress\/plugins\/seo\/ -->\n<title>Bouquet of white roses and eustomas | Flowers delivery in Vilnius | ramunes.lt<\/title>\n<meta name=\"description\" content=\"Give your loved one this bouquet of white roses and eustoma to express the warmest feelings.\" \/>\n<meta name=\"robots\" content=\"noindex, follow, max-snippet:-1, max-image-preview:large, max-video-preview:-1\" \/>\n<meta property=\"og:locale\" content=\"en_US\" \/>\n<meta property=\"og:type\" content=\"article\" \/>\n<meta property=\"og:title\" content=\"Bouquet of white roses and eustomas | Flowers delivery in Vilnius | ramunes.lt\" \/>\n<meta property=\"og:description\" content=\"Give your loved one this bouquet of white roses and eustoma to express the warmest feelings.\" \/>\n<meta property=\"og:url\" content=\"https:\/\/www.ramunes.lt\/en\/product\/bouquet-of-white-roses-and-eustomas\/\" \/>\n<meta property=\"og:site_name\" content=\"Ramunes.lt- G\u0117li\u0173 pristatymas Vilniuje\" \/>\n<meta property=\"article:modified_time\" content=\"2025-02-18T13:46:40+00:00\" \/>\n<meta property=\"og:image\" content=\"https:\/\/www.ramunes.lt\/wp-content\/uploads\/2022\/09\/baltu-roziu-ir-eustomu-puokste-e1685974968674.jpg\" \/>\n\t<meta property=\"og:image:width\" content=\"600\" \/>\n\t<meta property=\"og:image:height\" content=\"600\" \/>\n\t<meta property=\"og:image:type\" content=\"image\/jpeg\" \/>\n<meta name=\"twitter:card\" content=\"summary_large_image\" \/>\n<script type=\"application\/ld+json\" class=\"yoast-schema-graph\">{\"@context\":\"https:\/\/schema.org\",\"@graph\":[{\"@type\":\"WebPage\",\"@id\":\"https:\/\/www.ramunes.lt\/en\/product\/bouquet-of-white-roses-and-eustomas\/\",\"url\":\"https:\/\/www.ramunes.lt\/en\/product\/bouquet-of-white-roses-and-eustomas\/\",\"name\":\"Bouquet of white roses and eustomas | Flowers delivery in Vilnius | ramunes.lt\",\"isPartOf\":{\"@id\":\"https:\/\/www.ramunes.lt\/en\/#website\"},\"primaryImageOfPage\":{\"@id\":\"https:\/\/www.ramunes.lt\/en\/product\/bouquet-of-white-roses-and-eustomas\/#primaryimage\"},\"image\":{\"@id\":\"https:\/\/www.ramunes.lt\/en\/product\/bouquet-of-white-roses-and-eustomas\/#primaryimage\"},\"thumbnailUrl\":\"https:\/\/www.ramunes.lt\/wp-content\/uploads\/2022\/09\/baltu-roziu-ir-eustomu-puokste-e1685974968674.jpg\",\"datePublished\":\"2023-06-05T14:22:56+00:00\",\"dateModified\":\"2025-02-18T13:46:40+00:00\",\"description\":\"Give your loved one this bouquet of white roses and eustoma to express the warmest feelings.\",\"breadcrumb\":{\"@id\":\"https:\/\/www.ramunes.lt\/en\/product\/bouquet-of-white-roses-and-eustomas\/#breadcrumb\"},\"inLanguage\":\"en-US\",\"potentialAction\":[{\"@type\":\"ReadAction\",\"target\":[\"https:\/\/www.ramunes.lt\/en\/product\/bouquet-of-white-roses-and-eustomas\/\"]}]},{\"@type\":\"ImageObject\",\"inLanguage\":\"en-US\",\"@id\":\"https:\/\/www.ramunes.lt\/en\/product\/bouquet-of-white-roses-and-eustomas\/#primaryimage\",\"url\":\"https:\/\/www.ramunes.lt\/wp-content\/uploads\/2022\/09\/baltu-roziu-ir-eustomu-puokste-e1685974968674.jpg\",\"contentUrl\":\"https:\/\/www.ramunes.lt\/wp-content\/uploads\/2022\/09\/baltu-roziu-ir-eustomu-puokste-e1685974968674.jpg\",\"width\":600,\"height\":600,\"caption\":\"Balt\u0173 ro\u017ei\u0173 ir ro\u017eini\u0173 eustom\u0173 puok\u0161t\u0117\"},{\"@type\":\"BreadcrumbList\",\"@id\":\"https:\/\/www.ramunes.lt\/en\/product\/bouquet-of-white-roses-and-eustomas\/#breadcrumb\",\"itemListElement\":[{\"@type\":\"ListItem\",\"position\":1,\"name\":\"Home\",\"item\":\"https:\/\/www.ramunes.lt\/en\/\"},{\"@type\":\"ListItem\",\"position\":2,\"name\":\"Flowers delivery in Vilnius\",\"item\":\"https:\/\/www.ramunes.lt\/en\/\"},{\"@type\":\"ListItem\",\"position\":3,\"name\":\"Bouquet of white roses and eustomas\"}]},{\"@type\":\"WebSite\",\"@id\":\"https:\/\/www.ramunes.lt\/en\/#website\",\"url\":\"https:\/\/www.ramunes.lt\/en\/\",\"name\":\"Ramunes.lt- G\u0117li\u0173 pristatymas Vilniuje\",\"description\":\"\",\"potentialAction\":[{\"@type\":\"SearchAction\",\"target\":{\"@type\":\"EntryPoint\",\"urlTemplate\":\"https:\/\/www.ramunes.lt\/en\/?s={search_term_string}\"},\"query-input\":{\"@type\":\"PropertyValueSpecification\",\"valueRequired\":true,\"valueName\":\"search_term_string\"}}],\"inLanguage\":\"en-US\"}]}<\/script>\n<!-- \/ Yoast SEO plugin. -->","yoast_head_json":{"title":"Bouquet of white roses and eustomas | Flowers delivery in Vilnius | ramunes.lt","description":"Give your loved one this bouquet of white roses and eustoma to express the warmest feelings.","robots":{"index":"noindex","follow":"follow","max-snippet":"max-snippet:-1","max-image-preview":"max-image-preview:large","max-video-preview":"max-video-preview:-1"},"og_locale":"en_US","og_type":"article","og_title":"Bouquet of white roses and eustomas | Flowers delivery in Vilnius | ramunes.lt","og_description":"Give your loved one this bouquet of white roses and eustoma to express the warmest feelings.","og_url":"https:\/\/www.ramunes.lt\/en\/product\/bouquet-of-white-roses-and-eustomas\/","og_site_name":"Ramunes.lt- G\u0117li\u0173 pristatymas Vilniuje","article_modified_time":"2025-02-18T13:46:40+00:00","og_image":[{"width":600,"height":600,"url":"https:\/\/www.ramunes.lt\/wp-content\/uploads\/2022\/09\/baltu-roziu-ir-eustomu-puokste-e1685974968674.jpg","type":"image\/jpeg"}],"twitter_card":"summary_large_image","schema":{"@context":"https:\/\/schema.org","@graph":[{"@type":"WebPage","@id":"https:\/\/www.ramunes.lt\/en\/product\/bouquet-of-white-roses-and-eustomas\/","url":"https:\/\/www.ramunes.lt\/en\/product\/bouquet-of-white-roses-and-eustomas\/","name":"Bouquet of white roses and eustomas | Flowers delivery in Vilnius | ramunes.lt","isPartOf":{"@id":"https:\/\/www.ramunes.lt\/en\/#website"},"primaryImageOfPage":{"@id":"https:\/\/www.ramunes.lt\/en\/product\/bouquet-of-white-roses-and-eustomas\/#primaryimage"},"image":{"@id":"https:\/\/www.ramunes.lt\/en\/product\/bouquet-of-white-roses-and-eustomas\/#primaryimage"},"thumbnailUrl":"https:\/\/www.ramunes.lt\/wp-content\/uploads\/2022\/09\/baltu-roziu-ir-eustomu-puokste-e1685974968674.jpg","datePublished":"2023-06-05T14:22:56+00:00","dateModified":"2025-02-18T13:46:40+00:00","description":"Give your loved one this bouquet of white roses and eustoma to express the warmest feelings.","breadcrumb":{"@id":"https:\/\/www.ramunes.lt\/en\/product\/bouquet-of-white-roses-and-eustomas\/#breadcrumb"},"inLanguage":"en-US","potentialAction":[{"@type":"ReadAction","target":["https:\/\/www.ramunes.lt\/en\/product\/bouquet-of-white-roses-and-eustomas\/"]}]},{"@type":"ImageObject","inLanguage":"en-US","@id":"https:\/\/www.ramunes.lt\/en\/product\/bouquet-of-white-roses-and-eustomas\/#primaryimage","url":"https:\/\/www.ramunes.lt\/wp-content\/uploads\/2022\/09\/baltu-roziu-ir-eustomu-puokste-e1685974968674.jpg","contentUrl":"https:\/\/www.ramunes.lt\/wp-content\/uploads\/2022\/09\/baltu-roziu-ir-eustomu-puokste-e1685974968674.jpg","width":600,"height":600,"caption":"Balt\u0173 ro\u017ei\u0173 ir ro\u017eini\u0173 eustom\u0173 puok\u0161t\u0117"},{"@type":"BreadcrumbList","@id":"https:\/\/www.ramunes.lt\/en\/product\/bouquet-of-white-roses-and-eustomas\/#breadcrumb","itemListElement":[{"@type":"ListItem","position":1,"name":"Home","item":"https:\/\/www.ramunes.lt\/en\/"},{"@type":"ListItem","position":2,"name":"Flowers delivery in Vilnius","item":"https:\/\/www.ramunes.lt\/en\/"},{"@type":"ListItem","position":3,"name":"Bouquet of white roses and eustomas"}]},{"@type":"WebSite","@id":"https:\/\/www.ramunes.lt\/en\/#website","url":"https:\/\/www.ramunes.lt\/en\/","name":"Ramunes.lt- G\u0117li\u0173 pristatymas Vilniuje","description":"","potentialAction":[{"@type":"SearchAction","target":{"@type":"EntryPoint","urlTemplate":"https:\/\/www.ramunes.lt\/en\/?s={search_term_string}"},"query-input":{"@type":"PropertyValueSpecification","valueRequired":true,"valueName":"search_term_string"}}],"inLanguage":"en-US"}]}},"new_scheduled_revision":null,"save_as_revision":null,"_links":{"self":[{"href":"https:\/\/www.ramunes.lt\/en\/wp-json\/wp\/v2\/product\/7406","targetHints":{"allow":["GET"]}}],"collection":[{"href":"https:\/\/www.ramunes.lt\/en\/wp-json\/wp\/v2\/product"}],"about":[{"href":"https:\/\/www.ramunes.lt\/en\/wp-json\/wp\/v2\/types\/product"}],"wp:featuredmedia":[{"embeddable":true,"href":"https:\/\/www.ramunes.lt\/en\/wp-json\/wp\/v2\/media\/8782"}],"wp:attachment":[{"href":"https:\/\/www.ramunes.lt\/en\/wp-json\/wp\/v2\/media?parent=7406"}],"wp:term":[{"taxonomy":"product_brand","embeddable":true,"href":"https:\/\/www.ramunes.lt\/en\/wp-json\/wp\/v2\/product_brand?post=7406"},{"taxonomy":"product_cat","embeddable":true,"href":"https:\/\/www.ramunes.lt\/en\/wp-json\/wp\/v2\/product_cat?post=7406"},{"taxonomy":"product_tag","embeddable":true,"href":"https:\/\/www.ramunes.lt\/en\/wp-json\/wp\/v2\/product_tag?post=7406"}],"curies":[{"name":"wp","href":"https:\/\/api.w.org\/{rel}","templated":true}]}}