{"id":7370,"date":"2020-03-27T09:35:47","date_gmt":"2020-03-27T06:35:47","guid":{"rendered":"https:\/\/ramunes.lt\/?post_type=product&#038;p=7370"},"modified":"2025-02-18T16:58:26","modified_gmt":"2025-02-18T13:58:26","slug":"box-of-yellow-roses","status":"publish","type":"product","link":"https:\/\/www.ramunes.lt\/en\/product\/box-of-yellow-roses\/","title":{"rendered":"Box of yellow roses"},"content":{"rendered":"<p>The box is full of roses, a stylish and elegant way to greet everyone. Yellow roses will remind you of sunny summer days. Make the day of your loved one happy.<\/p>\n","protected":false},"excerpt":{"rendered":"<p>The box is full of roses, a stylish and elegant way to greet everyone. Yellow roses will remind you of sunny summer days. Make the day of your loved one happy.<\/p>\n","protected":false},"featured_media":8916,"template":"","meta":[],"product_brand":[],"product_cat":[110,109,111],"product_tag":[],"class_list":{"0":"post-7370","1":"product","2":"type-product","3":"status-publish","4":"has-post-thumbnail","6":"product_cat-flower-boxes","7":"product_cat-flowers","8":"product_cat-roses","9":"tm-has-styled-variations","10":"tm-no-options","11":"mk-info-sticky","13":"first","14":"instock","15":"taxable","16":"shipping-taxable","17":"purchasable","18":"product-type-variable"},"yoast_head":"<!-- This site is optimized with the Yoast SEO plugin v24.7 - https:\/\/yoast.com\/wordpress\/plugins\/seo\/ -->\n<title>Box of yellow roses | Flowers | Ramunes.lt - flowers delivery<\/title>\n<meta name=\"description\" content=\"A box full of roses is a stylish and elegant way to greet everyone. Yellow roses will remind you of sunny summer days.\" \/>\n<meta name=\"robots\" content=\"noindex, follow, max-snippet:-1, max-image-preview:large, max-video-preview:-1\" \/>\n<meta property=\"og:locale\" content=\"en_US\" \/>\n<meta property=\"og:type\" content=\"article\" \/>\n<meta property=\"og:title\" content=\"Box of yellow roses | Flowers | Ramunes.lt - flowers delivery\" \/>\n<meta property=\"og:description\" content=\"A box full of roses is a stylish and elegant way to greet everyone. Yellow roses will remind you of sunny summer days.\" \/>\n<meta property=\"og:url\" content=\"https:\/\/www.ramunes.lt\/en\/product\/box-of-yellow-roses\/\" \/>\n<meta property=\"og:site_name\" content=\"Ramunes.lt- G\u0117li\u0173 pristatymas Vilniuje\" \/>\n<meta property=\"article:modified_time\" content=\"2025-02-18T13:58:26+00:00\" \/>\n<meta property=\"og:image\" content=\"https:\/\/www.ramunes.lt\/wp-content\/uploads\/2020\/03\/geltonu-roziu-dezute.jpg\" \/>\n\t<meta property=\"og:image:width\" content=\"600\" \/>\n\t<meta property=\"og:image:height\" content=\"600\" \/>\n\t<meta property=\"og:image:type\" content=\"image\/jpeg\" \/>\n<meta name=\"twitter:card\" content=\"summary_large_image\" \/>\n<script type=\"application\/ld+json\" class=\"yoast-schema-graph\">{\"@context\":\"https:\/\/schema.org\",\"@graph\":[{\"@type\":\"WebPage\",\"@id\":\"https:\/\/www.ramunes.lt\/en\/product\/box-of-yellow-roses\/\",\"url\":\"https:\/\/www.ramunes.lt\/en\/product\/box-of-yellow-roses\/\",\"name\":\"Box of yellow roses | Flowers | Ramunes.lt - flowers delivery\",\"isPartOf\":{\"@id\":\"https:\/\/www.ramunes.lt\/en\/#website\"},\"primaryImageOfPage\":{\"@id\":\"https:\/\/www.ramunes.lt\/en\/product\/box-of-yellow-roses\/#primaryimage\"},\"image\":{\"@id\":\"https:\/\/www.ramunes.lt\/en\/product\/box-of-yellow-roses\/#primaryimage\"},\"thumbnailUrl\":\"https:\/\/www.ramunes.lt\/wp-content\/uploads\/2020\/03\/geltonu-roziu-dezute.jpg\",\"datePublished\":\"2020-03-27T06:35:47+00:00\",\"dateModified\":\"2025-02-18T13:58:26+00:00\",\"description\":\"A box full of roses is a stylish and elegant way to greet everyone. Yellow roses will remind you of sunny summer days.\",\"breadcrumb\":{\"@id\":\"https:\/\/www.ramunes.lt\/en\/product\/box-of-yellow-roses\/#breadcrumb\"},\"inLanguage\":\"en-US\",\"potentialAction\":[{\"@type\":\"ReadAction\",\"target\":[\"https:\/\/www.ramunes.lt\/en\/product\/box-of-yellow-roses\/\"]}]},{\"@type\":\"ImageObject\",\"inLanguage\":\"en-US\",\"@id\":\"https:\/\/www.ramunes.lt\/en\/product\/box-of-yellow-roses\/#primaryimage\",\"url\":\"https:\/\/www.ramunes.lt\/wp-content\/uploads\/2020\/03\/geltonu-roziu-dezute.jpg\",\"contentUrl\":\"https:\/\/www.ramunes.lt\/wp-content\/uploads\/2020\/03\/geltonu-roziu-dezute.jpg\",\"width\":600,\"height\":600,\"caption\":\"Gelton\u0173 ro\u017ei\u0173 d\u0117\u017eut\u0117\"},{\"@type\":\"BreadcrumbList\",\"@id\":\"https:\/\/www.ramunes.lt\/en\/product\/box-of-yellow-roses\/#breadcrumb\",\"itemListElement\":[{\"@type\":\"ListItem\",\"position\":1,\"name\":\"Home\",\"item\":\"https:\/\/www.ramunes.lt\/en\/\"},{\"@type\":\"ListItem\",\"position\":2,\"name\":\"Flowers delivery in Vilnius\",\"item\":\"https:\/\/www.ramunes.lt\/en\/\"},{\"@type\":\"ListItem\",\"position\":3,\"name\":\"Box of yellow roses\"}]},{\"@type\":\"WebSite\",\"@id\":\"https:\/\/www.ramunes.lt\/en\/#website\",\"url\":\"https:\/\/www.ramunes.lt\/en\/\",\"name\":\"Ramunes.lt- G\u0117li\u0173 pristatymas Vilniuje\",\"description\":\"\",\"potentialAction\":[{\"@type\":\"SearchAction\",\"target\":{\"@type\":\"EntryPoint\",\"urlTemplate\":\"https:\/\/www.ramunes.lt\/en\/?s={search_term_string}\"},\"query-input\":{\"@type\":\"PropertyValueSpecification\",\"valueRequired\":true,\"valueName\":\"search_term_string\"}}],\"inLanguage\":\"en-US\"}]}<\/script>\n<!-- \/ Yoast SEO plugin. -->","yoast_head_json":{"title":"Box of yellow roses | Flowers | Ramunes.lt - flowers delivery","description":"A box full of roses is a stylish and elegant way to greet everyone. Yellow roses will remind you of sunny summer days.","robots":{"index":"noindex","follow":"follow","max-snippet":"max-snippet:-1","max-image-preview":"max-image-preview:large","max-video-preview":"max-video-preview:-1"},"og_locale":"en_US","og_type":"article","og_title":"Box of yellow roses | Flowers | Ramunes.lt - flowers delivery","og_description":"A box full of roses is a stylish and elegant way to greet everyone. Yellow roses will remind you of sunny summer days.","og_url":"https:\/\/www.ramunes.lt\/en\/product\/box-of-yellow-roses\/","og_site_name":"Ramunes.lt- G\u0117li\u0173 pristatymas Vilniuje","article_modified_time":"2025-02-18T13:58:26+00:00","og_image":[{"width":600,"height":600,"url":"https:\/\/www.ramunes.lt\/wp-content\/uploads\/2020\/03\/geltonu-roziu-dezute.jpg","type":"image\/jpeg"}],"twitter_card":"summary_large_image","schema":{"@context":"https:\/\/schema.org","@graph":[{"@type":"WebPage","@id":"https:\/\/www.ramunes.lt\/en\/product\/box-of-yellow-roses\/","url":"https:\/\/www.ramunes.lt\/en\/product\/box-of-yellow-roses\/","name":"Box of yellow roses | Flowers | Ramunes.lt - flowers delivery","isPartOf":{"@id":"https:\/\/www.ramunes.lt\/en\/#website"},"primaryImageOfPage":{"@id":"https:\/\/www.ramunes.lt\/en\/product\/box-of-yellow-roses\/#primaryimage"},"image":{"@id":"https:\/\/www.ramunes.lt\/en\/product\/box-of-yellow-roses\/#primaryimage"},"thumbnailUrl":"https:\/\/www.ramunes.lt\/wp-content\/uploads\/2020\/03\/geltonu-roziu-dezute.jpg","datePublished":"2020-03-27T06:35:47+00:00","dateModified":"2025-02-18T13:58:26+00:00","description":"A box full of roses is a stylish and elegant way to greet everyone. Yellow roses will remind you of sunny summer days.","breadcrumb":{"@id":"https:\/\/www.ramunes.lt\/en\/product\/box-of-yellow-roses\/#breadcrumb"},"inLanguage":"en-US","potentialAction":[{"@type":"ReadAction","target":["https:\/\/www.ramunes.lt\/en\/product\/box-of-yellow-roses\/"]}]},{"@type":"ImageObject","inLanguage":"en-US","@id":"https:\/\/www.ramunes.lt\/en\/product\/box-of-yellow-roses\/#primaryimage","url":"https:\/\/www.ramunes.lt\/wp-content\/uploads\/2020\/03\/geltonu-roziu-dezute.jpg","contentUrl":"https:\/\/www.ramunes.lt\/wp-content\/uploads\/2020\/03\/geltonu-roziu-dezute.jpg","width":600,"height":600,"caption":"Gelton\u0173 ro\u017ei\u0173 d\u0117\u017eut\u0117"},{"@type":"BreadcrumbList","@id":"https:\/\/www.ramunes.lt\/en\/product\/box-of-yellow-roses\/#breadcrumb","itemListElement":[{"@type":"ListItem","position":1,"name":"Home","item":"https:\/\/www.ramunes.lt\/en\/"},{"@type":"ListItem","position":2,"name":"Flowers delivery in Vilnius","item":"https:\/\/www.ramunes.lt\/en\/"},{"@type":"ListItem","position":3,"name":"Box of yellow roses"}]},{"@type":"WebSite","@id":"https:\/\/www.ramunes.lt\/en\/#website","url":"https:\/\/www.ramunes.lt\/en\/","name":"Ramunes.lt- G\u0117li\u0173 pristatymas Vilniuje","description":"","potentialAction":[{"@type":"SearchAction","target":{"@type":"EntryPoint","urlTemplate":"https:\/\/www.ramunes.lt\/en\/?s={search_term_string}"},"query-input":{"@type":"PropertyValueSpecification","valueRequired":true,"valueName":"search_term_string"}}],"inLanguage":"en-US"}]}},"new_scheduled_revision":null,"save_as_revision":null,"_links":{"self":[{"href":"https:\/\/www.ramunes.lt\/en\/wp-json\/wp\/v2\/product\/7370","targetHints":{"allow":["GET"]}}],"collection":[{"href":"https:\/\/www.ramunes.lt\/en\/wp-json\/wp\/v2\/product"}],"about":[{"href":"https:\/\/www.ramunes.lt\/en\/wp-json\/wp\/v2\/types\/product"}],"wp:featuredmedia":[{"embeddable":true,"href":"https:\/\/www.ramunes.lt\/en\/wp-json\/wp\/v2\/media\/8916"}],"wp:attachment":[{"href":"https:\/\/www.ramunes.lt\/en\/wp-json\/wp\/v2\/media?parent=7370"}],"wp:term":[{"taxonomy":"product_brand","embeddable":true,"href":"https:\/\/www.ramunes.lt\/en\/wp-json\/wp\/v2\/product_brand?post=7370"},{"taxonomy":"product_cat","embeddable":true,"href":"https:\/\/www.ramunes.lt\/en\/wp-json\/wp\/v2\/product_cat?post=7370"},{"taxonomy":"product_tag","embeddable":true,"href":"https:\/\/www.ramunes.lt\/en\/wp-json\/wp\/v2\/product_tag?post=7370"}],"curies":[{"name":"wp","href":"https:\/\/api.w.org\/{rel}","templated":true}]}}