{"id":10123,"date":"2023-07-10T16:25:56","date_gmt":"2023-07-10T13:25:56","guid":{"rendered":"https:\/\/ramunes.lt\/produktas\/soap-flower-box-cream-roses-with-hydrangeas\/"},"modified":"2023-07-10T16:25:56","modified_gmt":"2023-07-10T13:25:56","slug":"soap-flower-box-cream-roses-with-hydrangeas","status":"publish","type":"product","link":"https:\/\/www.ramunes.lt\/en\/product\/soap-flower-box-cream-roses-with-hydrangeas\/","title":{"rendered":"Soap flower box ,,Cream roses with hydrangeas\u201c"},"content":{"rendered":"<p>Delicious-smelling and realistic-looking soap flowers in a box will be a great gift for your loved one. Long-lasting soap flowers will decorate your home or workplace.<\/p>\n","protected":false},"excerpt":{"rendered":"<p>There are 9-11 roses and 7-9 hydrangeas in the box, depending on the size of the flowers.<\/p>\n","protected":false},"featured_media":9954,"template":"","meta":[],"product_brand":[],"product_cat":[109,250],"product_tag":[],"class_list":{"0":"post-10123","1":"product","2":"type-product","3":"status-publish","4":"has-post-thumbnail","6":"product_cat-flowers","7":"product_cat-soap-flowers","8":"tm-has-styled-variations","9":"tm-no-options","10":"mk-info-sticky","12":"first","13":"instock","14":"taxable","15":"shipping-taxable","16":"purchasable","17":"product-type-simple"},"yoast_head":"<!-- This site is optimized with the Yoast SEO plugin v24.7 - https:\/\/yoast.com\/wordpress\/plugins\/seo\/ -->\n<title>Soap flower box ,,Cream roses with hydrangeas\u201c | ramunes.lt<\/title>\n<meta name=\"description\" content=\"Soap flowers are a great alternative to real flowers. Just put them on your bedside table and admire, maintenance-free!\" \/>\n<meta name=\"robots\" content=\"noindex, follow, max-snippet:-1, max-image-preview:large, max-video-preview:-1\" \/>\n<meta property=\"og:locale\" content=\"en_US\" \/>\n<meta property=\"og:type\" content=\"article\" \/>\n<meta property=\"og:title\" content=\"Soap flower box ,,Cream roses with hydrangeas\u201c | ramunes.lt\" \/>\n<meta property=\"og:description\" content=\"Soap flowers are a great alternative to real flowers. Just put them on your bedside table and admire, maintenance-free!\" \/>\n<meta property=\"og:url\" content=\"https:\/\/www.ramunes.lt\/en\/product\/soap-flower-box-cream-roses-with-hydrangeas\/\" \/>\n<meta property=\"og:site_name\" content=\"Ramunes.lt- G\u0117li\u0173 pristatymas Vilniuje\" \/>\n<meta property=\"og:image\" content=\"https:\/\/www.ramunes.lt\/wp-content\/uploads\/2023\/07\/mazos-persikines-rozes-su-hortenzijomis-dezuteje-e1688995816264.jpg\" \/>\n\t<meta property=\"og:image:width\" content=\"600\" \/>\n\t<meta property=\"og:image:height\" content=\"600\" \/>\n\t<meta property=\"og:image:type\" content=\"image\/jpeg\" \/>\n<meta name=\"twitter:card\" content=\"summary_large_image\" \/>\n<script type=\"application\/ld+json\" class=\"yoast-schema-graph\">{\"@context\":\"https:\/\/schema.org\",\"@graph\":[{\"@type\":\"WebPage\",\"@id\":\"https:\/\/www.ramunes.lt\/en\/product\/soap-flower-box-cream-roses-with-hydrangeas\/\",\"url\":\"https:\/\/www.ramunes.lt\/en\/product\/soap-flower-box-cream-roses-with-hydrangeas\/\",\"name\":\"Soap flower box ,,Cream roses with hydrangeas\u201c | ramunes.lt\",\"isPartOf\":{\"@id\":\"https:\/\/www.ramunes.lt\/en\/#website\"},\"primaryImageOfPage\":{\"@id\":\"https:\/\/www.ramunes.lt\/en\/product\/soap-flower-box-cream-roses-with-hydrangeas\/#primaryimage\"},\"image\":{\"@id\":\"https:\/\/www.ramunes.lt\/en\/product\/soap-flower-box-cream-roses-with-hydrangeas\/#primaryimage\"},\"thumbnailUrl\":\"https:\/\/www.ramunes.lt\/wp-content\/uploads\/2023\/07\/mazos-persikines-rozes-su-hortenzijomis-dezuteje-e1688995816264.jpg\",\"datePublished\":\"2023-07-10T13:25:56+00:00\",\"description\":\"Soap flowers are a great alternative to real flowers. Just put them on your bedside table and admire, maintenance-free!\",\"breadcrumb\":{\"@id\":\"https:\/\/www.ramunes.lt\/en\/product\/soap-flower-box-cream-roses-with-hydrangeas\/#breadcrumb\"},\"inLanguage\":\"en-US\",\"potentialAction\":[{\"@type\":\"ReadAction\",\"target\":[\"https:\/\/www.ramunes.lt\/en\/product\/soap-flower-box-cream-roses-with-hydrangeas\/\"]}]},{\"@type\":\"ImageObject\",\"inLanguage\":\"en-US\",\"@id\":\"https:\/\/www.ramunes.lt\/en\/product\/soap-flower-box-cream-roses-with-hydrangeas\/#primaryimage\",\"url\":\"https:\/\/www.ramunes.lt\/wp-content\/uploads\/2023\/07\/mazos-persikines-rozes-su-hortenzijomis-dezuteje-e1688995816264.jpg\",\"contentUrl\":\"https:\/\/www.ramunes.lt\/wp-content\/uploads\/2023\/07\/mazos-persikines-rozes-su-hortenzijomis-dezuteje-e1688995816264.jpg\",\"width\":600,\"height\":600,\"caption\":\"Muilo g\u0117li\u0173 d\u0117\u017eut\u0117 ,,Persikin\u0117s ro\u017e\u0117s su hortenzijomis\\\"\"},{\"@type\":\"BreadcrumbList\",\"@id\":\"https:\/\/www.ramunes.lt\/en\/product\/soap-flower-box-cream-roses-with-hydrangeas\/#breadcrumb\",\"itemListElement\":[{\"@type\":\"ListItem\",\"position\":1,\"name\":\"Home\",\"item\":\"https:\/\/www.ramunes.lt\/en\/\"},{\"@type\":\"ListItem\",\"position\":2,\"name\":\"Flowers delivery in Vilnius\",\"item\":\"https:\/\/www.ramunes.lt\/en\/\"},{\"@type\":\"ListItem\",\"position\":3,\"name\":\"Soap flower box ,,Cream roses with hydrangeas\u201c\"}]},{\"@type\":\"WebSite\",\"@id\":\"https:\/\/www.ramunes.lt\/en\/#website\",\"url\":\"https:\/\/www.ramunes.lt\/en\/\",\"name\":\"Ramunes.lt- G\u0117li\u0173 pristatymas Vilniuje\",\"description\":\"\",\"potentialAction\":[{\"@type\":\"SearchAction\",\"target\":{\"@type\":\"EntryPoint\",\"urlTemplate\":\"https:\/\/www.ramunes.lt\/en\/?s={search_term_string}\"},\"query-input\":{\"@type\":\"PropertyValueSpecification\",\"valueRequired\":true,\"valueName\":\"search_term_string\"}}],\"inLanguage\":\"en-US\"}]}<\/script>\n<!-- \/ Yoast SEO plugin. -->","yoast_head_json":{"title":"Soap flower box ,,Cream roses with hydrangeas\u201c | ramunes.lt","description":"Soap flowers are a great alternative to real flowers. Just put them on your bedside table and admire, maintenance-free!","robots":{"index":"noindex","follow":"follow","max-snippet":"max-snippet:-1","max-image-preview":"max-image-preview:large","max-video-preview":"max-video-preview:-1"},"og_locale":"en_US","og_type":"article","og_title":"Soap flower box ,,Cream roses with hydrangeas\u201c | ramunes.lt","og_description":"Soap flowers are a great alternative to real flowers. Just put them on your bedside table and admire, maintenance-free!","og_url":"https:\/\/www.ramunes.lt\/en\/product\/soap-flower-box-cream-roses-with-hydrangeas\/","og_site_name":"Ramunes.lt- G\u0117li\u0173 pristatymas Vilniuje","og_image":[{"width":600,"height":600,"url":"https:\/\/www.ramunes.lt\/wp-content\/uploads\/2023\/07\/mazos-persikines-rozes-su-hortenzijomis-dezuteje-e1688995816264.jpg","type":"image\/jpeg"}],"twitter_card":"summary_large_image","schema":{"@context":"https:\/\/schema.org","@graph":[{"@type":"WebPage","@id":"https:\/\/www.ramunes.lt\/en\/product\/soap-flower-box-cream-roses-with-hydrangeas\/","url":"https:\/\/www.ramunes.lt\/en\/product\/soap-flower-box-cream-roses-with-hydrangeas\/","name":"Soap flower box ,,Cream roses with hydrangeas\u201c | ramunes.lt","isPartOf":{"@id":"https:\/\/www.ramunes.lt\/en\/#website"},"primaryImageOfPage":{"@id":"https:\/\/www.ramunes.lt\/en\/product\/soap-flower-box-cream-roses-with-hydrangeas\/#primaryimage"},"image":{"@id":"https:\/\/www.ramunes.lt\/en\/product\/soap-flower-box-cream-roses-with-hydrangeas\/#primaryimage"},"thumbnailUrl":"https:\/\/www.ramunes.lt\/wp-content\/uploads\/2023\/07\/mazos-persikines-rozes-su-hortenzijomis-dezuteje-e1688995816264.jpg","datePublished":"2023-07-10T13:25:56+00:00","description":"Soap flowers are a great alternative to real flowers. Just put them on your bedside table and admire, maintenance-free!","breadcrumb":{"@id":"https:\/\/www.ramunes.lt\/en\/product\/soap-flower-box-cream-roses-with-hydrangeas\/#breadcrumb"},"inLanguage":"en-US","potentialAction":[{"@type":"ReadAction","target":["https:\/\/www.ramunes.lt\/en\/product\/soap-flower-box-cream-roses-with-hydrangeas\/"]}]},{"@type":"ImageObject","inLanguage":"en-US","@id":"https:\/\/www.ramunes.lt\/en\/product\/soap-flower-box-cream-roses-with-hydrangeas\/#primaryimage","url":"https:\/\/www.ramunes.lt\/wp-content\/uploads\/2023\/07\/mazos-persikines-rozes-su-hortenzijomis-dezuteje-e1688995816264.jpg","contentUrl":"https:\/\/www.ramunes.lt\/wp-content\/uploads\/2023\/07\/mazos-persikines-rozes-su-hortenzijomis-dezuteje-e1688995816264.jpg","width":600,"height":600,"caption":"Muilo g\u0117li\u0173 d\u0117\u017eut\u0117 ,,Persikin\u0117s ro\u017e\u0117s su hortenzijomis\""},{"@type":"BreadcrumbList","@id":"https:\/\/www.ramunes.lt\/en\/product\/soap-flower-box-cream-roses-with-hydrangeas\/#breadcrumb","itemListElement":[{"@type":"ListItem","position":1,"name":"Home","item":"https:\/\/www.ramunes.lt\/en\/"},{"@type":"ListItem","position":2,"name":"Flowers delivery in Vilnius","item":"https:\/\/www.ramunes.lt\/en\/"},{"@type":"ListItem","position":3,"name":"Soap flower box ,,Cream roses with hydrangeas\u201c"}]},{"@type":"WebSite","@id":"https:\/\/www.ramunes.lt\/en\/#website","url":"https:\/\/www.ramunes.lt\/en\/","name":"Ramunes.lt- G\u0117li\u0173 pristatymas Vilniuje","description":"","potentialAction":[{"@type":"SearchAction","target":{"@type":"EntryPoint","urlTemplate":"https:\/\/www.ramunes.lt\/en\/?s={search_term_string}"},"query-input":{"@type":"PropertyValueSpecification","valueRequired":true,"valueName":"search_term_string"}}],"inLanguage":"en-US"}]}},"new_scheduled_revision":null,"save_as_revision":null,"_links":{"self":[{"href":"https:\/\/www.ramunes.lt\/en\/wp-json\/wp\/v2\/product\/10123","targetHints":{"allow":["GET"]}}],"collection":[{"href":"https:\/\/www.ramunes.lt\/en\/wp-json\/wp\/v2\/product"}],"about":[{"href":"https:\/\/www.ramunes.lt\/en\/wp-json\/wp\/v2\/types\/product"}],"wp:featuredmedia":[{"embeddable":true,"href":"https:\/\/www.ramunes.lt\/en\/wp-json\/wp\/v2\/media\/9954"}],"wp:attachment":[{"href":"https:\/\/www.ramunes.lt\/en\/wp-json\/wp\/v2\/media?parent=10123"}],"wp:term":[{"taxonomy":"product_brand","embeddable":true,"href":"https:\/\/www.ramunes.lt\/en\/wp-json\/wp\/v2\/product_brand?post=10123"},{"taxonomy":"product_cat","embeddable":true,"href":"https:\/\/www.ramunes.lt\/en\/wp-json\/wp\/v2\/product_cat?post=10123"},{"taxonomy":"product_tag","embeddable":true,"href":"https:\/\/www.ramunes.lt\/en\/wp-json\/wp\/v2\/product_tag?post=10123"}],"curies":[{"name":"wp","href":"https:\/\/api.w.org\/{rel}","templated":true}]}}