{"id":7686,"date":"2020-03-23T03:02:45","date_gmt":"2020-03-23T00:02:45","guid":{"rendered":"https:\/\/ramunes.lt\/delivery-conditions\/"},"modified":"2025-12-29T21:29:53","modified_gmt":"2025-12-29T18:29:53","slug":"delivery-conditions","status":"publish","type":"page","link":"https:\/\/www.ramunes.lt\/en\/delivery-conditions\/","title":{"rendered":"Delivery conditions"},"content":{"rendered":"[vc_row][vc_column][mk_custom_box padding_horizental=&#8221;40&#8243; min_height=&#8221;150&#8243; background_hov_color_style=&#8221;gradient_color&#8221; border_color_style=&#8221;single_color&#8221; border_color=&#8221;#d460bd&#8221; border_width=&#8221;2&#8243; elevation_effect=&#8221;true&#8221; elevation_effect_distance=&#8221;5&#8243; bg_stretch=&#8221;false&#8221;][mk_icon_box icon=&#8221;mk-moon-clock&#8221; title=&#8221;DELIVERY TIME&#8221; text_size=&#8221;20&#8243; style=&#8221;simple_ultimate&#8221; icon_size=&#8221;large&#8221; icon_location=&#8221;top&#8221; title_color=&#8221;#f05d9c&#8221; txt_color=&#8221;#a1a1a1&#8243; margin=&#8221;5&#8243;]\n<p style=\"text-align: center;\">Pir.-Penk. 9:00-20:00<\/p>\n<p style=\"text-align: center;\">\u0160. 9:00-18:00<\/p>\n[\/mk_icon_box][\/mk_custom_box][\/vc_column][\/vc_row][vc_row][vc_column width=&#8221;1\/2&#8243;][mk_custom_box padding_horizental=&#8221;40&#8243; min_height=&#8221;340&#8243; background_hov_color_style=&#8221;gradient_color&#8221; border_color_style=&#8221;single_color&#8221; border_color=&#8221;#d460bd&#8221; border_width=&#8221;2&#8243; elevation_effect=&#8221;true&#8221; elevation_effect_distance=&#8221;5&#8243; bg_stretch=&#8221;false&#8221;][mk_icon_box icon=&#8221;mk-icon-building-o&#8221; title=&#8221;PRISTATYMAS VILNIUJE<br \/>\n0 \u2013 7 \u20ac&#8221; text_size=&#8221;20&#8243; style=&#8221;simple_ultimate&#8221; icon_size=&#8221;large&#8221; icon_location=&#8221;top&#8221; title_color=&#8221;#f05d9c&#8221; txt_color=&#8221;#a1a1a1&#8243; margin=&#8221;20&#8243;]\n<p style=\"text-align: center;\">U\u017esakymai nuo 40 eur\u0173 pristatomi nemokamai.<\/p>\n<p style=\"text-align: center;\">Ma\u017eesniems u\u017esakymams taikomas 7 eur\u0173 pristatymo mokestis.<\/p>\n[\/mk_icon_box][\/mk_custom_box][\/vc_column][vc_column width=&#8221;1\/2&#8243;][mk_custom_box padding_horizental=&#8221;40&#8243; min_height=&#8221;340&#8243; background_hov_color_style=&#8221;gradient_color&#8221; border_color_style=&#8221;single_color&#8221; border_color=&#8221;#d460bd&#8221; border_width=&#8221;2&#8243; elevation_effect=&#8221;true&#8221; elevation_effect_distance=&#8221;5&#8243; bg_stretch=&#8221;false&#8221;][mk_icon_box icon=&#8221;mk-moon-home-10&#8243; title=&#8221;PRISTATYMAS VILNIAUS PRIEMIES\u010cIUOSE<br \/>\n5 \u2013 9 \u20ac&#8221; text_size=&#8221;20&#8243; style=&#8221;simple_ultimate&#8221; icon_size=&#8221;large&#8221; icon_location=&#8221;top&#8221; title_color=&#8221;#f05d9c&#8221; txt_color=&#8221;#a1a1a1&#8243; margin=&#8221;20&#8243;]\n<p style=\"text-align: center;\">U\u017esakymai nuo 40 eur\u0173 kainuoja 5 eurus.<\/p>\n<p style=\"text-align: center;\">Ma\u017eesni u\u017esakymai kainuoja 9 eurus.<\/p>\n<p style=\"text-align: center;\">Ve\u017eame 20km. nuo Vilniaus centro.<\/p>\n[\/mk_icon_box][\/mk_custom_box][\/vc_column][\/vc_row][vc_row][vc_column width=&#8221;1\/2&#8243;][mk_custom_box padding_horizental=&#8221;40&#8243; min_height=&#8221;450&#8243; background_hov_color_style=&#8221;gradient_color&#8221; border_color_style=&#8221;single_color&#8221; border_color=&#8221;#d460bd&#8221; border_width=&#8221;2&#8243; elevation_effect=&#8221;true&#8221; elevation_effect_distance=&#8221;5&#8243; bg_stretch=&#8221;false&#8221;][mk_icon_box icon=&#8221;mk-moon-watch&#8221; title=&#8221;*PRISTATYMO LAIKAS + 0 \u2013 15 \u20ac&#8221; text_size=&#8221;20&#8243; style=&#8221;simple_ultimate&#8221; icon_size=&#8221;large&#8221; icon_location=&#8221;top&#8221; title_color=&#8221;#f05d9c&#8221; txt_color=&#8221;#a1a1a1&#8243; margin=&#8221;20&#8243;]\n<p style=\"text-align: center;\">\u20ac0 \u2013 delivery when the courier is near the addressee.<\/p>\n<p style=\"text-align: center;\">+1 \u20ac &#8211; delivery in the interval &#8211; morning, day, evening.<\/p>\n<p style=\"text-align: center;\">+5 \u20ac \u2013 delivery in the hour you choose (+-30 minutes to be exact)<\/p>\n<p style=\"text-align: center;\">Monday &#8211; Friday we will deliver the flowers on the same day if we receive the order before 3:30 p.m., on Saturday until 2:00 p.m.<\/p>\n[\/mk_icon_box][\/mk_custom_box][\/vc_column][vc_column width=&#8221;1\/2&#8243;][mk_custom_box padding_horizental=&#8221;40&#8243; min_height=&#8221;450&#8243; bg_image=&#8221;https:\/\/ramunes.lt\/wp-content\/uploads\/2020\/03\/kompozicijos.jpg&#8221; background_hov_color_style=&#8221;image&#8221; border_color_style=&#8221;single_color&#8221; border_color=&#8221;#d460bd&#8221; border_width=&#8221;2&#8243; bg_image_hov_effect=&#8221;blur&#8221; bg_stretch=&#8221;false&#8221;][mk_fancy_title color=&#8221;#ffffff&#8221; size=&#8221;40&#8243; margin_top=&#8221;50&#8243; font_family=&#8221;none&#8221; align=&#8221;center&#8221;]Flowers compositions[\/mk_fancy_title][mk_button dimension=&#8221;flat&#8221; size=&#8221;medium&#8221; url=&#8221;https:\/\/ramunes.lt\/&#8221; align=&#8221;center&#8221; bg_color=&#8221;#ffffff&#8221; btn_hover_bg=&#8221;#f2f2f2&#8243; text_color=&#8221;dark&#8221;]Review[\/mk_button][\/mk_custom_box][\/vc_column][\/vc_row][vc_row][vc_column][vc_column_text css=&#8221;.vc_custom_1603181527909{margin-bottom: 0px !important;}&#8221;]*During holidays (February 14, March 8, Mother&#8217;s Day) delivery intervals and exact delivery cost more.[\/vc_column_text][\/vc_column][\/vc_row]\n","protected":false},"excerpt":{"rendered":"<p>[vc_row][vc_column][mk_custom_box padding_horizental=&#8221;40&#8243; min_height=&#8221;150&#8243; background_hov_color_style=&#8221;gradient_color&#8221; border_color_style=&#8221;single_color&#8221; border_color=&#8221;#d460bd&#8221; border_width=&#8221;2&#8243; elevation_effect=&#8221;true&#8221; elevation_effect_distance=&#8221;5&#8243; bg_stretch=&#8221;false&#8221;][mk_icon_box icon=&#8221;mk-moon-clock&#8221; title=&#8221;DELIVERY TIME&#8221; text_size=&#8221;20&#8243; style=&#8221;simple_ultimate&#8221; icon_size=&#8221;large&#8221; icon_location=&#8221;top&#8221; title_color=&#8221;#f05d9c&#8221; txt_color=&#8221;#a1a1a1&#8243; margin=&#8221;5&#8243;] Pir.-Penk. 9:00-20:00 \u0160. 9:00-18:00 [\/mk_icon_box][\/mk_custom_box][\/vc_column][\/vc_row][vc_row][vc_column width=&#8221;1\/2&#8243;][mk_custom_box padding_horizental=&#8221;40&#8243; min_height=&#8221;340&#8243; background_hov_color_style=&#8221;gradient_color&#8221; border_color_style=&#8221;single_color&#8221; border_color=&#8221;#d460bd&#8221; border_width=&#8221;2&#8243; elevation_effect=&#8221;true&#8221; elevation_effect_distance=&#8221;5&#8243; bg_stretch=&#8221;false&#8221;][mk_icon_box icon=&#8221;mk-icon-building-o&#8221; title=&#8221;PRISTATYMAS VILNIUJE 0 \u2013 7 \u20ac&#8221; text_size=&#8221;20&#8243; style=&#8221;simple_ultimate&#8221; icon_size=&#8221;large&#8221; icon_location=&#8221;top&#8221; title_color=&#8221;#f05d9c&#8221; txt_color=&#8221;#a1a1a1&#8243; margin=&#8221;20&#8243;] U\u017esakymai nuo 40 eur\u0173 pristatomi nemokamai. [&hellip;]<\/p>\n","protected":false},"author":1,"featured_media":0,"parent":0,"menu_order":0,"comment_status":"closed","ping_status":"closed","template":"","meta":{"footnotes":""},"class_list":["post-7686","page","type-page","status-publish","hentry","mk-info-sticky"],"yoast_head":"<!-- This site is optimized with the Yoast SEO plugin v24.7 - https:\/\/yoast.com\/wordpress\/plugins\/seo\/ -->\n<title>Delivery conditions | Flowers delivery in Vilnius | Ramunes.lt<\/title>\n<meta name=\"description\" content=\"ramunes.lt purchase contitions.\" \/>\n<meta name=\"robots\" content=\"noindex, follow, max-snippet:-1, max-image-preview:large, max-video-preview:-1\" \/>\n<meta property=\"og:locale\" content=\"en_US\" \/>\n<meta property=\"og:type\" content=\"article\" \/>\n<meta property=\"og:title\" content=\"Delivery conditions | Flowers delivery in Vilnius | Ramunes.lt\" \/>\n<meta property=\"og:description\" content=\"ramunes.lt purchase contitions.\" \/>\n<meta property=\"og:url\" content=\"https:\/\/www.ramunes.lt\/en\/delivery-conditions\/\" \/>\n<meta property=\"og:site_name\" content=\"Ramunes.lt- G\u0117li\u0173 pristatymas Vilniuje\" \/>\n<meta property=\"article:modified_time\" content=\"2025-12-29T18:29:53+00:00\" \/>\n<meta name=\"twitter:card\" content=\"summary_large_image\" \/>\n<meta name=\"twitter:label1\" content=\"Est. reading time\" \/>\n\t<meta name=\"twitter:data1\" content=\"2 minutes\" \/>\n<script type=\"application\/ld+json\" class=\"yoast-schema-graph\">{\"@context\":\"https:\/\/schema.org\",\"@graph\":[{\"@type\":\"WebPage\",\"@id\":\"https:\/\/www.ramunes.lt\/en\/delivery-conditions\/\",\"url\":\"https:\/\/www.ramunes.lt\/en\/delivery-conditions\/\",\"name\":\"Delivery conditions | Flowers delivery in Vilnius | Ramunes.lt\",\"isPartOf\":{\"@id\":\"https:\/\/www.ramunes.lt\/en\/#website\"},\"datePublished\":\"2020-03-23T00:02:45+00:00\",\"dateModified\":\"2025-12-29T18:29:53+00:00\",\"description\":\"ramunes.lt purchase contitions.\",\"breadcrumb\":{\"@id\":\"https:\/\/www.ramunes.lt\/en\/delivery-conditions\/#breadcrumb\"},\"inLanguage\":\"en-US\",\"potentialAction\":[{\"@type\":\"ReadAction\",\"target\":[\"https:\/\/www.ramunes.lt\/en\/delivery-conditions\/\"]}]},{\"@type\":\"BreadcrumbList\",\"@id\":\"https:\/\/www.ramunes.lt\/en\/delivery-conditions\/#breadcrumb\",\"itemListElement\":[{\"@type\":\"ListItem\",\"position\":1,\"name\":\"Home\",\"item\":\"https:\/\/www.ramunes.lt\/en\/\"},{\"@type\":\"ListItem\",\"position\":2,\"name\":\"Delivery conditions\"}]},{\"@type\":\"WebSite\",\"@id\":\"https:\/\/www.ramunes.lt\/en\/#website\",\"url\":\"https:\/\/www.ramunes.lt\/en\/\",\"name\":\"Ramunes.lt- G\u0117li\u0173 pristatymas Vilniuje\",\"description\":\"\",\"potentialAction\":[{\"@type\":\"SearchAction\",\"target\":{\"@type\":\"EntryPoint\",\"urlTemplate\":\"https:\/\/www.ramunes.lt\/en\/?s={search_term_string}\"},\"query-input\":{\"@type\":\"PropertyValueSpecification\",\"valueRequired\":true,\"valueName\":\"search_term_string\"}}],\"inLanguage\":\"en-US\"}]}<\/script>\n<!-- \/ Yoast SEO plugin. -->","yoast_head_json":{"title":"Delivery conditions | Flowers delivery in Vilnius | Ramunes.lt","description":"ramunes.lt purchase contitions.","robots":{"index":"noindex","follow":"follow","max-snippet":"max-snippet:-1","max-image-preview":"max-image-preview:large","max-video-preview":"max-video-preview:-1"},"og_locale":"en_US","og_type":"article","og_title":"Delivery conditions | Flowers delivery in Vilnius | Ramunes.lt","og_description":"ramunes.lt purchase contitions.","og_url":"https:\/\/www.ramunes.lt\/en\/delivery-conditions\/","og_site_name":"Ramunes.lt- G\u0117li\u0173 pristatymas Vilniuje","article_modified_time":"2025-12-29T18:29:53+00:00","twitter_card":"summary_large_image","twitter_misc":{"Est. reading time":"2 minutes"},"schema":{"@context":"https:\/\/schema.org","@graph":[{"@type":"WebPage","@id":"https:\/\/www.ramunes.lt\/en\/delivery-conditions\/","url":"https:\/\/www.ramunes.lt\/en\/delivery-conditions\/","name":"Delivery conditions | Flowers delivery in Vilnius | Ramunes.lt","isPartOf":{"@id":"https:\/\/www.ramunes.lt\/en\/#website"},"datePublished":"2020-03-23T00:02:45+00:00","dateModified":"2025-12-29T18:29:53+00:00","description":"ramunes.lt purchase contitions.","breadcrumb":{"@id":"https:\/\/www.ramunes.lt\/en\/delivery-conditions\/#breadcrumb"},"inLanguage":"en-US","potentialAction":[{"@type":"ReadAction","target":["https:\/\/www.ramunes.lt\/en\/delivery-conditions\/"]}]},{"@type":"BreadcrumbList","@id":"https:\/\/www.ramunes.lt\/en\/delivery-conditions\/#breadcrumb","itemListElement":[{"@type":"ListItem","position":1,"name":"Home","item":"https:\/\/www.ramunes.lt\/en\/"},{"@type":"ListItem","position":2,"name":"Delivery conditions"}]},{"@type":"WebSite","@id":"https:\/\/www.ramunes.lt\/en\/#website","url":"https:\/\/www.ramunes.lt\/en\/","name":"Ramunes.lt- G\u0117li\u0173 pristatymas Vilniuje","description":"","potentialAction":[{"@type":"SearchAction","target":{"@type":"EntryPoint","urlTemplate":"https:\/\/www.ramunes.lt\/en\/?s={search_term_string}"},"query-input":{"@type":"PropertyValueSpecification","valueRequired":true,"valueName":"search_term_string"}}],"inLanguage":"en-US"}]}},"new_scheduled_revision":null,"save_as_revision":null,"_links":{"self":[{"href":"https:\/\/www.ramunes.lt\/en\/wp-json\/wp\/v2\/pages\/7686","targetHints":{"allow":["GET"]}}],"collection":[{"href":"https:\/\/www.ramunes.lt\/en\/wp-json\/wp\/v2\/pages"}],"about":[{"href":"https:\/\/www.ramunes.lt\/en\/wp-json\/wp\/v2\/types\/page"}],"author":[{"embeddable":true,"href":"https:\/\/www.ramunes.lt\/en\/wp-json\/wp\/v2\/users\/1"}],"replies":[{"embeddable":true,"href":"https:\/\/www.ramunes.lt\/en\/wp-json\/wp\/v2\/comments?post=7686"}],"version-history":[{"count":9,"href":"https:\/\/www.ramunes.lt\/en\/wp-json\/wp\/v2\/pages\/7686\/revisions"}],"predecessor-version":[{"id":11769,"href":"https:\/\/www.ramunes.lt\/en\/wp-json\/wp\/v2\/pages\/7686\/revisions\/11769"}],"wp:attachment":[{"href":"https:\/\/www.ramunes.lt\/en\/wp-json\/wp\/v2\/media?parent=7686"}],"curies":[{"name":"wp","href":"https:\/\/api.w.org\/{rel}","templated":true}]}}