{"id":7675,"date":"2020-03-23T03:35:21","date_gmt":"2020-03-23T00:35:21","guid":{"rendered":"https:\/\/ramunes.lt\/contacts\/"},"modified":"2025-01-01T21:27:23","modified_gmt":"2025-01-01T18:27:23","slug":"contacts","status":"publish","type":"page","link":"https:\/\/www.ramunes.lt\/en\/contacts\/","title":{"rendered":"Contacts"},"content":{"rendered":"[vc_row][vc_column width=&#8221;1\/3&#8243;][mk_image src=&#8221;https:\/\/ramunes.lt\/wp-content\/uploads\/2020\/10\/gintare.png&#8221; image_size=&#8221;full&#8221; frame_style=&#8221;rounded&#8221; caption_location=&#8221;outside-image&#8221; align=&#8221;center&#8221;][\/vc_column][vc_column width=&#8221;1\/3&#8243;][mk_blockquote font_family=&#8221;none&#8221;]Our small team specializes in flower delivery. And the accumulated experience allows us to provide the service properly.[\/mk_blockquote][vc_column_text css=&#8221;.vc_custom_1634042470204{margin-bottom: 0px !important;}&#8221;]\n<p style=\"text-align: center;\"><b>Dovil\u0117<\/b><\/p>\n[\/vc_column_text][\/vc_column][vc_column width=&#8221;1\/3&#8243;][vc_column_text css=&#8221;.vc_custom_1735756039669{margin-bottom: 0px !important;}&#8221;]\n<h3>Contact us:<\/h3>\n<ul>\n<li>Phone number.: <a href=\"tel:+37060887382\">+370 608 87382<\/a>\u00a0(viber, whatsapp)<\/li>\n<li>Email: <a href=\"mailto:info@ramunes.lt\">info@ramunes.lt<\/a><\/li>\n<\/ul>\n<p>Customer service hours:<br \/>\nMon.-Sat. 9:00-18:00;<br \/>\nSun. Closed.<\/p>\n<h3>Props<\/h3>\n<ul>\n<li>UAB U\u017esisakyk g\u0117les<\/li>\n<li>Company code: 305811732<\/li>\n<li>VAT code: LT100014497119<\/li>\n<li>\u0160e\u0161kin\u0117s str. 22A, Vilnius<\/li>\n<\/ul>\n[\/vc_column_text][\/vc_column][\/vc_row]\n","protected":false},"excerpt":{"rendered":"<p>[vc_row][vc_column width=&#8221;1\/3&#8243;][mk_image src=&#8221;https:\/\/ramunes.lt\/wp-content\/uploads\/2020\/10\/gintare.png&#8221; image_size=&#8221;full&#8221; frame_style=&#8221;rounded&#8221; caption_location=&#8221;outside-image&#8221; align=&#8221;center&#8221;][\/vc_column][vc_column width=&#8221;1\/3&#8243;][mk_blockquote font_family=&#8221;none&#8221;]Our small team specializes in flower delivery. And the accumulated experience allows us to provide the service properly.[\/mk_blockquote][vc_column_text css=&#8221;.vc_custom_1634042470204{margin-bottom: 0px !important;}&#8221;] Dovil\u0117 [\/vc_column_text][\/vc_column][vc_column width=&#8221;1\/3&#8243;][vc_column_text css=&#8221;.vc_custom_1735756039669{margin-bottom: 0px !important;}&#8221;] Contact us: Phone number.: +370 608 87382\u00a0(viber, whatsapp) Email: info@ramunes.lt Customer service hours: Mon.-Sat. 9:00-18:00; Sun. Closed. Props UAB U\u017esisakyk [&hellip;]<\/p>\n","protected":false},"author":1,"featured_media":0,"parent":0,"menu_order":0,"comment_status":"closed","ping_status":"closed","template":"","meta":{"footnotes":""},"class_list":["post-7675","page","type-page","status-publish","hentry","mk-info-sticky"],"yoast_head":"<!-- This site is optimized with the Yoast SEO plugin v24.7 - https:\/\/yoast.com\/wordpress\/plugins\/seo\/ -->\n<title>Contacts | Flowers delivery in the city of Vilnius and its districts | Ramunes.lt<\/title>\n<meta name=\"description\" content=\"ramunes.lt contact information\" \/>\n<meta name=\"robots\" content=\"noindex, follow, max-snippet:-1, max-image-preview:large, max-video-preview:-1\" \/>\n<meta property=\"og:locale\" content=\"en_US\" \/>\n<meta property=\"og:type\" content=\"article\" \/>\n<meta property=\"og:title\" content=\"Contacts | Flowers delivery in the city of Vilnius and its districts | Ramunes.lt\" \/>\n<meta property=\"og:description\" content=\"ramunes.lt contact information\" \/>\n<meta property=\"og:url\" content=\"https:\/\/www.ramunes.lt\/en\/contacts\/\" \/>\n<meta property=\"og:site_name\" content=\"Ramunes.lt- G\u0117li\u0173 pristatymas Vilniuje\" \/>\n<meta property=\"article:modified_time\" content=\"2025-01-01T18:27:23+00:00\" \/>\n<meta name=\"twitter:card\" content=\"summary_large_image\" \/>\n<meta name=\"twitter:label1\" content=\"Est. reading time\" \/>\n\t<meta name=\"twitter:data1\" content=\"1 minute\" \/>\n<script type=\"application\/ld+json\" class=\"yoast-schema-graph\">{\"@context\":\"https:\/\/schema.org\",\"@graph\":[{\"@type\":\"WebPage\",\"@id\":\"https:\/\/www.ramunes.lt\/en\/contacts\/\",\"url\":\"https:\/\/www.ramunes.lt\/en\/contacts\/\",\"name\":\"Contacts | Flowers delivery in the city of Vilnius and its districts | Ramunes.lt\",\"isPartOf\":{\"@id\":\"https:\/\/www.ramunes.lt\/en\/#website\"},\"datePublished\":\"2020-03-23T00:35:21+00:00\",\"dateModified\":\"2025-01-01T18:27:23+00:00\",\"description\":\"ramunes.lt contact information\",\"breadcrumb\":{\"@id\":\"https:\/\/www.ramunes.lt\/en\/contacts\/#breadcrumb\"},\"inLanguage\":\"en-US\",\"potentialAction\":[{\"@type\":\"ReadAction\",\"target\":[\"https:\/\/www.ramunes.lt\/en\/contacts\/\"]}]},{\"@type\":\"BreadcrumbList\",\"@id\":\"https:\/\/www.ramunes.lt\/en\/contacts\/#breadcrumb\",\"itemListElement\":[{\"@type\":\"ListItem\",\"position\":1,\"name\":\"Home\",\"item\":\"https:\/\/www.ramunes.lt\/en\/\"},{\"@type\":\"ListItem\",\"position\":2,\"name\":\"Contacts\"}]},{\"@type\":\"WebSite\",\"@id\":\"https:\/\/www.ramunes.lt\/en\/#website\",\"url\":\"https:\/\/www.ramunes.lt\/en\/\",\"name\":\"Ramunes.lt- G\u0117li\u0173 pristatymas Vilniuje\",\"description\":\"\",\"potentialAction\":[{\"@type\":\"SearchAction\",\"target\":{\"@type\":\"EntryPoint\",\"urlTemplate\":\"https:\/\/www.ramunes.lt\/en\/?s={search_term_string}\"},\"query-input\":{\"@type\":\"PropertyValueSpecification\",\"valueRequired\":true,\"valueName\":\"search_term_string\"}}],\"inLanguage\":\"en-US\"}]}<\/script>\n<!-- \/ Yoast SEO plugin. -->","yoast_head_json":{"title":"Contacts | Flowers delivery in the city of Vilnius and its districts | Ramunes.lt","description":"ramunes.lt contact information","robots":{"index":"noindex","follow":"follow","max-snippet":"max-snippet:-1","max-image-preview":"max-image-preview:large","max-video-preview":"max-video-preview:-1"},"og_locale":"en_US","og_type":"article","og_title":"Contacts | Flowers delivery in the city of Vilnius and its districts | Ramunes.lt","og_description":"ramunes.lt contact information","og_url":"https:\/\/www.ramunes.lt\/en\/contacts\/","og_site_name":"Ramunes.lt- G\u0117li\u0173 pristatymas Vilniuje","article_modified_time":"2025-01-01T18:27:23+00:00","twitter_card":"summary_large_image","twitter_misc":{"Est. reading time":"1 minute"},"schema":{"@context":"https:\/\/schema.org","@graph":[{"@type":"WebPage","@id":"https:\/\/www.ramunes.lt\/en\/contacts\/","url":"https:\/\/www.ramunes.lt\/en\/contacts\/","name":"Contacts | Flowers delivery in the city of Vilnius and its districts | Ramunes.lt","isPartOf":{"@id":"https:\/\/www.ramunes.lt\/en\/#website"},"datePublished":"2020-03-23T00:35:21+00:00","dateModified":"2025-01-01T18:27:23+00:00","description":"ramunes.lt contact information","breadcrumb":{"@id":"https:\/\/www.ramunes.lt\/en\/contacts\/#breadcrumb"},"inLanguage":"en-US","potentialAction":[{"@type":"ReadAction","target":["https:\/\/www.ramunes.lt\/en\/contacts\/"]}]},{"@type":"BreadcrumbList","@id":"https:\/\/www.ramunes.lt\/en\/contacts\/#breadcrumb","itemListElement":[{"@type":"ListItem","position":1,"name":"Home","item":"https:\/\/www.ramunes.lt\/en\/"},{"@type":"ListItem","position":2,"name":"Contacts"}]},{"@type":"WebSite","@id":"https:\/\/www.ramunes.lt\/en\/#website","url":"https:\/\/www.ramunes.lt\/en\/","name":"Ramunes.lt- G\u0117li\u0173 pristatymas Vilniuje","description":"","potentialAction":[{"@type":"SearchAction","target":{"@type":"EntryPoint","urlTemplate":"https:\/\/www.ramunes.lt\/en\/?s={search_term_string}"},"query-input":{"@type":"PropertyValueSpecification","valueRequired":true,"valueName":"search_term_string"}}],"inLanguage":"en-US"}]}},"new_scheduled_revision":null,"save_as_revision":null,"_links":{"self":[{"href":"https:\/\/www.ramunes.lt\/en\/wp-json\/wp\/v2\/pages\/7675","targetHints":{"allow":["GET"]}}],"collection":[{"href":"https:\/\/www.ramunes.lt\/en\/wp-json\/wp\/v2\/pages"}],"about":[{"href":"https:\/\/www.ramunes.lt\/en\/wp-json\/wp\/v2\/types\/page"}],"author":[{"embeddable":true,"href":"https:\/\/www.ramunes.lt\/en\/wp-json\/wp\/v2\/users\/1"}],"replies":[{"embeddable":true,"href":"https:\/\/www.ramunes.lt\/en\/wp-json\/wp\/v2\/comments?post=7675"}],"version-history":[{"count":7,"href":"https:\/\/www.ramunes.lt\/en\/wp-json\/wp\/v2\/pages\/7675\/revisions"}],"predecessor-version":[{"id":11506,"href":"https:\/\/www.ramunes.lt\/en\/wp-json\/wp\/v2\/pages\/7675\/revisions\/11506"}],"wp:attachment":[{"href":"https:\/\/www.ramunes.lt\/en\/wp-json\/wp\/v2\/media?parent=7675"}],"curies":[{"name":"wp","href":"https:\/\/api.w.org\/{rel}","templated":true}]}}